{"id":2063,"date":"2017-07-15T00:35:48","date_gmt":"2017-07-14T21:35:48","guid":{"rendered":"https:\/\/agria-zenithcropsciences.com\/%d0%b8%d0%bd%d1%82%d0%b5%d0%b3%d1%80%d0%b8%d1%80%d0%b0%d0%bd%d0%b0-%d1%81%d0%b8%d1%81%d1%82%d0%b5%d0%bc%d0%b0-%d0%b7%d0%b0-%d1%83%d0%bf%d1%80%d0%b0%d0%b2%d0%bb%d0%b5%d0%bd%d0%b8%d0%b5\/"},"modified":"2025-01-07T09:48:35","modified_gmt":"2025-01-07T07:48:35","slug":"sistema-de-gestion-integrado","status":"publish","type":"page","link":"https:\/\/agria-zenithcropsciences.com\/es\/sistema-de-gestion-integrado\/","title":{"rendered":"Sistema de gesti\u00f3n integrado"},"content":{"rendered":"<div class=\"wpb-content-wrapper\"><p>[vc_row][vc_column width=\u00bb1\/2&#8243;]\t<style>\r\n\t\t\t\t.porto-content-box5870faa2367624c8a00eb588e1745294 .featured-box .icon-featured {\r\n\t\t\t\t\t\t\t\t\tcolor: #0eb200;\r\n\t\t\t\t\t\t\t\t\t\t\t\t\t\t\t}\r\n\t\t\t\t<\/style>\r\n\t<div class=\"porto-content-box featured-boxes wpb_content_element  porto-content-box5870faa2367624c8a00eb588e1745294 featured-boxes-style-5\"><div class=\"featured-box featured-box-effect-4 align-center\" style=\"\"><div class=\"box-content\" style=\"\"><i class=\"icon-featured fa fa-certificate text-color-primary\"><\/i>[vc_custom_heading text=\u00bbSistema de Gesti\u00f3n de Calidad\u00bb font_container=\u00bbtag:h2|font_size:25px|text_align:center\u00bb use_theme_fonts=\u00bbyes\u00bb link=\u00bb|||\u00bb][vc_column_text]La primera auditor\u00eda de certificaci\u00f3n bajo la norma ISO 9001: 2000 se ha llevao a cabo en 2005. En 2009 la planta fue certificado en la nueva versi\u00f3n de la norma ISO 9001: 2008 Se ha emitido un Certificao actual bajo \u2116\u00a0 2005 \/ 25300.7 del 03\/07\/2017, con una validez de hasta el 14.09. 2018. El alcance incluye la producci\u00f3n de biocidas.[\/vc_column_text]<\/div><\/div><\/div>[\/vc_column][vc_column width=\u00bb1\/2&#8243;]\t<style>\r\n\t\t\t\t.porto-content-box5870faa2367624c8a00eb588e1745294 .featured-box .icon-featured {\r\n\t\t\t\t\t\t\t\t\tcolor: #0eb200;\r\n\t\t\t\t\t\t\t\t\t\t\t\t\t\t\t}\r\n\t\t\t\t<\/style>\r\n\t<div class=\"porto-content-box featured-boxes wpb_content_element  porto-content-box5870faa2367624c8a00eb588e1745294 featured-boxes-style-5\"><div class=\"featured-box featured-box-effect-4 align-center\" style=\"\"><div class=\"box-content\" style=\"\"><i class=\"icon-featured fa fa-certificate text-color-primary\"><\/i>[vc_custom_heading text=\u00bbSistema de Gesti\u00f3n Ambiental\u00bb font_container=\u00bbtag:h2|font_size:25px|text_align:center\u00bb use_theme_fonts=\u00bbyes\u00bb link=\u00bb|||\u00bb][vc_column_text]La primera auditor\u00eda de certificaci\u00f3n bajo la norma ISO 14001: 2004 se ha llevao a cabo en 2010. Certificado \u2116 2010 \/ 37474a ha sido emitido el 10.05.2011, v\u00e1lido hasta el 17.06.2013. Se ha emitido un certificado actual \u2116 2010 \/ 37474.4 del 20.06.2016, con una vigencia hasta el 14.09.2018. El alcance incluye la producci\u00f3n de biocidas.[\/vc_column_text]<\/div><\/div><\/div>[\/vc_column][\/vc_row][vc_row][vc_column]\t<style>\r\n\t\t\t\t.porto-content-box5870faa2367624c8a00eb588e1745294 .featured-box .icon-featured {\r\n\t\t\t\t\t\t\t\t\tcolor: #0eb200;\r\n\t\t\t\t\t\t\t\t\t\t\t\t\t\t\t}\r\n\t\t\t\t<\/style>\r\n\t<div class=\"porto-content-box featured-boxes wpb_content_element  porto-content-box5870faa2367624c8a00eb588e1745294 featured-boxes-style-5\"><div class=\"featured-box featured-box-effect-4 align-center\" style=\"\"><div class=\"box-content\" style=\"\"><i class=\"icon-featured fa fa-certificate text-color-primary\"><\/i>[vc_custom_heading text=\u00bbSistema de Gesti\u00f3n de Salud y Seguridad en el Trabajo\u00bb font_container=\u00bbtag:h2|font_size:25px|text_align:center\u00bb use_theme_fonts=\u00bbyes\u00bb link=\u00bb|||\u00bb][vc_column_text]Primera auditor\u00eda de certificaci\u00f3n bajo la certificaci\u00f3n OHSAS 18001: 2007 es en 2010. Certificado \u2116 2010 \/ 37473a publicado el 10.05.2011, v\u00e1lido hasta 17.06.2013. Ha sido emitido un certificado actual \u2116 2010 \/ 37473.4 del 20.06.2016, con una vigencia hasta el 20.06.2019. El alcance incluye la producci\u00f3n de biocidas.[\/vc_column_text]<\/div><\/div><\/div>[\/vc_column][\/vc_row][vc_row][vc_column]\t<style>\r\n\t\t\t\t.porto-content-box5870faa2367624c8a00eb588e1745294 .featured-box .icon-featured {\r\n\t\t\t\t\t\t\t\t\tcolor: #0eb200;\r\n\t\t\t\t\t\t\t\t\t\t\t\t\t\t\t}\r\n\t\t\t\t<\/style>\r\n\t<div class=\"porto-content-box featured-boxes wpb_content_element  porto-content-box5870faa2367624c8a00eb588e1745294 featured-boxes-style-5\"><div class=\"featured-box featured-box-effect-4 align-center\" style=\"\"><div class=\"box-content\" style=\"\"><i class=\"icon-featured fa fa-file-pdf-o text-color-primary\"><\/i>[vc_custom_heading text=\u00bbPol\u00edticas de calidad\u00bb font_container=\u00bbtag:h2|font_size:25px|text_align:center\u00bb use_theme_fonts=\u00bbyes\u00bb link=\u00bb|||\u00bb][vc_btn title=\u00bbDeclaraci\u00f3n de la direcci\u00f3n de \u00abAgria\u00ab S.A., la ciudad de Plovdiv, sobre las pol\u00edticas y objetivos de calidad, el medio ambiente y la salud y seguridad en el trabajo\u00bb link=\u00bburl:https%3A%2F%2Fagria-zenithcropsciences.com%2Fwp-content%2Fuploads%2F2019%2F05%2FDeclaracion_ES_2019.pdf||target:%20_blank|\u00bb][vc_btn title=\u00bbCertificado ISO 9001: 2015&#8243; link=\u00bburl:https%3A%2F%2Fagria-zenithcropsciences.com%2Fwp-content%2Fuploads%2F2022%2F07%2FCertificate-BG002485-9%D0%BA-%D0%95N_compressed.pdf||target:%20_blank|\u00bb][vc_btn title=\u00bbCertificado ISO 14001: 2015&#8243; link=\u00bburl:https%3A%2F%2Fagria-zenithcropsciences.com%2Fwp-content%2Fuploads%2F2019%2F07%2FISO-14001.pdf||target:%20_blank|\u00bb][vc_btn title=\u00bbCertificado ISO 45001 : 2018&#8243; link=\u00bburl:https%3A%2F%2Fagria-zenithcropsciences.com%2Fwp-content%2Fuploads%2F2019%2F07%2FISO-45001.pdf||target:%20_blank|\u00bb][vc_btn title=\u00bbC\u00f3digo \u00c9tico de Conducta\u00bb link=\u00bburl:https%3A%2F%2Fagria-zenithcropsciences.com%2Fwp-content%2Fuploads%2F2025%2F01%2FCodigo-Etico-de-Conducta.pdf|title:C%C3%B3digo%20%C3%89tico%20de%20Conducta|target:_blank\u00bb]<\/div><\/div><\/div>[\/vc_column][\/vc_row]<\/p>\n<\/div>","protected":false},"excerpt":{"rendered":"<p>[vc_row][vc_column width=\u00bb1\/2&#8243;][\/vc_column][vc_column width=\u00bb1\/2&#8243;][\/vc_column][\/vc_row][vc_row][vc_column][\/vc_column][\/vc_row][vc_row][vc_column][\/vc_column][\/vc_row]<\/p>\n","protected":false},"author":3,"featured_media":0,"parent":0,"menu_order":0,"comment_status":"closed","ping_status":"closed","template":"","meta":{"footnotes":""},"class_list":["post-2063","page","type-page","status-publish","hentry"],"_links":{"self":[{"href":"https:\/\/agria-zenithcropsciences.com\/es\/wp-json\/wp\/v2\/pages\/2063","targetHints":{"allow":["GET"]}}],"collection":[{"href":"https:\/\/agria-zenithcropsciences.com\/es\/wp-json\/wp\/v2\/pages"}],"about":[{"href":"https:\/\/agria-zenithcropsciences.com\/es\/wp-json\/wp\/v2\/types\/page"}],"author":[{"embeddable":true,"href":"https:\/\/agria-zenithcropsciences.com\/es\/wp-json\/wp\/v2\/users\/3"}],"replies":[{"embeddable":true,"href":"https:\/\/agria-zenithcropsciences.com\/es\/wp-json\/wp\/v2\/comments?post=2063"}],"version-history":[{"count":9,"href":"https:\/\/agria-zenithcropsciences.com\/es\/wp-json\/wp\/v2\/pages\/2063\/revisions"}],"predecessor-version":[{"id":8663,"href":"https:\/\/agria-zenithcropsciences.com\/es\/wp-json\/wp\/v2\/pages\/2063\/revisions\/8663"}],"wp:attachment":[{"href":"https:\/\/agria-zenithcropsciences.com\/es\/wp-json\/wp\/v2\/media?parent=2063"}],"curies":[{"name":"wp","href":"https:\/\/api.w.org\/{rel}","templated":true}]}}