{"id":2066,"date":"2017-07-16T11:19:08","date_gmt":"2017-07-16T08:19:08","guid":{"rendered":"https:\/\/agria-zenithcropsciences.com\/%d1%81%d0%b5%d0%b2%d0%b5%d0%b7%d0%be\/"},"modified":"2017-11-10T13:40:22","modified_gmt":"2017-11-10T11:40:22","slug":"seveso","status":"publish","type":"page","link":"https:\/\/agria-zenithcropsciences.com\/es\/seveso\/","title":{"rendered":"SEVESO II"},"content":{"rendered":"<div class=\"wpb-content-wrapper\"><p>[vc_row full_width=\u00bbstretch_row\u00bb css=\u00bb.vc_custom_1505302179407{padding-top: 60px !important;padding-bottom: 60px !important;background-image: url(https:\/\/agria-zenithcropsciences.com\/wp-content\/uploads\/2017\/07\/seveso.jpg?id=1022) !important;background-position: center !important;background-repeat: no-repeat !important;background-size: cover !important;}\u00bb][vc_column]<div id=\"ultimate-heading-556269de2f97240a9\" class=\"uvc-heading ult-adjust-bottom-margin ultimate-heading-556269de2f97240a9 uvc-6222 \" data-hspacer=\"line_with_icon\" data-hline_width=\"150\" data-hicon_type=\"selector\" data-hborder_style=\"solid\" data-hborder_height=\"1\" data-hborder_color=\"rgba(206,206,206,0.39)\" data-icon_width=\"14\" data-hfixer=\"10\"  data-halign=\"center\" style=\"text-align:center\"><div class=\"uvc-main-heading ult-responsive\"  data-ultimate-target='.uvc-heading.ultimate-heading-556269de2f97240a9 h1'  data-responsive-json-new='{\"font-size\":\"desktop:30px;\",\"line-height\":\"\"}' ><h1 style=\"font-weight:normal;color:#ffffff;\">SEVESO II<\/h1><\/div><div class=\"uvc-heading-spacer line_with_icon\" style=\"topheight:14px;\"><div class=\"ult-just-icon-wrapper  \"><div class=\"align-icon\" style=\"text-align:center;\">\n<div class=\"aio-icon none \"  style=\"color:rgba(242,242,242,0.52);font-size:14px;display:inline-block;\">\n\t<i class=\"Defaults-certificate\"><\/i>\n<\/div><\/div><\/div><\/div><\/div>[\/vc_column][\/vc_row][vc_row][vc_column][vc_column_text]En 2007, en virtud del art. 104 de la Ley de Protecci\u00f3n del Medio Ambiente (LPME), la Compa\u00f1\u00eda adquiere la Licencia de Operaci\u00f3n No 39\/2007. La autorizaci\u00f3n est\u00e1 directamente relacionadd con la Directiva Europea 2003\/105 \/ CE (conocida como SEVESO II) para la prevenci\u00f3n de accidentes graves con sustancias peligrosas y limitando sus consecuencias.<\/p>\n<p>La autorizaci\u00f3n especifica las condiciones necesarias que deben seguirse, cubriendo principalmente las medidas preventivas y el control sobre el proceso de producci\u00f3n, documentando y analizando los datos de su propio monitoreo.<\/p>\n<p>Cada a\u00f1ose procede a:[\/vc_column_text]<div class=\"smile_icon_list_wrap ult_info_list_container ult-adjust-bottom-margin  \"><ul class=\"smile_icon_list left square with_bg\"><li class=\"icon_list_item\" style=\" font-size:54px;\"><div class=\"icon_list_icon\" data-animation=\"\" data-animation-delay=\"03\" style=\"font-size:18px;border-width:1px;border-style:solid;background:#ffffff;color:#11ac00;border-color:#11ac00;\"><i class=\"Defaults-check\" ><\/i><\/div><div class=\"icon_description\" id=\"Info-list-wrap-2287\" style=\"font-size:18px;\"><h3 class=\"ult-responsive info-list-heading\"  data-ultimate-target='#Info-list-wrap-2287 h3'  data-responsive-json-new='{\"font-size\":\"desktop:16px;\",\"line-height\":\"desktop:24px;\"}'  style=\"\">Evaluaci\u00f3n del estado de las instalaciones, equipamientos, aparatos y tuber\u00edas;<\/h3><div class=\"icon_description_text ult-responsive\"  data-ultimate-target='#Info-list-wrap-2287 .icon_description_text'  data-responsive-json-new='{\"font-size\":\"desktop:13px;\",\"line-height\":\"desktop:18px;\"}'  style=\"\"><\/div><\/div><div class=\"icon_list_connector\"  style=\"border-right-width: 1px;border-right-style: dashed;border-color: #333333;\"><\/div><\/li><li class=\"icon_list_item\" style=\" font-size:54px;\"><div class=\"icon_list_icon\" data-animation=\"\" data-animation-delay=\"03\" style=\"font-size:18px;border-width:1px;border-style:solid;background:#ffffff;color:#11ac00;border-color:#11ac00;\"><i class=\"Defaults-check\" ><\/i><\/div><div class=\"icon_description\" id=\"Info-list-wrap-9115\" style=\"font-size:18px;\"><h3 class=\"ult-responsive info-list-heading\"  data-ultimate-target='#Info-list-wrap-9115 h3'  data-responsive-json-new='{\"font-size\":\"desktop:16px;\",\"line-height\":\"desktop:24px;\"}'  style=\"\">Evaluaci\u00f3n del estado del sistema de gesti\u00f3n de la seguridad operacional \u2013 una revisi\u00f3n de la estructura organizativa, los procedimientos y recursos disponibles para la explotaci\u00f3n segura de las instalaciones, equipamientos, aparatos y redes de tuber\u00edas;<\/h3><div class=\"icon_description_text ult-responsive\"  data-ultimate-target='#Info-list-wrap-9115 .icon_description_text'  data-responsive-json-new='{\"font-size\":\"desktop:13px;\",\"line-height\":\"desktop:18px;\"}'  style=\"\"><\/div><\/div><div class=\"icon_list_connector\"  style=\"border-right-width: 1px;border-right-style: dashed;border-color: #333333;\"><\/div><\/li><li class=\"icon_list_item\" style=\" font-size:54px;\"><div class=\"icon_list_icon\" data-animation=\"\" data-animation-delay=\"03\" style=\"font-size:18px;border-width:1px;border-style:solid;background:#ffffff;color:#11ac00;border-color:#11ac00;\"><i class=\"Defaults-check\" ><\/i><\/div><div class=\"icon_description\" id=\"Info-list-wrap-1734\" style=\"font-size:18px;\"><h3 class=\"ult-responsive info-list-heading\"  data-ultimate-target='#Info-list-wrap-1734 h3'  data-responsive-json-new='{\"font-size\":\"desktop:16px;\",\"line-height\":\"desktop:24px;\"}'  style=\"\">Analizar la eficacia de los m\u00e9todos de auditor\u00eda y actualizar el Sistema de Gesti\u00f3n de la Seguridad;<\/h3><div class=\"icon_description_text ult-responsive\"  data-ultimate-target='#Info-list-wrap-1734 .icon_description_text'  data-responsive-json-new='{\"font-size\":\"desktop:13px;\",\"line-height\":\"desktop:18px;\"}'  style=\"\"><\/div><\/div><div class=\"icon_list_connector\"  style=\"border-right-width: 1px;border-right-style: dashed;border-color: #333333;\"><\/div><\/li><li class=\"icon_list_item\" style=\" font-size:54px;\"><div class=\"icon_list_icon\" data-animation=\"\" data-animation-delay=\"03\" style=\"font-size:18px;border-width:1px;border-style:solid;background:#ffffff;color:#11ac00;border-color:#11ac00;\"><i class=\"Defaults-check\" ><\/i><\/div><div class=\"icon_description\" id=\"Info-list-wrap-9350\" style=\"font-size:18px;\"><h3 class=\"ult-responsive info-list-heading\"  data-ultimate-target='#Info-list-wrap-9350 h3'  data-responsive-json-new='{\"font-size\":\"desktop:16px;\",\"line-height\":\"desktop:24px;\"}'  style=\"\">Sistema de monitoreo correctivo - Establecer e implementar procedimientos para reportar accidentes o aver\u00edas tecnol\u00f3gicas, establecer causas y corregir el sistema de gesti\u00f3n de seguridad.<\/h3><div class=\"icon_description_text ult-responsive\"  data-ultimate-target='#Info-list-wrap-9350 .icon_description_text'  data-responsive-json-new='{\"font-size\":\"desktop:13px;\",\"line-height\":\"desktop:18px;\"}'  style=\"\"><\/div><\/div><div class=\"icon_list_connector\"  style=\"border-right-width: 1px;border-right-style: dashed;border-color: #333333;\"><\/div><\/li><\/ul><\/div>[\/vc_column][\/vc_row]<\/p>\n<\/div>","protected":false},"excerpt":{"rendered":"<p>[vc_row full_width=\u00bbstretch_row\u00bb css=\u00bb.vc_custom_1505302179407{padding-top: 60px !important;padding-bottom: 60px !important;background-image: url(https:\/\/agria-zenithcropsciences.com\/wp-content\/uploads\/2017\/07\/seveso.jpg?id=1022) !important;background-position: center !important;background-repeat: no-repeat !important;background-size: cover !important;}\u00bb][vc_column][\/vc_column][\/vc_row][vc_row][vc_column][vc_column_text]En 2007, en virtud del art. 104 de la Ley de Protecci\u00f3n del Medio Ambiente (LPME), la Compa\u00f1\u00eda adquiere la Licencia de Operaci\u00f3n No 39\/2007. La autorizaci\u00f3n est\u00e1 directamente relacionadd con la Directiva Europea 2003\/105 \/ CE (conocida como SEVESO II) [&hellip;]<\/p>\n","protected":false},"author":3,"featured_media":0,"parent":0,"menu_order":0,"comment_status":"closed","ping_status":"closed","template":"","meta":{"footnotes":""},"class_list":["post-2066","page","type-page","status-publish","hentry"],"_links":{"self":[{"href":"https:\/\/agria-zenithcropsciences.com\/es\/wp-json\/wp\/v2\/pages\/2066","targetHints":{"allow":["GET"]}}],"collection":[{"href":"https:\/\/agria-zenithcropsciences.com\/es\/wp-json\/wp\/v2\/pages"}],"about":[{"href":"https:\/\/agria-zenithcropsciences.com\/es\/wp-json\/wp\/v2\/types\/page"}],"author":[{"embeddable":true,"href":"https:\/\/agria-zenithcropsciences.com\/es\/wp-json\/wp\/v2\/users\/3"}],"replies":[{"embeddable":true,"href":"https:\/\/agria-zenithcropsciences.com\/es\/wp-json\/wp\/v2\/comments?post=2066"}],"version-history":[{"count":3,"href":"https:\/\/agria-zenithcropsciences.com\/es\/wp-json\/wp\/v2\/pages\/2066\/revisions"}],"predecessor-version":[{"id":2264,"href":"https:\/\/agria-zenithcropsciences.com\/es\/wp-json\/wp\/v2\/pages\/2066\/revisions\/2264"}],"wp:attachment":[{"href":"https:\/\/agria-zenithcropsciences.com\/es\/wp-json\/wp\/v2\/media?parent=2066"}],"curies":[{"name":"wp","href":"https:\/\/api.w.org\/{rel}","templated":true}]}}