{"id":2070,"date":"2017-07-17T00:07:03","date_gmt":"2017-07-16T21:07:03","guid":{"rendered":"https:\/\/agria-zenithcropsciences.com\/%d0%be%d1%82%d0%b3%d0%be%d0%b2%d0%be%d1%80%d0%bd%d0%be%d1%81%d1%82-%d0%b8-%d0%b3%d1%80%d0%b8%d0%b6%d0%b0\/"},"modified":"2017-11-06T15:10:10","modified_gmt":"2017-11-06T13:10:10","slug":"responsabilidad-y-cuidado","status":"publish","type":"page","link":"https:\/\/agria-zenithcropsciences.com\/es\/responsabilidad-y-cuidado\/","title":{"rendered":"Responsabilidad y cuidado"},"content":{"rendered":"<div class=\"wpb-content-wrapper\"><p>[vc_row full_width=\u00bbstretch_row\u00bb css=\u00bb.vc_custom_1500241314807{padding-top: 60px !important;padding-bottom: 60px !important;background-image: url(https:\/\/agria-zenithcropsciences.com\/wp-content\/uploads\/2017\/07\/grija.jpg?id=1100) !important;background-position: center !important;background-repeat: no-repeat !important;background-size: cover !important;}\u00bb][vc_column]<div id=\"ultimate-heading-473269dfcdbd2cd5b\" class=\"uvc-heading ult-adjust-bottom-margin ultimate-heading-473269dfcdbd2cd5b uvc-4695 \" data-hspacer=\"line_with_icon\" data-hline_width=\"150\" data-hicon_type=\"selector\" data-hborder_style=\"solid\" data-hborder_height=\"1\" data-hborder_color=\"rgba(206,206,206,0.39)\" data-icon_width=\"14\" data-hfixer=\"10\"  data-halign=\"center\" style=\"text-align:center\"><div class=\"uvc-main-heading ult-responsive\"  data-ultimate-target='.uvc-heading.ultimate-heading-473269dfcdbd2cd5b h1'  data-responsive-json-new='{\"font-size\":\"desktop:30px;\",\"line-height\":\"\"}' ><h1 style=\"font-weight:normal;color:#ffffff;\">Responsabilidad y cuidado<\/h1><\/div><div class=\"uvc-heading-spacer line_with_icon\" style=\"topheight:14px;\"><div class=\"ult-just-icon-wrapper  \"><div class=\"align-icon\" style=\"text-align:center;\">\n<div class=\"aio-icon none \"  style=\"color:rgba(242,242,242,0.52);font-size:14px;display:inline-block;\">\n\t<i class=\"Defaults-certificate\"><\/i>\n<\/div><\/div><\/div><\/div><\/div>[\/vc_column][\/vc_row][vc_row][vc_column][vc_column_text]RESPONSABLE CARE representa una contribuci\u00f3n significativa de la industria qu\u00edmica para el desarrollo sostenible &#8211; un acuerdo global de los Estados miembros de la ONU.<br \/>\nDespu\u00e9s la iniciaci\u00f3n de RESPONSIBLE CARE en Canad\u00e1 en 1984 (que comenz\u00f3 como un compromiso para proteger el medio ambiente del riesgo de la transformaci\u00f3n masiva de madera para pulpa) en los EE.UU. en 1988, Gran Breta\u00f1a en 1989, muy  extenso en Europa desde 1990, hoy en d\u00eda es una iniciativa que siguen desarrollando las asociaciones qu\u00edmicas en 53 pa\u00edses en el mundo entero.<\/p>\n<p>AGRIA SA como empresa de comercializaci\u00f3n de productos qu\u00edmicos se incluye en la iniciativa en 2004 y se compromete a actuar para:[\/vc_column_text][\/vc_column][\/vc_row][vc_row][vc_column width=\u00bb3\/4&#8243;]<div class=\"uavc-list-icon uavc-list-icon-wrapper ult-adjust-bottom-margin   \"><ul class=\"uavc-list\"><li><div class=\"uavc-list-content\" id=\"list-icon-wrap-7424\">\n<div class=\"uavc-list-icon  \" data-animation=\"\" data-animation-delay=\"03\" style=\"margin-right:8px;\"><div class=\"ult-just-icon-wrapper  \"><div class=\"align-icon\" style=\"text-align:center;\">\n<div class=\"aio-icon square \"  style=\"color:#008736;background:rgba(203,214,203,0.45);font-size:12px;display:inline-block;\">\n\t<i class=\"Defaults-check\"><\/i>\n<\/div><\/div><\/div>\n<\/div><span  data-ultimate-target='#list-icon-wrap-7424 .uavc-list-desc'  data-responsive-json-new='{\"font-size\":\"\",\"line-height\":\"\"}'  class=\"uavc-list-desc ult-responsive\" style=\"\">La mejora continua del cuidado para la seguridad, la salud y el medio ambiente y la calidad de su tecnolog\u00eda, los procesos y los productos durante todo su ciclo de vida, con el fin de reducir o eliminar por completo el peligro para los seres humanos y el medio ambiente;<\/span><\/div><\/li><li><div class=\"uavc-list-content\" id=\"list-icon-wrap-5069\">\n<div class=\"uavc-list-icon  \" data-animation=\"\" data-animation-delay=\"03\" style=\"margin-right:8px;\"><div class=\"ult-just-icon-wrapper  \"><div class=\"align-icon\" style=\"text-align:center;\">\n<div class=\"aio-icon square \"  style=\"color:#008736;background:rgba(203,214,203,0.45);font-size:12px;display:inline-block;\">\n\t<i class=\"Defaults-check\"><\/i>\n<\/div><\/div><\/div>\n<\/div><span  data-ultimate-target='#list-icon-wrap-5069 .uavc-list-desc'  data-responsive-json-new='{\"font-size\":\"\",\"line-height\":\"\"}'  class=\"uavc-list-desc ult-responsive\" style=\"\">La mejora continua del cuidado para la seguridad, la salud y el medio ambiente y la calidad de su tecnolog\u00eda, los procesos y los productos durante todo su ciclo de vida, con el fin de reducir o eliminar por completo el peligro para los seres humanos y el medio ambiente;<\/span><\/div><\/li><li><div class=\"uavc-list-content\" id=\"list-icon-wrap-3682\">\n<div class=\"uavc-list-icon  \" data-animation=\"\" data-animation-delay=\"03\" style=\"margin-right:8px;\"><div class=\"ult-just-icon-wrapper  \"><div class=\"align-icon\" style=\"text-align:center;\">\n<div class=\"aio-icon square \"  style=\"color:#008736;background:rgba(203,214,203,0.45);font-size:12px;display:inline-block;\">\n\t<i class=\"Defaults-check\"><\/i>\n<\/div><\/div><\/div>\n<\/div><span  data-ultimate-target='#list-icon-wrap-3682 .uavc-list-desc'  data-responsive-json-new='{\"font-size\":\"\",\"line-height\":\"\"}'  class=\"uavc-list-desc ult-responsive\" style=\"\">Informar abiertamente al p\u00fablico sobre las caracter\u00edsticas, los logros y los riesgos asociados a los procesos y productos de producci\u00f3n;<\/span><\/div><\/li><li><div class=\"uavc-list-content\" id=\"list-icon-wrap-1512\">\n<div class=\"uavc-list-icon  \" data-animation=\"\" data-animation-delay=\"03\" style=\"margin-right:8px;\"><div class=\"ult-just-icon-wrapper  \"><div class=\"align-icon\" style=\"text-align:center;\">\n<div class=\"aio-icon square \"  style=\"color:#008736;background:rgba(203,214,203,0.45);font-size:12px;display:inline-block;\">\n\t<i class=\"Defaults-check\"><\/i>\n<\/div><\/div><\/div>\n<\/div><span  data-ultimate-target='#list-icon-wrap-1512 .uavc-list-desc'  data-responsive-json-new='{\"font-size\":\"\",\"line-height\":\"\"}'  class=\"uavc-list-desc ult-responsive\" style=\"\">Colaboraci\u00f3n con organizaciones gubernamentales y no gubernamentales en la elaboraci\u00f3n y aplicaci\u00f3n de legislaci\u00f3n y normas eficaces;<\/span><\/div><\/li><li><div class=\"uavc-list-content\" id=\"list-icon-wrap-9880\">\n<div class=\"uavc-list-icon  \" data-animation=\"\" data-animation-delay=\"03\" style=\"margin-right:8px;\"><div class=\"ult-just-icon-wrapper  \"><div class=\"align-icon\" style=\"text-align:center;\">\n<div class=\"aio-icon square \"  style=\"color:#008736;background:rgba(203,214,203,0.45);font-size:12px;display:inline-block;\">\n\t<i class=\"Defaults-check\"><\/i>\n<\/div><\/div><\/div>\n<\/div><span  data-ultimate-target='#list-icon-wrap-9880 .uavc-list-desc'  data-responsive-json-new='{\"font-size\":\"\",\"line-height\":\"\"}'  class=\"uavc-list-desc ult-responsive\" style=\"\">Proporcionar ayuda y asesoramiento para promover la gesti\u00f3n responsable de productos qu\u00edmicos en toda la cadena de consumo.<\/span><\/div><\/li><\/ul><\/div>[\/vc_column][vc_column width=\u00bb1\/4&#8243;][vc_single_image image=\u00bb1092&#8243; img_size=\u00bbfull\u00bb][\/vc_column][\/vc_row][vc_row][vc_column][vc_column_text]La pol\u00edtica de Agria SA bajo la iniciativa \u201dResponsabilidad y Atenci\u00f3n\u201d es un compromiso para mejorar continuamente la salud, la seguridad del personal y la protecci\u00f3n del medio ambiente.<\/p>\n<p>RESPONSABLE CARE es tanto la \u00e9tica y el compromiso encaminados a fomentar la confianza en la industria, que a trav\u00e9s de su producci\u00f3n contribuye a elevar el nivel y la calidad de vida. [\/vc_column_text][\/vc_column][\/vc_row]<\/p>\n<\/div>","protected":false},"excerpt":{"rendered":"<p>[vc_row full_width=\u00bbstretch_row\u00bb css=\u00bb.vc_custom_1500241314807{padding-top: 60px !important;padding-bottom: 60px !important;background-image: url(https:\/\/agria-zenithcropsciences.com\/wp-content\/uploads\/2017\/07\/grija.jpg?id=1100) !important;background-position: center !important;background-repeat: no-repeat !important;background-size: cover !important;}\u00bb][vc_column][\/vc_column][\/vc_row][vc_row][vc_column][vc_column_text]RESPONSABLE CARE representa una contribuci\u00f3n significativa de la industria qu\u00edmica para el desarrollo sostenible &#8211; un acuerdo global de los Estados miembros de la ONU. Despu\u00e9s la iniciaci\u00f3n de RESPONSIBLE CARE en Canad\u00e1 en 1984 (que comenz\u00f3 como un compromiso para [&hellip;]<\/p>\n","protected":false},"author":3,"featured_media":0,"parent":0,"menu_order":0,"comment_status":"closed","ping_status":"closed","template":"","meta":{"footnotes":""},"class_list":["post-2070","page","type-page","status-publish","hentry"],"_links":{"self":[{"href":"https:\/\/agria-zenithcropsciences.com\/es\/wp-json\/wp\/v2\/pages\/2070","targetHints":{"allow":["GET"]}}],"collection":[{"href":"https:\/\/agria-zenithcropsciences.com\/es\/wp-json\/wp\/v2\/pages"}],"about":[{"href":"https:\/\/agria-zenithcropsciences.com\/es\/wp-json\/wp\/v2\/types\/page"}],"author":[{"embeddable":true,"href":"https:\/\/agria-zenithcropsciences.com\/es\/wp-json\/wp\/v2\/users\/3"}],"replies":[{"embeddable":true,"href":"https:\/\/agria-zenithcropsciences.com\/es\/wp-json\/wp\/v2\/comments?post=2070"}],"version-history":[{"count":3,"href":"https:\/\/agria-zenithcropsciences.com\/es\/wp-json\/wp\/v2\/pages\/2070\/revisions"}],"predecessor-version":[{"id":2077,"href":"https:\/\/agria-zenithcropsciences.com\/es\/wp-json\/wp\/v2\/pages\/2070\/revisions\/2077"}],"wp:attachment":[{"href":"https:\/\/agria-zenithcropsciences.com\/es\/wp-json\/wp\/v2\/media?parent=2070"}],"curies":[{"name":"wp","href":"https:\/\/api.w.org\/{rel}","templated":true}]}}