{"id":2079,"date":"2017-07-16T15:50:47","date_gmt":"2017-07-16T12:50:47","guid":{"rendered":"https:\/\/agria-zenithcropsciences.com\/%d0%ba%d0%be%d0%bc%d0%bf%d0%bb%d0%b5%d0%ba%d1%81%d0%bd%d0%be-%d1%80%d0%b0%d0%b7%d1%80%d0%b5%d1%88%d0%b8%d1%82%d0%b5%d0%bb%d0%bd%d0%be\/"},"modified":"2017-11-06T15:16:17","modified_gmt":"2017-11-06T13:16:17","slug":"autorizacion-compleja","status":"publish","type":"page","link":"https:\/\/agria-zenithcropsciences.com\/es\/autorizacion-compleja\/","title":{"rendered":"Autorizaci\u00f3n compleja"},"content":{"rendered":"<div class=\"wpb-content-wrapper\"><p>[vc_row full_width=\u00bbstretch_row\u00bb css=\u00bb.vc_custom_1500223224457{padding-top: 80px !important;padding-bottom: 80px !important;background-image: url(https:\/\/agria-zenithcropsciences.com\/wp-content\/uploads\/2017\/07\/komplex-2.jpg?id=1036) !important;background-position: center !important;background-repeat: no-repeat !important;background-size: cover !important;}\u00bb][vc_column]<div id=\"ultimate-heading-147469de2f773fe4d\" class=\"uvc-heading ult-adjust-bottom-margin ultimate-heading-147469de2f773fe4d uvc-268 \" data-hspacer=\"line_with_icon\" data-hline_width=\"150\" data-hicon_type=\"selector\" data-hborder_style=\"solid\" data-hborder_height=\"1\" data-hborder_color=\"rgba(206,206,206,0.39)\" data-icon_width=\"14\" data-hfixer=\"10\"  data-halign=\"center\" style=\"text-align:center\"><div class=\"uvc-main-heading ult-responsive\"  data-ultimate-target='.uvc-heading.ultimate-heading-147469de2f773fe4d h1'  data-responsive-json-new='{\"font-size\":\"desktop:30px;\",\"line-height\":\"\"}' ><h1 style=\"font-weight:normal;color:#ffffff;\">Autorizaci\u00f3n compleja<\/h1><\/div><div class=\"uvc-heading-spacer line_with_icon\" style=\"topheight:14px;\"><div class=\"ult-just-icon-wrapper  \"><div class=\"align-icon\" style=\"text-align:center;\">\n<div class=\"aio-icon none \"  style=\"color:rgba(242,242,242,0.52);font-size:14px;display:inline-block;\">\n\t<i class=\"Defaults-certificate\"><\/i>\n<\/div><\/div><\/div><\/div><div class=\"uvc-sub-heading ult-responsive\"  data-ultimate-target='.uvc-heading.ultimate-heading-147469de2f773fe4d .uvc-sub-heading '  data-responsive-json-new='{\"font-size\":\"desktop:20px;\",\"line-height\":\"\"}'  style=\"font-weight:normal;color:#ffffff;\">para el funcionamiento de las instalaciones y equipamientos existentes<\/div><\/div>[\/vc_column][\/vc_row][vc_row][vc_column][vc_column_text]En 2004, en cumplimiento de la Directiva sobre prevenci\u00f3n integrada el y control de la contaminaci\u00f3n (IPPC Directive), AGRIA SA adquiere un Permiso Complejo para el funcionamiento de las instalaciones y equipamientos existentes, lo que garantiza:[\/vc_column_text]<div class=\"uavc-list-icon uavc-list-icon-wrapper ult-adjust-bottom-margin   \"><ul class=\"uavc-list\"><li><div class=\"uavc-list-content\" id=\"list-icon-wrap-9963\">\n<div class=\"uavc-list-icon  \" data-animation=\"\" data-animation-delay=\"03\" style=\"margin-right:8px;\"><div class=\"ult-just-icon-wrapper  \"><div class=\"align-icon\" style=\"text-align:center;\">\n<div class=\"aio-icon square \"  style=\"color:#008736;background:#cbd6cb;font-size:12px;display:inline-block;\">\n\t<i class=\"Defaults-check\"><\/i>\n<\/div><\/div><\/div>\n<\/div><span  data-ultimate-target='#list-icon-wrap-9963 .uavc-list-desc'  data-responsive-json-new='{\"font-size\":\"\",\"line-height\":\"\"}'  class=\"uavc-list-desc ult-responsive\" style=\"\">Adopci\u00f3n de todas las medidas preventivas necesarias contra la contaminaci\u00f3n ambiental y aplicaci\u00f3n de las mejores t\u00e9cnicas disponibles a los procesos de producci\u00f3n;<\/span><\/div><\/li><li><div class=\"uavc-list-content\" id=\"list-icon-wrap-2035\">\n<div class=\"uavc-list-icon  \" data-animation=\"\" data-animation-delay=\"03\" style=\"margin-right:8px;\"><div class=\"ult-just-icon-wrapper  \"><div class=\"align-icon\" style=\"text-align:center;\">\n<div class=\"aio-icon square \"  style=\"color:#008736;background:#cbd6cb;font-size:12px;display:inline-block;\">\n\t<i class=\"Defaults-check\"><\/i>\n<\/div><\/div><\/div>\n<\/div><span  data-ultimate-target='#list-icon-wrap-2035 .uavc-list-desc'  data-responsive-json-new='{\"font-size\":\"\",\"line-height\":\"\"}'  class=\"uavc-list-desc ult-responsive\" style=\"\">Evitar la contaminaci\u00f3n significativa;<\/span><\/div><\/li><li><div class=\"uavc-list-content\" id=\"list-icon-wrap-4090\">\n<div class=\"uavc-list-icon  \" data-animation=\"\" data-animation-delay=\"03\" style=\"margin-right:8px;\"><div class=\"ult-just-icon-wrapper  \"><div class=\"align-icon\" style=\"text-align:center;\">\n<div class=\"aio-icon square \"  style=\"color:#008736;background:#cbd6cb;font-size:12px;display:inline-block;\">\n\t<i class=\"Defaults-check\"><\/i>\n<\/div><\/div><\/div>\n<\/div><span  data-ultimate-target='#list-icon-wrap-4090 .uavc-list-desc'  data-responsive-json-new='{\"font-size\":\"\",\"line-height\":\"\"}'  class=\"uavc-list-desc ult-responsive\" style=\"\">Reducir la generaci\u00f3n de residuos;<\/span><\/div><\/li><li><div class=\"uavc-list-content\" id=\"list-icon-wrap-5598\">\n<div class=\"uavc-list-icon  \" data-animation=\"\" data-animation-delay=\"03\" style=\"margin-right:8px;\"><div class=\"ult-just-icon-wrapper  \"><div class=\"align-icon\" style=\"text-align:center;\">\n<div class=\"aio-icon square \"  style=\"color:#008736;background:#cbd6cb;font-size:12px;display:inline-block;\">\n\t<i class=\"Defaults-check\"><\/i>\n<\/div><\/div><\/div>\n<\/div><span  data-ultimate-target='#list-icon-wrap-5598 .uavc-list-desc'  data-responsive-json-new='{\"font-size\":\"\",\"line-height\":\"\"}'  class=\"uavc-list-desc ult-responsive\" style=\"\">Uso eficaz de insumos (incluido el agua) y una buena eficiencia energ\u00e9tica.<\/span><\/div><\/li><\/ul><\/div>[vc_column_text]El objetivo de la Directiva es lograr la prevenci\u00f3n y el control integrados de la contaminaci\u00f3n como resultado de la actividad productiva. Este acta introduce medidas espec\u00edficas destinadas a prevenir y limitar las emisiones en los componentes ambientales (aire, agua y suelo), as\u00ed como medidas relativas a los factores ambientales.[\/vc_column_text][\/vc_column][\/vc_row][vc_row][vc_column][\/vc_column][\/vc_row]<\/p>\n<\/div>","protected":false},"excerpt":{"rendered":"<p>[vc_row full_width=\u00bbstretch_row\u00bb css=\u00bb.vc_custom_1500223224457{padding-top: 80px !important;padding-bottom: 80px !important;background-image: url(https:\/\/agria-zenithcropsciences.com\/wp-content\/uploads\/2017\/07\/komplex-2.jpg?id=1036) !important;background-position: center !important;background-repeat: no-repeat !important;background-size: cover !important;}\u00bb][vc_column][\/vc_column][\/vc_row][vc_row][vc_column][vc_column_text]En 2004, en cumplimiento de la Directiva sobre prevenci\u00f3n integrada el y control de la contaminaci\u00f3n (IPPC Directive), AGRIA SA adquiere un Permiso Complejo para el funcionamiento de las instalaciones y equipamientos existentes, lo que garantiza:[\/vc_column_text][vc_column_text]El objetivo de la Directiva es [&hellip;]<\/p>\n","protected":false},"author":3,"featured_media":0,"parent":0,"menu_order":0,"comment_status":"closed","ping_status":"closed","template":"","meta":{"footnotes":""},"class_list":["post-2079","page","type-page","status-publish","hentry"],"_links":{"self":[{"href":"https:\/\/agria-zenithcropsciences.com\/es\/wp-json\/wp\/v2\/pages\/2079","targetHints":{"allow":["GET"]}}],"collection":[{"href":"https:\/\/agria-zenithcropsciences.com\/es\/wp-json\/wp\/v2\/pages"}],"about":[{"href":"https:\/\/agria-zenithcropsciences.com\/es\/wp-json\/wp\/v2\/types\/page"}],"author":[{"embeddable":true,"href":"https:\/\/agria-zenithcropsciences.com\/es\/wp-json\/wp\/v2\/users\/3"}],"replies":[{"embeddable":true,"href":"https:\/\/agria-zenithcropsciences.com\/es\/wp-json\/wp\/v2\/comments?post=2079"}],"version-history":[{"count":3,"href":"https:\/\/agria-zenithcropsciences.com\/es\/wp-json\/wp\/v2\/pages\/2079\/revisions"}],"predecessor-version":[{"id":2084,"href":"https:\/\/agria-zenithcropsciences.com\/es\/wp-json\/wp\/v2\/pages\/2079\/revisions\/2084"}],"wp:attachment":[{"href":"https:\/\/agria-zenithcropsciences.com\/es\/wp-json\/wp\/v2\/media?parent=2079"}],"curies":[{"name":"wp","href":"https:\/\/api.w.org\/{rel}","templated":true}]}}