{"id":2085,"date":"2017-07-15T16:54:11","date_gmt":"2017-07-15T13:54:11","guid":{"rendered":"https:\/\/agria-zenithcropsciences.com\/%d0%bb%d0%b0%d0%b1%d0%be%d1%80%d0%b0%d1%82%d0%be%d1%80%d0%b8%d1%8f\/"},"modified":"2022-12-14T09:36:27","modified_gmt":"2022-12-14T07:36:27","slug":"laboratorio","status":"publish","type":"page","link":"https:\/\/agria-zenithcropsciences.com\/es\/laboratorio\/","title":{"rendered":"Laboratorio de \u00abAgria\u00bb SA"},"content":{"rendered":"<div class=\"wpb-content-wrapper\"><p>[vc_row full_width=\u00bbstretch_row\u00bb css=\u00bb.vc_custom_1500128206249{padding-top: 80px !important;padding-bottom: 80px !important;background-image: url(https:\/\/agria-zenithcropsciences.com\/wp-content\/uploads\/2017\/07\/laboratory.jpg?id=1009) !important;background-position: center !important;background-repeat: no-repeat !important;background-size: cover !important;}\u00bb][vc_column 0=\u00bb\u00bb]<div id=\"ultimate-heading-429169dfcdc1d8528\" class=\"uvc-heading ult-adjust-bottom-margin ultimate-heading-429169dfcdc1d8528 uvc-5461 \" data-hspacer=\"line_with_icon\" data-hline_width=\"150\" data-hicon_type=\"selector\" data-hborder_style=\"solid\" data-hborder_height=\"1\" data-hborder_color=\"rgba(206,206,206,0.39)\" data-icon_width=\"32\" data-hfixer=\"10\"  data-halign=\"center\" style=\"text-align:center\"><div class=\"uvc-main-heading ult-responsive\"  data-ultimate-target='.uvc-heading.ultimate-heading-429169dfcdc1d8528 h1'  data-responsive-json-new='{\"font-size\":\"desktop:30px;\",\"line-height\":\"\"}' ><h1 style=\"font-weight:normal;color:#ffffff;\">\u041b\u0410\u0411\u041e\u0420\u0410\u0422\u041e\u0420\u0418\u042f<\/h1><\/div><div class=\"uvc-heading-spacer line_with_icon\" style=\"topheight:32px;\"><div class=\"ult-just-icon-wrapper  \"><div class=\"align-icon\" style=\"text-align:center;\">\n<div class=\"aio-icon none \"  style=\"color:rgba(141,166,191,0.41);font-size:32px;display:inline-block;\">\n\t<i class=\"Defaults-flask\"><\/i>\n<\/div><\/div><\/div><\/div><div class=\"uvc-sub-heading ult-responsive\"  data-ultimate-target='.uvc-heading.ultimate-heading-429169dfcdc1d8528 .uvc-sub-heading '  data-responsive-json-new='{\"font-size\":\"desktop:20px;\",\"line-height\":\"\"}'  style=\"font-weight:normal;color:#ffffff;\">Laboratorio de \u00abAgria\u00bb SA<\/div><\/div>[\/vc_column][\/vc_row][vc_row 0=\u00bb\u00bb][vc_column 0=\u00bb\u00bb][vc_column_text 0=\u00bb\u00bb]\u00bbAgria\u00bb SA tiene un moderno laboratorio acreditado por la Agencia Ejecutiva de \u00abServicio B\u00falgaro de acreditaci\u00f3n\u00bb, de acuerdo con la norma Est\u00e1ndar estatal b\u00falgaro <strong>BDS EN ISO \/ IEC 17025 : 2018<\/strong> , con el alcance de la acreditaci\u00f3n: llevar a cabo una \u00abProductos para protecci\u00f3n de las plantas:<\/p>\n<ul>\n<li>herbicidas, insecticidas, fungicidas;<\/li>\n<li>productos t\u00e9cnicos (de productos fitosanitarios);<\/li>\n<li>materias primas org\u00e1nicas e inorg\u00e1nicas para la protecci\u00f3n de las plantas y aguas residuales;<\/li>\n<\/ul>\n<p>El certificado expedido por la Agencia Ejecutiva de \u00abServicio B\u00falgaro de acreditaci\u00f3n\u00bb tiene n\u00famero de reegistro <strong>N\u043e 148 LI\/03.11.2022<\/strong>, v\u00e1lido hasta el <strong>03.11.2026<\/strong>.<\/p>\n<p>El laboratorio de pruebas de \u00abAgria\u00bb SA lleva a cabo an\u00e1lisis sobre la inspecci\u00f3n de entrada de materias primas y productos acabados, control de procesos en todas las etapas del proceso de producci\u00f3n, control de calidad del product listo, control de las aguas residuales, control anal\u00edtico de los nuevos desarrollos y an\u00e1lisis para clientes externos siguiendo una lista de precios establecida. \u00ab<a href=\"https:\/\/agria-zenithcropsciences.com\/wp-content\/uploads\/2022\/12\/Cert_17025_03.11.2022_eng.pdf\">Certificado de acreditaci\u00f3n<\/a>\u00ab<\/p>\n<\/div>","protected":false},"excerpt":{"rendered":"<p>[vc_row full_width=\u00bbstretch_row\u00bb css=\u00bb.vc_custom_1500128206249{padding-top: 80px !important;padding-bottom: 80px !important;background-image: url(https:\/\/agria-zenithcropsciences.com\/wp-content\/uploads\/2017\/07\/laboratory.jpg?id=1009) !important;background-position: center !important;background-repeat: no-repeat !important;background-size: cover !important;}\u00bb][vc_column 0=\u00bb\u00bb][\/vc_column][\/vc_row][vc_row 0=\u00bb\u00bb][vc_column 0=\u00bb\u00bb][vc_column_text 0=\u00bb\u00bb]\u00bbAgria\u00bb SA tiene un moderno laboratorio acreditado por la Agencia Ejecutiva de \u00abServicio B\u00falgaro de acreditaci\u00f3n\u00bb, de acuerdo con la norma Est\u00e1ndar estatal b\u00falgaro BDS EN ISO \/ IEC 17025 : 2018 , con el alcance de [&hellip;]<\/p>\n","protected":false},"author":3,"featured_media":0,"parent":0,"menu_order":0,"comment_status":"closed","ping_status":"closed","template":"","meta":{"footnotes":""},"class_list":["post-2085","page","type-page","status-publish","hentry"],"_links":{"self":[{"href":"https:\/\/agria-zenithcropsciences.com\/es\/wp-json\/wp\/v2\/pages\/2085","targetHints":{"allow":["GET"]}}],"collection":[{"href":"https:\/\/agria-zenithcropsciences.com\/es\/wp-json\/wp\/v2\/pages"}],"about":[{"href":"https:\/\/agria-zenithcropsciences.com\/es\/wp-json\/wp\/v2\/types\/page"}],"author":[{"embeddable":true,"href":"https:\/\/agria-zenithcropsciences.com\/es\/wp-json\/wp\/v2\/users\/3"}],"replies":[{"embeddable":true,"href":"https:\/\/agria-zenithcropsciences.com\/es\/wp-json\/wp\/v2\/comments?post=2085"}],"version-history":[{"count":14,"href":"https:\/\/agria-zenithcropsciences.com\/es\/wp-json\/wp\/v2\/pages\/2085\/revisions"}],"predecessor-version":[{"id":7700,"href":"https:\/\/agria-zenithcropsciences.com\/es\/wp-json\/wp\/v2\/pages\/2085\/revisions\/7700"}],"wp:attachment":[{"href":"https:\/\/agria-zenithcropsciences.com\/es\/wp-json\/wp\/v2\/media?parent=2085"}],"curies":[{"name":"wp","href":"https:\/\/api.w.org\/{rel}","templated":true}]}}