{"id":1930,"date":"2017-08-16T23:37:18","date_gmt":"2017-08-16T20:37:18","guid":{"rendered":"https:\/\/agria-zenithcropsciences.com\/product\/%d1%81%d1%83%d0%bf%d0%b5%d1%80-3-%d0%b4-%d0%ba%d0%b0%d0%bf%d0%b0%d0%bd-%d0%b7%d0%b0-%d0%bc%d1%83%d1%85%d0%b8\/"},"modified":"2017-11-04T00:24:20","modified_gmt":"2017-11-03T22:24:20","slug":"trampa-para-moscas-super-3-d","status":"publish","type":"product","link":"https:\/\/agria-zenithcropsciences.com\/es\/product\/trampa-para-moscas-super-3-d\/","title":{"rendered":"Trampa para moscas super 3-D"},"content":{"rendered":"","protected":false},"excerpt":{"rendered":"<p>La trampa es \u00fanica en su dise\u00f1o Super 3-D &#8211; un m\u00e9todo patentado que representa una combinaci\u00f3n de gr\u00e1ficos tridimensionales y colores fluorescentes. Es igualmente eficaz durante la luz del d\u00eda y el crep\u00fasculo, y es m\u00e1s del 60% m\u00e1s eficiente que las trampas de moscas tradicionales.<\/p>\n<p><strong>ESTE PRODUCTO ES ADECUADO PARA LAS SIGUIENTES PLAGAS:<\/strong> Moscas<\/p>\n","protected":false},"featured_media":1932,"comment_status":"open","ping_status":"closed","template":"","meta":[],"product_brand":[],"product_cat":[129],"product_tag":[],"class_list":{"0":"post-1930","1":"product","2":"type-product","3":"status-publish","4":"has-post-thumbnail","6":"product_cat-productos-ecologicos-es","8":"first","9":"instock","10":"shipping-taxable","11":"product-type-simple"},"_links":{"self":[{"href":"https:\/\/agria-zenithcropsciences.com\/es\/wp-json\/wp\/v2\/product\/1930","targetHints":{"allow":["GET"]}}],"collection":[{"href":"https:\/\/agria-zenithcropsciences.com\/es\/wp-json\/wp\/v2\/product"}],"about":[{"href":"https:\/\/agria-zenithcropsciences.com\/es\/wp-json\/wp\/v2\/types\/product"}],"replies":[{"embeddable":true,"href":"https:\/\/agria-zenithcropsciences.com\/es\/wp-json\/wp\/v2\/comments?post=1930"}],"wp:featuredmedia":[{"embeddable":true,"href":"https:\/\/agria-zenithcropsciences.com\/es\/wp-json\/wp\/v2\/media\/1932"}],"wp:attachment":[{"href":"https:\/\/agria-zenithcropsciences.com\/es\/wp-json\/wp\/v2\/media?parent=1930"}],"wp:term":[{"taxonomy":"product_brand","embeddable":true,"href":"https:\/\/agria-zenithcropsciences.com\/es\/wp-json\/wp\/v2\/product_brand?post=1930"},{"taxonomy":"product_cat","embeddable":true,"href":"https:\/\/agria-zenithcropsciences.com\/es\/wp-json\/wp\/v2\/product_cat?post=1930"},{"taxonomy":"product_tag","embeddable":true,"href":"https:\/\/agria-zenithcropsciences.com\/es\/wp-json\/wp\/v2\/product_tag?post=1930"}],"curies":[{"name":"wp","href":"https:\/\/api.w.org\/{rel}","templated":true}]}}