{"id":1934,"date":"2017-05-11T13:43:54","date_gmt":"2017-05-11T10:43:54","guid":{"rendered":"https:\/\/agria-zenithcropsciences.com\/product\/%d0%bf%d0%b5%d1%80%d0%be%d1%86%d0%b8%d0%bd-%d0%bc%d0%b0%d1%80%d0%b8%d0%bd%d0%b5\/"},"modified":"2017-11-04T00:29:29","modified_gmt":"2017-11-03T22:29:29","slug":"perozin-marine","status":"publish","type":"product","link":"https:\/\/agria-zenithcropsciences.com\/es\/product\/perozin-marine\/","title":{"rendered":"Perozin Marine"},"content":{"rendered":"","protected":false},"excerpt":{"rendered":"<p><strong>SUSTANCIAS ACTIVAS:<\/strong> Zineb, minimo 95%<br \/>\nPEROZIN MARINE se utiliza b\u00e1sicamente como un componente de pinturas para barcos como co-biocida \/ biocida de refuerzo, lo que aumenta la eficacia del biocida de base en la reducci\u00f3n de la colonizaci\u00f3n de organismos contaminantes biol\u00f3gicos en el embalaje de objetos, estructuras y recipientes sumergidos en medio marino.<\/p>\n<p>Despu\u00e9s de muchos a\u00f1os de uso PEROZIN MARINE ha demostrado ser un complemento muy eficaz al biocida b\u00e1sico para controlar el el crecimiento de microorganismos contaminantes biol\u00f3gicos. Adem\u00e1s, muchos consideran que la sustancia activa es menos da\u00f1ina para el medio ambiente que los biocidas de refuerzo alternativo.<\/p>\n","protected":false},"featured_media":1936,"comment_status":"closed","ping_status":"closed","template":"","meta":[],"product_brand":[],"product_cat":[130],"product_tag":[],"class_list":{"0":"post-1934","1":"product","2":"type-product","3":"status-publish","4":"has-post-thumbnail","6":"product_cat-algicidas-industriales-es","8":"first","9":"instock","10":"shipping-taxable","11":"product-type-simple"},"_links":{"self":[{"href":"https:\/\/agria-zenithcropsciences.com\/es\/wp-json\/wp\/v2\/product\/1934","targetHints":{"allow":["GET"]}}],"collection":[{"href":"https:\/\/agria-zenithcropsciences.com\/es\/wp-json\/wp\/v2\/product"}],"about":[{"href":"https:\/\/agria-zenithcropsciences.com\/es\/wp-json\/wp\/v2\/types\/product"}],"replies":[{"embeddable":true,"href":"https:\/\/agria-zenithcropsciences.com\/es\/wp-json\/wp\/v2\/comments?post=1934"}],"wp:featuredmedia":[{"embeddable":true,"href":"https:\/\/agria-zenithcropsciences.com\/es\/wp-json\/wp\/v2\/media\/1936"}],"wp:attachment":[{"href":"https:\/\/agria-zenithcropsciences.com\/es\/wp-json\/wp\/v2\/media?parent=1934"}],"wp:term":[{"taxonomy":"product_brand","embeddable":true,"href":"https:\/\/agria-zenithcropsciences.com\/es\/wp-json\/wp\/v2\/product_brand?post=1934"},{"taxonomy":"product_cat","embeddable":true,"href":"https:\/\/agria-zenithcropsciences.com\/es\/wp-json\/wp\/v2\/product_cat?post=1934"},{"taxonomy":"product_tag","embeddable":true,"href":"https:\/\/agria-zenithcropsciences.com\/es\/wp-json\/wp\/v2\/product_tag?post=1934"}],"curies":[{"name":"wp","href":"https:\/\/api.w.org\/{rel}","templated":true}]}}