{"id":1972,"date":"2017-08-16T00:12:00","date_gmt":"2017-08-15T21:12:00","guid":{"rendered":"https:\/\/agria-zenithcropsciences.com\/product\/%d1%80%d0%b0%d1%81%d1%82%d0%b8%d1%82%d0%b5%d0%bb%d0%bd%d0%be-%d0%b7%d0%b0%d1%89%d0%b8%d1%82%d0%bd%d0%be-%d0%bc%d0%b0%d1%81%d0%bb%d0%be-%d0%bf%d1%80%d0%b8%d0%bb%d0%b5%d0%bf%d0%b8%d1%82%d0%b5%d0%bb\/"},"modified":"2017-11-10T15:44:09","modified_gmt":"2017-11-10T13:44:09","slug":"aceite-para-proteccion-de-las-plantas-pegatina","status":"publish","type":"product","link":"https:\/\/agria-zenithcropsciences.com\/es\/product\/aceite-para-proteccion-de-las-plantas-pegatina\/","title":{"rendered":"Aceite para protecci\u00f3n de las plantas &#8211; pegatina"},"content":{"rendered":"","protected":false},"excerpt":{"rendered":"<p>El aceite vegetal est\u00e1 destinado a combatir las plagas de los cultivos de frutas, como los pulgones, los \u00e1caros y los pulgones en las hortalizas y los cultivos forestales. Un producto excelente contra los \u00e1caros.<\/p>\n<p>El aceite es un adyuvante vegetal aprobado de la ABSA.<\/p>\n<p><strong>COMPOSICI\u00d3N: <\/strong>Mezcla de aceite mineral y emulsionante no i\u00f3nico<br \/>\n<strong>CONDICIONES DE ALMACENAMIENTO:<\/strong> En envases originales, bien cerrados y etiquetados, en locales de almacenamiento ventilado, separados de insecticidas, herbicidas, piensos y productos alimenticios, inaccesibles para ni\u00f1os y forasteros, a una temperatura de 0 \u00b0 C a 30 \u00b0 C.<\/p>\n","protected":false},"featured_media":7434,"comment_status":"open","ping_status":"closed","template":"","meta":[],"product_brand":[],"product_cat":[141],"product_tag":[],"class_list":{"0":"post-1972","1":"product","2":"type-product","3":"status-publish","4":"has-post-thumbnail","6":"product_cat-adyuvantes","8":"first","9":"instock","10":"shipping-taxable","11":"product-type-simple"},"_links":{"self":[{"href":"https:\/\/agria-zenithcropsciences.com\/es\/wp-json\/wp\/v2\/product\/1972","targetHints":{"allow":["GET"]}}],"collection":[{"href":"https:\/\/agria-zenithcropsciences.com\/es\/wp-json\/wp\/v2\/product"}],"about":[{"href":"https:\/\/agria-zenithcropsciences.com\/es\/wp-json\/wp\/v2\/types\/product"}],"replies":[{"embeddable":true,"href":"https:\/\/agria-zenithcropsciences.com\/es\/wp-json\/wp\/v2\/comments?post=1972"}],"wp:featuredmedia":[{"embeddable":true,"href":"https:\/\/agria-zenithcropsciences.com\/es\/wp-json\/wp\/v2\/media\/7434"}],"wp:attachment":[{"href":"https:\/\/agria-zenithcropsciences.com\/es\/wp-json\/wp\/v2\/media?parent=1972"}],"wp:term":[{"taxonomy":"product_brand","embeddable":true,"href":"https:\/\/agria-zenithcropsciences.com\/es\/wp-json\/wp\/v2\/product_brand?post=1972"},{"taxonomy":"product_cat","embeddable":true,"href":"https:\/\/agria-zenithcropsciences.com\/es\/wp-json\/wp\/v2\/product_cat?post=1972"},{"taxonomy":"product_tag","embeddable":true,"href":"https:\/\/agria-zenithcropsciences.com\/es\/wp-json\/wp\/v2\/product_tag?post=1972"}],"curies":[{"name":"wp","href":"https:\/\/api.w.org\/{rel}","templated":true}]}}