{"id":1978,"date":"2017-08-15T23:53:34","date_gmt":"2017-08-15T20:53:34","guid":{"rendered":"https:\/\/agria-zenithcropsciences.com\/product\/%d1%82%d0%b5%d1%82%d1%80%d0%b0%d1%86%d0%b8%d0%bf-%d0%b7%d0%b0%d0%bf%d0%b8-%d0%b5%d0%ba\/"},"modified":"2017-11-04T15:12:58","modified_gmt":"2017-11-04T13:12:58","slug":"tetracip-zapi-ec","status":"publish","type":"product","link":"https:\/\/agria-zenithcropsciences.com\/es\/product\/tetracip-zapi-ec\/","title":{"rendered":"Tetracip Zapi EC"},"content":{"rendered":"","protected":false},"excerpt":{"rendered":"<p><strong>CONTENIDO:<\/strong> 8% de cipermetrina, 1% de tetrametrina, 15% de piperonil but\u00f3xido &#8211; Emulsi\u00f3n l\u00edquida concentrada en color amarillo.<br \/>\n<b>ESPECTRO DE ACCI\u00d3N: <\/b>Tetracip Zapi es extremadamente eficaz para combatir insectos rastreros (cucarachas &#8211; Dictyoptera, hormigas &#8211; Hymenoptera) y volantes (mosquitos &#8211; Diptera, avispas) en locales dom\u00e9sticos e industriales.<b><br \/>\n<\/b><\/p>\n<p><strong>FABRICANTE: <\/strong>Zapi Industries Chemica, Italia<\/p>\n<p><strong>ESTE PRODUCTO ES ADECUADO PARA LOS SIGUIENTES DA\u00d1OS:<\/strong> Cucarachas, moscas, polillas;<\/p>\n","protected":false},"featured_media":7431,"comment_status":"open","ping_status":"closed","template":"","meta":[],"product_brand":[],"product_cat":[131],"product_tag":[],"class_list":{"0":"post-1978","1":"product","2":"type-product","3":"status-publish","4":"has-post-thumbnail","6":"product_cat-insecticidas-biocidas","8":"first","9":"instock","10":"shipping-taxable","11":"product-type-simple"},"_links":{"self":[{"href":"https:\/\/agria-zenithcropsciences.com\/es\/wp-json\/wp\/v2\/product\/1978","targetHints":{"allow":["GET"]}}],"collection":[{"href":"https:\/\/agria-zenithcropsciences.com\/es\/wp-json\/wp\/v2\/product"}],"about":[{"href":"https:\/\/agria-zenithcropsciences.com\/es\/wp-json\/wp\/v2\/types\/product"}],"replies":[{"embeddable":true,"href":"https:\/\/agria-zenithcropsciences.com\/es\/wp-json\/wp\/v2\/comments?post=1978"}],"wp:featuredmedia":[{"embeddable":true,"href":"https:\/\/agria-zenithcropsciences.com\/es\/wp-json\/wp\/v2\/media\/7431"}],"wp:attachment":[{"href":"https:\/\/agria-zenithcropsciences.com\/es\/wp-json\/wp\/v2\/media?parent=1978"}],"wp:term":[{"taxonomy":"product_brand","embeddable":true,"href":"https:\/\/agria-zenithcropsciences.com\/es\/wp-json\/wp\/v2\/product_brand?post=1978"},{"taxonomy":"product_cat","embeddable":true,"href":"https:\/\/agria-zenithcropsciences.com\/es\/wp-json\/wp\/v2\/product_cat?post=1978"},{"taxonomy":"product_tag","embeddable":true,"href":"https:\/\/agria-zenithcropsciences.com\/es\/wp-json\/wp\/v2\/product_tag?post=1978"}],"curies":[{"name":"wp","href":"https:\/\/api.w.org\/{rel}","templated":true}]}}