{"id":2009,"date":"2017-08-16T23:11:37","date_gmt":"2017-08-16T20:11:37","guid":{"rendered":"https:\/\/agria-zenithcropsciences.com\/product\/muskil-pasta-fluo-np-10%d0%ba%d0%b3\/"},"modified":"2017-11-05T15:18:30","modified_gmt":"2017-11-05T13:18:30","slug":"muskil-pasta-fluo-np-10-kg","status":"publish","type":"product","link":"https:\/\/agria-zenithcropsciences.com\/es\/product\/muskil-pasta-fluo-np-10-kg\/","title":{"rendered":"Muskil pasta FLUO-NP 10 kg."},"content":{"rendered":"","protected":false},"excerpt":{"rendered":"<p><strong>MUSKIL PASTA FLUO-NP<\/strong> es un destructor de roedores listo para usar: el rat\u00f3n dom\u00e9stico y la rata gris. Se puede aplicar en y alrededor de edificios (hogares, garajes, jardines personales, etc.)<\/p>\n<p><strong>MUSKIL PASTA FLUO-NP<\/strong> es un veneno de dos componentes listo para usar en forma de pasta contra ratones y ratas grises que contiene una combinaci\u00f3n patentada de dos sustancias de segunda generaci\u00f3n, Difenacum y Bromadialone.<\/p>\n<p><strong>MUSKIL PASTA FLUO-NP<\/strong> es eficaz contra ratones y ratas despu\u00e9s de una sola dosis. La muerte del roedor ocurre varios (3-5) d\u00edas despu\u00e9s de la administraci\u00f3on, sin la sospecha del se\u00f1uelo en otros miembros de la colonia.<\/p>\n<p><strong>FABRICANTE<\/strong>: ZAPI-ITALIA<\/p>\n","protected":false},"featured_media":2010,"comment_status":"open","ping_status":"closed","template":"","meta":[],"product_brand":[],"product_cat":[132],"product_tag":[],"class_list":{"0":"post-2009","1":"product","2":"type-product","3":"status-publish","4":"has-post-thumbnail","6":"product_cat-rodenticidas-es","8":"first","9":"instock","10":"shipping-taxable","11":"product-type-simple"},"_links":{"self":[{"href":"https:\/\/agria-zenithcropsciences.com\/es\/wp-json\/wp\/v2\/product\/2009","targetHints":{"allow":["GET"]}}],"collection":[{"href":"https:\/\/agria-zenithcropsciences.com\/es\/wp-json\/wp\/v2\/product"}],"about":[{"href":"https:\/\/agria-zenithcropsciences.com\/es\/wp-json\/wp\/v2\/types\/product"}],"replies":[{"embeddable":true,"href":"https:\/\/agria-zenithcropsciences.com\/es\/wp-json\/wp\/v2\/comments?post=2009"}],"wp:featuredmedia":[{"embeddable":true,"href":"https:\/\/agria-zenithcropsciences.com\/es\/wp-json\/wp\/v2\/media\/2010"}],"wp:attachment":[{"href":"https:\/\/agria-zenithcropsciences.com\/es\/wp-json\/wp\/v2\/media?parent=2009"}],"wp:term":[{"taxonomy":"product_brand","embeddable":true,"href":"https:\/\/agria-zenithcropsciences.com\/es\/wp-json\/wp\/v2\/product_brand?post=2009"},{"taxonomy":"product_cat","embeddable":true,"href":"https:\/\/agria-zenithcropsciences.com\/es\/wp-json\/wp\/v2\/product_cat?post=2009"},{"taxonomy":"product_tag","embeddable":true,"href":"https:\/\/agria-zenithcropsciences.com\/es\/wp-json\/wp\/v2\/product_tag?post=2009"}],"curies":[{"name":"wp","href":"https:\/\/api.w.org\/{rel}","templated":true}]}}