{"id":2012,"date":"2017-08-16T23:04:30","date_gmt":"2017-08-16T20:04:30","guid":{"rendered":"https:\/\/agria-zenithcropsciences.com\/product\/muskil-pasta-fluo-np-2\/"},"modified":"2017-11-05T15:24:49","modified_gmt":"2017-11-05T13:24:49","slug":"muskil-pasta-fluo-np-200-g","status":"publish","type":"product","link":"https:\/\/agria-zenithcropsciences.com\/es\/product\/muskil-pasta-fluo-np-200-g\/","title":{"rendered":"Muskil pasta FLUO-NP 200 g."},"content":{"rendered":"","protected":false},"excerpt":{"rendered":"<p><strong>MUSKIL PASTA FLUO-NP<\/strong> es un destructor de roedores listo para usar: para rat\u00f3n dom\u00e9stico y rata gris. Se puede aplicar en y alrededor de edificios (hogares, garajes, jardines personales, etc.)<\/p>\n<p><strong>MUSKIL PASTA FLUO-NP<\/strong> es un veneno de dos componentes listo para usar en forma de pasta contra ratones dom\u00e9sticos y ratas grises que contiene una combinaci\u00f3n patentada de dos sustancias de segunda generaci\u00f3n, Difenacum y Bromaliadone<\/p>\n<p><strong>MUSKIL PASTA FLUO-NP<\/strong> es un veneno de dos componentes listo para usar en forma de pasta contra ratones dom\u00e9sticos y ratas grises que contiene una combinaci\u00f3n patentada de dos sustancias de segunda generaci\u00f3n, Difenacum y Bromaliadone<\/p>\n<p><strong>FABRICANTE:<\/strong> ZAPI-ITALIA<\/p>\n","protected":false},"featured_media":2014,"comment_status":"open","ping_status":"closed","template":"","meta":[],"product_brand":[],"product_cat":[132],"product_tag":[],"class_list":{"0":"post-2012","1":"product","2":"type-product","3":"status-publish","4":"has-post-thumbnail","6":"product_cat-rodenticidas-es","8":"first","9":"instock","10":"shipping-taxable","11":"product-type-simple"},"_links":{"self":[{"href":"https:\/\/agria-zenithcropsciences.com\/es\/wp-json\/wp\/v2\/product\/2012","targetHints":{"allow":["GET"]}}],"collection":[{"href":"https:\/\/agria-zenithcropsciences.com\/es\/wp-json\/wp\/v2\/product"}],"about":[{"href":"https:\/\/agria-zenithcropsciences.com\/es\/wp-json\/wp\/v2\/types\/product"}],"replies":[{"embeddable":true,"href":"https:\/\/agria-zenithcropsciences.com\/es\/wp-json\/wp\/v2\/comments?post=2012"}],"wp:featuredmedia":[{"embeddable":true,"href":"https:\/\/agria-zenithcropsciences.com\/es\/wp-json\/wp\/v2\/media\/2014"}],"wp:attachment":[{"href":"https:\/\/agria-zenithcropsciences.com\/es\/wp-json\/wp\/v2\/media?parent=2012"}],"wp:term":[{"taxonomy":"product_brand","embeddable":true,"href":"https:\/\/agria-zenithcropsciences.com\/es\/wp-json\/wp\/v2\/product_brand?post=2012"},{"taxonomy":"product_cat","embeddable":true,"href":"https:\/\/agria-zenithcropsciences.com\/es\/wp-json\/wp\/v2\/product_cat?post=2012"},{"taxonomy":"product_tag","embeddable":true,"href":"https:\/\/agria-zenithcropsciences.com\/es\/wp-json\/wp\/v2\/product_tag?post=2012"}],"curies":[{"name":"wp","href":"https:\/\/api.w.org\/{rel}","templated":true}]}}