{"id":2016,"date":"2017-08-16T13:36:33","date_gmt":"2017-08-16T10:36:33","guid":{"rendered":"https:\/\/agria-zenithcropsciences.com\/product\/%d0%b4%d0%b5%d1%86%d0%b8%d1%8f-%d0%bf%d0%b0%d1%81%d1%82%d0%b0\/"},"modified":"2017-11-05T15:30:46","modified_gmt":"2017-11-05T13:30:46","slug":"pasta-decia","status":"publish","type":"product","link":"https:\/\/agria-zenithcropsciences.com\/es\/product\/pasta-decia\/","title":{"rendered":"Pasta Decia"},"content":{"rendered":"","protected":false},"excerpt":{"rendered":"<p>Rodenticida adecuado para el control puro, preciso y decidido de ratas y ratones.<br \/>\nEs un cebo listo para usar en forma de bolsas &#8211; una bolsa de t\u00e9.<br \/>\nLa combinaci\u00f3n de ingredientes en PASTA DECIA hace de este producto el cebo favorito para los roedores garantiz\u00e1ndo as\u00ed el excepcional rendimiento del producto.<\/p>\n<p><strong>FABRICANTE:<\/strong> DeciaDeguesh &#8211; Alemania<br \/>\n<strong>ESTE PRODUCTO ES ADECUADO PARA LAS SIGUIENTES PLAGAS:<\/strong> Ratas y  ratones<\/p>\n","protected":false},"featured_media":2018,"comment_status":"open","ping_status":"closed","template":"","meta":[],"product_brand":[],"product_cat":[132],"product_tag":[],"class_list":{"0":"post-2016","1":"product","2":"type-product","3":"status-publish","4":"has-post-thumbnail","6":"product_cat-rodenticidas-es","8":"first","9":"instock","10":"shipping-taxable","11":"product-type-simple"},"_links":{"self":[{"href":"https:\/\/agria-zenithcropsciences.com\/es\/wp-json\/wp\/v2\/product\/2016","targetHints":{"allow":["GET"]}}],"collection":[{"href":"https:\/\/agria-zenithcropsciences.com\/es\/wp-json\/wp\/v2\/product"}],"about":[{"href":"https:\/\/agria-zenithcropsciences.com\/es\/wp-json\/wp\/v2\/types\/product"}],"replies":[{"embeddable":true,"href":"https:\/\/agria-zenithcropsciences.com\/es\/wp-json\/wp\/v2\/comments?post=2016"}],"wp:featuredmedia":[{"embeddable":true,"href":"https:\/\/agria-zenithcropsciences.com\/es\/wp-json\/wp\/v2\/media\/2018"}],"wp:attachment":[{"href":"https:\/\/agria-zenithcropsciences.com\/es\/wp-json\/wp\/v2\/media?parent=2016"}],"wp:term":[{"taxonomy":"product_brand","embeddable":true,"href":"https:\/\/agria-zenithcropsciences.com\/es\/wp-json\/wp\/v2\/product_brand?post=2016"},{"taxonomy":"product_cat","embeddable":true,"href":"https:\/\/agria-zenithcropsciences.com\/es\/wp-json\/wp\/v2\/product_cat?post=2016"},{"taxonomy":"product_tag","embeddable":true,"href":"https:\/\/agria-zenithcropsciences.com\/es\/wp-json\/wp\/v2\/product_tag?post=2016"}],"curies":[{"name":"wp","href":"https:\/\/api.w.org\/{rel}","templated":true}]}}