{"id":2027,"date":"2017-08-16T13:23:11","date_gmt":"2017-08-16T10:23:11","guid":{"rendered":"https:\/\/agria-zenithcropsciences.com\/product\/%d0%b4%d0%b5%d1%86%d0%b8%d1%8f-%d0%bf%d0%b5%d0%bb%d0%b5%d1%82%d0%b8\/"},"modified":"2017-11-05T15:36:40","modified_gmt":"2017-11-05T13:36:40","slug":"decia-pellets","status":"publish","type":"product","link":"https:\/\/agria-zenithcropsciences.com\/es\/product\/decia-pellets\/","title":{"rendered":"Decia pellets"},"content":{"rendered":"","protected":false},"excerpt":{"rendered":"<p>Decia pellets &#8211; el product m\u00e1s econ\u00f3mico y altamente eficaz contra ratones y otros roedores. Representa un se\u00f1uelo listo para usar en forma de pellets. Se aplica en lugares con actividad probada en roedores, a lo largo de las carreteras de roedores, en sus agujeros y cerca de ellos.<\/p>\n<p><strong>ESTE PRODUCTO ES ADECUADO PARA LAS SIGUIENTES PLAGAS:<\/strong> Ratas y  ratones<\/p>\n","protected":false},"featured_media":2029,"comment_status":"open","ping_status":"closed","template":"","meta":[],"product_brand":[],"product_cat":[132],"product_tag":[],"class_list":{"0":"post-2027","1":"product","2":"type-product","3":"status-publish","4":"has-post-thumbnail","6":"product_cat-rodenticidas-es","8":"first","9":"instock","10":"shipping-taxable","11":"product-type-simple"},"_links":{"self":[{"href":"https:\/\/agria-zenithcropsciences.com\/es\/wp-json\/wp\/v2\/product\/2027","targetHints":{"allow":["GET"]}}],"collection":[{"href":"https:\/\/agria-zenithcropsciences.com\/es\/wp-json\/wp\/v2\/product"}],"about":[{"href":"https:\/\/agria-zenithcropsciences.com\/es\/wp-json\/wp\/v2\/types\/product"}],"replies":[{"embeddable":true,"href":"https:\/\/agria-zenithcropsciences.com\/es\/wp-json\/wp\/v2\/comments?post=2027"}],"wp:featuredmedia":[{"embeddable":true,"href":"https:\/\/agria-zenithcropsciences.com\/es\/wp-json\/wp\/v2\/media\/2029"}],"wp:attachment":[{"href":"https:\/\/agria-zenithcropsciences.com\/es\/wp-json\/wp\/v2\/media?parent=2027"}],"wp:term":[{"taxonomy":"product_brand","embeddable":true,"href":"https:\/\/agria-zenithcropsciences.com\/es\/wp-json\/wp\/v2\/product_brand?post=2027"},{"taxonomy":"product_cat","embeddable":true,"href":"https:\/\/agria-zenithcropsciences.com\/es\/wp-json\/wp\/v2\/product_cat?post=2027"},{"taxonomy":"product_tag","embeddable":true,"href":"https:\/\/agria-zenithcropsciences.com\/es\/wp-json\/wp\/v2\/product_tag?post=2027"}],"curies":[{"name":"wp","href":"https:\/\/api.w.org\/{rel}","templated":true}]}}