{"id":2177,"date":"2017-08-06T16:02:01","date_gmt":"2017-08-06T13:02:01","guid":{"rendered":"https:\/\/agria-zenithcropsciences.com\/product\/%d0%bd%d1%8e-%d1%84%d0%b8%d0%bb%d0%bc\/"},"modified":"2017-11-07T00:42:20","modified_gmt":"2017-11-06T22:42:20","slug":"new-film","status":"publish","type":"product","link":"https:\/\/agria-zenithcropsciences.com\/es\/product\/new-film\/","title":{"rendered":"New film\u00ae"},"content":{"rendered":"","protected":false},"excerpt":{"rendered":"<p>NEW FILM es una pegatinaa que se agrega a la soluci\u00f3n de trabajo. Est\u00e1 dise\u00f1ado para formar una capa protectora sobre los cultivos tratados.<\/p>\n<p><strong>VENTAJAS:<\/strong><\/p>\n<ul>\n<li>No se lava por la lluvia<\/li>\n<li>Se adhiere a la superficie del cultivo tratado, reduciendo as\u00ed la p\u00e9rdida de la soluci\u00f3n de trabajo o del producto fitosanitario que se utiliza<\/li>\n<li>Reduce el impacto de factores ambientales que pueden empeorar la acci\u00f3n de los productos fitosanitarios<\/li>\n<li>Evita la r\u00e1pida evaporaci\u00f3n de la soluci\u00f3n de trabajo de la superficie de la hoja debida a las altas temperaturas<\/li>\n<\/ul>\n","protected":false},"featured_media":7437,"comment_status":"open","ping_status":"closed","template":"","meta":[],"product_brand":[],"product_cat":[141],"product_tag":[],"class_list":{"0":"post-2177","1":"product","2":"type-product","3":"status-publish","4":"has-post-thumbnail","6":"product_cat-adyuvantes","8":"first","9":"instock","10":"shipping-taxable","11":"product-type-simple"},"_links":{"self":[{"href":"https:\/\/agria-zenithcropsciences.com\/es\/wp-json\/wp\/v2\/product\/2177","targetHints":{"allow":["GET"]}}],"collection":[{"href":"https:\/\/agria-zenithcropsciences.com\/es\/wp-json\/wp\/v2\/product"}],"about":[{"href":"https:\/\/agria-zenithcropsciences.com\/es\/wp-json\/wp\/v2\/types\/product"}],"replies":[{"embeddable":true,"href":"https:\/\/agria-zenithcropsciences.com\/es\/wp-json\/wp\/v2\/comments?post=2177"}],"wp:featuredmedia":[{"embeddable":true,"href":"https:\/\/agria-zenithcropsciences.com\/es\/wp-json\/wp\/v2\/media\/7437"}],"wp:attachment":[{"href":"https:\/\/agria-zenithcropsciences.com\/es\/wp-json\/wp\/v2\/media?parent=2177"}],"wp:term":[{"taxonomy":"product_brand","embeddable":true,"href":"https:\/\/agria-zenithcropsciences.com\/es\/wp-json\/wp\/v2\/product_brand?post=2177"},{"taxonomy":"product_cat","embeddable":true,"href":"https:\/\/agria-zenithcropsciences.com\/es\/wp-json\/wp\/v2\/product_cat?post=2177"},{"taxonomy":"product_tag","embeddable":true,"href":"https:\/\/agria-zenithcropsciences.com\/es\/wp-json\/wp\/v2\/product_tag?post=2177"}],"curies":[{"name":"wp","href":"https:\/\/api.w.org\/{rel}","templated":true}]}}