{"id":2201,"date":"2017-09-12T01:18:56","date_gmt":"2017-09-11T22:18:56","guid":{"rendered":"https:\/\/agria-zenithcropsciences.com\/product\/%d1%84%d0%b5%d1%80%d1%82%d0%b8%d0%b3%d1%80%d0%b5%d0%b9%d0%bd%d1%84%d0%be%d0%bb%d0%b8%d0%b0%d1%80\/"},"modified":"2017-11-09T00:05:20","modified_gmt":"2017-11-08T22:05:20","slug":"fertigrain-foliar","status":"publish","type":"product","link":"https:\/\/agria-zenithcropsciences.com\/es\/product\/fertigrain-foliar\/","title":{"rendered":"Fertigrain Foliar"},"content":{"rendered":"","protected":false},"excerpt":{"rendered":"<p>Fertigrain Foliar &#8211; bioestimulador de aplicaciones foliares. Excelente para cultivos de campo: trigo, girasol, ma\u00edz, colza, remolacha azucarera y otros.<\/p>\n<p><strong>VENTAJAS<\/strong><\/p>\n<p>Un poderoso efecto de estimular el crecimiento y desarrollo de las plantas. Combinaci\u00f3n \u00fanica de nutrientes org\u00e1nicos en forma lista. Los amino\u00e1cidos libres y los microelementos m\u00e1s importantes en forma de quelatos son los componentes primarios para la bios\u00edntesis de prote\u00ednas y enzimas.<\/p>\n","protected":false},"featured_media":8072,"comment_status":"open","ping_status":"closed","template":"","meta":[],"product_brand":[],"product_cat":[140],"product_tag":[],"class_list":{"0":"post-2201","1":"product","2":"type-product","3":"status-publish","4":"has-post-thumbnail","6":"product_cat-abonos-foliares","8":"first","9":"instock","10":"shipping-taxable","11":"product-type-simple"},"_links":{"self":[{"href":"https:\/\/agria-zenithcropsciences.com\/es\/wp-json\/wp\/v2\/product\/2201","targetHints":{"allow":["GET"]}}],"collection":[{"href":"https:\/\/agria-zenithcropsciences.com\/es\/wp-json\/wp\/v2\/product"}],"about":[{"href":"https:\/\/agria-zenithcropsciences.com\/es\/wp-json\/wp\/v2\/types\/product"}],"replies":[{"embeddable":true,"href":"https:\/\/agria-zenithcropsciences.com\/es\/wp-json\/wp\/v2\/comments?post=2201"}],"wp:featuredmedia":[{"embeddable":true,"href":"https:\/\/agria-zenithcropsciences.com\/es\/wp-json\/wp\/v2\/media\/8072"}],"wp:attachment":[{"href":"https:\/\/agria-zenithcropsciences.com\/es\/wp-json\/wp\/v2\/media?parent=2201"}],"wp:term":[{"taxonomy":"product_brand","embeddable":true,"href":"https:\/\/agria-zenithcropsciences.com\/es\/wp-json\/wp\/v2\/product_brand?post=2201"},{"taxonomy":"product_cat","embeddable":true,"href":"https:\/\/agria-zenithcropsciences.com\/es\/wp-json\/wp\/v2\/product_cat?post=2201"},{"taxonomy":"product_tag","embeddable":true,"href":"https:\/\/agria-zenithcropsciences.com\/es\/wp-json\/wp\/v2\/product_tag?post=2201"}],"curies":[{"name":"wp","href":"https:\/\/api.w.org\/{rel}","templated":true}]}}