{"id":2208,"date":"2017-09-11T01:22:12","date_gmt":"2017-09-10T22:22:12","guid":{"rendered":"https:\/\/agria-zenithcropsciences.com\/product\/%d1%84%d0%b5%d1%80%d1%82%d0%b8%d0%b3%d1%80%d0%b5%d0%b9%d0%bd-%d1%81%d1%82%d0%b0%d1%80%d1%82\/"},"modified":"2017-11-09T00:14:18","modified_gmt":"2017-11-08T22:14:18","slug":"fertigrain-start","status":"publish","type":"product","link":"https:\/\/agria-zenithcropsciences.com\/es\/product\/fertigrain-start\/","title":{"rendered":"Fertigrain Start"},"content":{"rendered":"","protected":false},"excerpt":{"rendered":"<p>El tratamiento de las semillas previo a la siembra dcon el producto Fertigrain Start garantiza una alta tasa de germinaci\u00f3n y aumenta la energ\u00eda de crecimiento.<br \/>\n<strong>VENTAJAS<\/strong><\/p>\n<p>Proporciona con nitr\u00f3geno las semillas crecientes. Aumenta la germinaci\u00f3n de las semillas. Mejora el desarrollo del sistema radicular. Aumenta la resistencia y la capacidad vital de las plantas frente al impacto de los factores de estr\u00e9s.<br \/>\nFortalece la viabilidad de las bacterias en la inoculaci\u00f3n de semillas: sella bacterias a semillas, protege la c\u00e1scara de las bacterias, alimenta las bacterias despu\u00e9s de la inoculaci\u00f3n. Aumenta el rendimiento de las plantas y de los cultivos, aumenta la calidad de producci\u00f3n. Ayuda a mejorar la adhesi\u00f3n de los descontaminadores utilizados.<\/p>\n","protected":false},"featured_media":8126,"comment_status":"open","ping_status":"closed","template":"","meta":[],"product_brand":[],"product_cat":[140],"product_tag":[],"class_list":{"0":"post-2208","1":"product","2":"type-product","3":"status-publish","4":"has-post-thumbnail","6":"product_cat-abonos-foliares","8":"first","9":"instock","10":"shipping-taxable","11":"product-type-simple"},"_links":{"self":[{"href":"https:\/\/agria-zenithcropsciences.com\/es\/wp-json\/wp\/v2\/product\/2208","targetHints":{"allow":["GET"]}}],"collection":[{"href":"https:\/\/agria-zenithcropsciences.com\/es\/wp-json\/wp\/v2\/product"}],"about":[{"href":"https:\/\/agria-zenithcropsciences.com\/es\/wp-json\/wp\/v2\/types\/product"}],"replies":[{"embeddable":true,"href":"https:\/\/agria-zenithcropsciences.com\/es\/wp-json\/wp\/v2\/comments?post=2208"}],"wp:featuredmedia":[{"embeddable":true,"href":"https:\/\/agria-zenithcropsciences.com\/es\/wp-json\/wp\/v2\/media\/8126"}],"wp:attachment":[{"href":"https:\/\/agria-zenithcropsciences.com\/es\/wp-json\/wp\/v2\/media?parent=2208"}],"wp:term":[{"taxonomy":"product_brand","embeddable":true,"href":"https:\/\/agria-zenithcropsciences.com\/es\/wp-json\/wp\/v2\/product_brand?post=2208"},{"taxonomy":"product_cat","embeddable":true,"href":"https:\/\/agria-zenithcropsciences.com\/es\/wp-json\/wp\/v2\/product_cat?post=2208"},{"taxonomy":"product_tag","embeddable":true,"href":"https:\/\/agria-zenithcropsciences.com\/es\/wp-json\/wp\/v2\/product_tag?post=2208"}],"curies":[{"name":"wp","href":"https:\/\/api.w.org\/{rel}","templated":true}]}}