{"id":2217,"date":"2017-09-09T02:00:03","date_gmt":"2017-09-08T23:00:03","guid":{"rendered":"https:\/\/agria-zenithcropsciences.com\/product\/%d1%82%d0%b5%d0%ba%d0%b0%d0%bc%d0%b8%d0%bd-%d0%b1%d1%80%d0%b8%d0%ba%d1%81\/"},"modified":"2017-11-09T00:33:37","modified_gmt":"2017-11-08T22:33:37","slug":"tecamin-brix","status":"publish","type":"product","link":"https:\/\/agria-zenithcropsciences.com\/es\/product\/tecamin-brix\/","title":{"rendered":"Tecamin Brix"},"content":{"rendered":"","protected":false},"excerpt":{"rendered":"<p>Tecamin Brix estimula la divisi\u00f3n y diferenciaci\u00f3n de las c\u00e9lulas y aumenta el rendimiento.<\/p>\n<p><strong>VENTAJAS<\/strong><\/p>\n<p>Aumenta el contenido de az\u00facar. Mejora la coloraci\u00f3n de las frutas. Aumenta el rendimiento. Aumenta el tama\u00f1o de la fruta. Compatible con la mayor\u00eda de los productos fitosanitarios. Aumenta la densidad y la fuerza de la fruta.<\/p>\n","protected":false},"featured_media":8111,"comment_status":"open","ping_status":"closed","template":"","meta":[],"product_brand":[],"product_cat":[140],"product_tag":[],"class_list":{"0":"post-2217","1":"product","2":"type-product","3":"status-publish","4":"has-post-thumbnail","6":"product_cat-abonos-foliares","8":"first","9":"instock","10":"shipping-taxable","11":"product-type-simple"},"_links":{"self":[{"href":"https:\/\/agria-zenithcropsciences.com\/es\/wp-json\/wp\/v2\/product\/2217","targetHints":{"allow":["GET"]}}],"collection":[{"href":"https:\/\/agria-zenithcropsciences.com\/es\/wp-json\/wp\/v2\/product"}],"about":[{"href":"https:\/\/agria-zenithcropsciences.com\/es\/wp-json\/wp\/v2\/types\/product"}],"replies":[{"embeddable":true,"href":"https:\/\/agria-zenithcropsciences.com\/es\/wp-json\/wp\/v2\/comments?post=2217"}],"wp:featuredmedia":[{"embeddable":true,"href":"https:\/\/agria-zenithcropsciences.com\/es\/wp-json\/wp\/v2\/media\/8111"}],"wp:attachment":[{"href":"https:\/\/agria-zenithcropsciences.com\/es\/wp-json\/wp\/v2\/media?parent=2217"}],"wp:term":[{"taxonomy":"product_brand","embeddable":true,"href":"https:\/\/agria-zenithcropsciences.com\/es\/wp-json\/wp\/v2\/product_brand?post=2217"},{"taxonomy":"product_cat","embeddable":true,"href":"https:\/\/agria-zenithcropsciences.com\/es\/wp-json\/wp\/v2\/product_cat?post=2217"},{"taxonomy":"product_tag","embeddable":true,"href":"https:\/\/agria-zenithcropsciences.com\/es\/wp-json\/wp\/v2\/product_tag?post=2217"}],"curies":[{"name":"wp","href":"https:\/\/api.w.org\/{rel}","templated":true}]}}