{"id":2225,"date":"2017-09-07T01:02:33","date_gmt":"2017-09-06T22:02:33","guid":{"rendered":"https:\/\/agria-zenithcropsciences.com\/product\/%d1%82%d0%b5%d0%ba%d0%b0%d0%bc%d0%b8%d0%bd-%d1%80%d0%b0%d0%b9%d1%81\/"},"modified":"2017-11-09T00:58:08","modified_gmt":"2017-11-08T22:58:08","slug":"tecamin-raiz","status":"publish","type":"product","link":"https:\/\/agria-zenithcropsciences.com\/es\/product\/tecamin-raiz\/","title":{"rendered":"Tecamin Raiz"},"content":{"rendered":"","protected":false},"excerpt":{"rendered":"<p>Abono l\u00edquido &#8211; estimulante del enraizamiento para el crecimiento de las ra\u00edces. Un sistema de ra\u00edces bien desarrollado y robusto &#8211; esto es una garant\u00eda para un buen crecimiento y, respectivamente, para el rendimiento de calidad.<br \/>\n<strong>VENTAJAS:<\/strong>Estimula el desarrollo del sistema radicular. Mejora la germinaci\u00f3n y la resistencia de los cultivos. Estimula el desarrollo de las ra\u00edces a\u00e9reas. Proporciona microelementos a la planta (quelatadas). Ayuda a restaurar las plantas r\u00e1pidamente despu\u00e9s del injerto. Restaura el sistema radicular despu\u00e9s del estr\u00e9s y da\u00f1o mec\u00e1nico. Garantiza la uniformidad del desarrollo vegetativo. Aumenta la productividad de la planta y aumenta los rendimientos. Mejora la calidad de producci\u00f3n.<\/p>\n<p><strong>PARA LA APLICACI\u00d3N EN SUELO : <\/strong>Patatas, fruta, fresa, vid, tabaco, plantas florescientes.<\/p>\n","protected":false},"featured_media":8136,"comment_status":"open","ping_status":"closed","template":"","meta":[],"product_brand":[],"product_cat":[140],"product_tag":[],"class_list":{"0":"post-2225","1":"product","2":"type-product","3":"status-publish","4":"has-post-thumbnail","6":"product_cat-abonos-foliares","8":"first","9":"instock","10":"shipping-taxable","11":"product-type-simple"},"_links":{"self":[{"href":"https:\/\/agria-zenithcropsciences.com\/es\/wp-json\/wp\/v2\/product\/2225","targetHints":{"allow":["GET"]}}],"collection":[{"href":"https:\/\/agria-zenithcropsciences.com\/es\/wp-json\/wp\/v2\/product"}],"about":[{"href":"https:\/\/agria-zenithcropsciences.com\/es\/wp-json\/wp\/v2\/types\/product"}],"replies":[{"embeddable":true,"href":"https:\/\/agria-zenithcropsciences.com\/es\/wp-json\/wp\/v2\/comments?post=2225"}],"wp:featuredmedia":[{"embeddable":true,"href":"https:\/\/agria-zenithcropsciences.com\/es\/wp-json\/wp\/v2\/media\/8136"}],"wp:attachment":[{"href":"https:\/\/agria-zenithcropsciences.com\/es\/wp-json\/wp\/v2\/media?parent=2225"}],"wp:term":[{"taxonomy":"product_brand","embeddable":true,"href":"https:\/\/agria-zenithcropsciences.com\/es\/wp-json\/wp\/v2\/product_brand?post=2225"},{"taxonomy":"product_cat","embeddable":true,"href":"https:\/\/agria-zenithcropsciences.com\/es\/wp-json\/wp\/v2\/product_cat?post=2225"},{"taxonomy":"product_tag","embeddable":true,"href":"https:\/\/agria-zenithcropsciences.com\/es\/wp-json\/wp\/v2\/product_tag?post=2225"}],"curies":[{"name":"wp","href":"https:\/\/api.w.org\/{rel}","templated":true}]}}