{"id":2229,"date":"2017-09-06T00:57:50","date_gmt":"2017-09-05T21:57:50","guid":{"rendered":"https:\/\/agria-zenithcropsciences.com\/product\/%d0%b0%d0%b3%d1%80%d0%b8%d1%84%d1%83%d0%bb\/"},"modified":"2017-11-09T01:41:23","modified_gmt":"2017-11-08T23:41:23","slug":"agriful","status":"publish","type":"product","link":"https:\/\/agria-zenithcropsciences.com\/es\/product\/agriful\/","title":{"rendered":"Agriful"},"content":{"rendered":"","protected":false},"excerpt":{"rendered":"<p>Abono l\u00edquido destinado a la aplicaci\u00f3n del suelo. El bioestimulador es aplicable a todos los programas de fertilizaci\u00f3n.<br \/>\n<strong>VENTAJAS:<\/strong> Mejora la absorci\u00f3n de nutrientes de las plantas y aumenta el rendimiento;<br \/>\nRecupera y activa la microflora ben\u00e9fica del suelo. Estimula el desarrollo del sistema radicular. Las frutas se nivelan y maduran juntos. Reduce la ca\u00edda  despu\u00e9s de florecimiento de las frutas. Mejora el equilibrio hormonal.<\/p>\n","protected":false},"featured_media":8063,"comment_status":"open","ping_status":"closed","template":"","meta":[],"product_brand":[],"product_cat":[140],"product_tag":[],"class_list":{"0":"post-2229","1":"product","2":"type-product","3":"status-publish","4":"has-post-thumbnail","6":"product_cat-abonos-foliares","8":"first","9":"instock","10":"shipping-taxable","11":"product-type-simple"},"_links":{"self":[{"href":"https:\/\/agria-zenithcropsciences.com\/es\/wp-json\/wp\/v2\/product\/2229","targetHints":{"allow":["GET"]}}],"collection":[{"href":"https:\/\/agria-zenithcropsciences.com\/es\/wp-json\/wp\/v2\/product"}],"about":[{"href":"https:\/\/agria-zenithcropsciences.com\/es\/wp-json\/wp\/v2\/types\/product"}],"replies":[{"embeddable":true,"href":"https:\/\/agria-zenithcropsciences.com\/es\/wp-json\/wp\/v2\/comments?post=2229"}],"wp:featuredmedia":[{"embeddable":true,"href":"https:\/\/agria-zenithcropsciences.com\/es\/wp-json\/wp\/v2\/media\/8063"}],"wp:attachment":[{"href":"https:\/\/agria-zenithcropsciences.com\/es\/wp-json\/wp\/v2\/media?parent=2229"}],"wp:term":[{"taxonomy":"product_brand","embeddable":true,"href":"https:\/\/agria-zenithcropsciences.com\/es\/wp-json\/wp\/v2\/product_brand?post=2229"},{"taxonomy":"product_cat","embeddable":true,"href":"https:\/\/agria-zenithcropsciences.com\/es\/wp-json\/wp\/v2\/product_cat?post=2229"},{"taxonomy":"product_tag","embeddable":true,"href":"https:\/\/agria-zenithcropsciences.com\/es\/wp-json\/wp\/v2\/product_tag?post=2229"}],"curies":[{"name":"wp","href":"https:\/\/api.w.org\/{rel}","templated":true}]}}