{"id":2234,"date":"2017-08-31T16:24:54","date_gmt":"2017-08-31T13:24:54","guid":{"rendered":"https:\/\/agria-zenithcropsciences.com\/product\/%d0%ba%d0%be%d0%bd%d1%82%d1%80%d0%be%d0%bb%d1%84%d0%b8%d1%82-%d1%81u\/"},"modified":"2023-11-13T17:42:55","modified_gmt":"2023-11-13T15:42:55","slug":"controlphyt-cu","status":"publish","type":"product","link":"https:\/\/agria-zenithcropsciences.com\/es\/product\/controlphyt-cu\/","title":{"rendered":"Controlphyt  Cu"},"content":{"rendered":"","protected":false},"excerpt":{"rendered":"<p>Controlphyt Cu es una formulaci\u00f3n l\u00edquida de cobre en un complejo de \u00e1cidos org\u00e1nicos de bajo peso molecular. Mejora la absorci\u00f3n y translocaci\u00f3n del cobre dentro de la planta. Tiene la misma estabilidad que los quelatos sint\u00e9ticos (por ejemplo EDTA).<br \/>\n<strong>VENTAJAS:\u00a0<\/strong>Plantas m\u00e1s sanas y fuertes. Reducci\u00f3n cuantitativa y cualitativa de ataques bacterianos, f\u00fangicos y virales. 90% de disminuci\u00f3n en los aerosoles de cobre. Totalmente natural y aplicable en agricultura ecol\u00f3gica. Controlphyt Cu mejora la acci\u00f3n fungicida de los agroqu\u00edmicos y sus dosis pueden reducirse. Debido a su \u00e1cido org\u00e1nico y el contenido de cobre Controlphyt Cu se puede utilizar de forma preventiva contra el mildiu de la vid. Controlphyt Cu tiene excelente adhesi\u00f3n y no se lava despu\u00e9s de la lluvia de las hojas. Controlphyt Cu no deja manchas en las hojas o frutas, tampoco residuos en la planta o en el suelo. Tiene certificaci\u00f3n para la agricultura ecol\u00f3gica.<\/p>\n","protected":false},"featured_media":2236,"comment_status":"open","ping_status":"closed","template":"","meta":[],"product_brand":[],"product_cat":[140],"product_tag":[],"class_list":{"0":"post-2234","1":"product","2":"type-product","3":"status-publish","4":"has-post-thumbnail","6":"product_cat-abonos-foliares","8":"first","9":"instock","10":"shipping-taxable","11":"product-type-simple"},"_links":{"self":[{"href":"https:\/\/agria-zenithcropsciences.com\/es\/wp-json\/wp\/v2\/product\/2234","targetHints":{"allow":["GET"]}}],"collection":[{"href":"https:\/\/agria-zenithcropsciences.com\/es\/wp-json\/wp\/v2\/product"}],"about":[{"href":"https:\/\/agria-zenithcropsciences.com\/es\/wp-json\/wp\/v2\/types\/product"}],"replies":[{"embeddable":true,"href":"https:\/\/agria-zenithcropsciences.com\/es\/wp-json\/wp\/v2\/comments?post=2234"}],"wp:featuredmedia":[{"embeddable":true,"href":"https:\/\/agria-zenithcropsciences.com\/es\/wp-json\/wp\/v2\/media\/2236"}],"wp:attachment":[{"href":"https:\/\/agria-zenithcropsciences.com\/es\/wp-json\/wp\/v2\/media?parent=2234"}],"wp:term":[{"taxonomy":"product_brand","embeddable":true,"href":"https:\/\/agria-zenithcropsciences.com\/es\/wp-json\/wp\/v2\/product_brand?post=2234"},{"taxonomy":"product_cat","embeddable":true,"href":"https:\/\/agria-zenithcropsciences.com\/es\/wp-json\/wp\/v2\/product_cat?post=2234"},{"taxonomy":"product_tag","embeddable":true,"href":"https:\/\/agria-zenithcropsciences.com\/es\/wp-json\/wp\/v2\/product_tag?post=2234"}],"curies":[{"name":"wp","href":"https:\/\/api.w.org\/{rel}","templated":true}]}}