{"id":2271,"date":"2017-09-03T00:29:35","date_gmt":"2017-09-02T21:29:35","guid":{"rendered":"https:\/\/agria-zenithcropsciences.com\/product\/%d1%82%d0%b5%d0%ba%d0%bd%d0%be%d0%ba%d0%b5%d0%bb-%d0%b0%d0%bc%d0%b8%d0%bd%d0%be-zn\/"},"modified":"2017-11-19T15:52:11","modified_gmt":"2017-11-19T13:52:11","slug":"%d1%82%d0%b5%d0%ba%d0%bd%d0%be%d0%ba%d0%b5%d0%bb-%d0%b0%d0%bc%d0%b8%d0%bd%d0%be-zn-tecnokel-amino-zn","status":"publish","type":"product","link":"https:\/\/agria-zenithcropsciences.com\/es\/product\/%d1%82%d0%b5%d0%ba%d0%bd%d0%be%d0%ba%d0%b5%d0%bb-%d0%b0%d0%bc%d0%b8%d0%bd%d0%be-zn-tecnokel-amino-zn\/","title":{"rendered":"TECNOKEL AMINO Zn"},"content":{"rendered":"","protected":false},"excerpt":{"rendered":"<p>Fertilizante l\u00edquido para prevenir y corregir la deficiencia de zinc. La deficiencia de zinc en las plantas se expresa en entrenudos acortados, reducci\u00f3n del tama\u00f1o de la hoja, coloraci\u00f3n amarillenta y necrosis<\/p>\n","protected":false},"featured_media":8108,"comment_status":"open","ping_status":"closed","template":"","meta":[],"product_brand":[],"product_cat":[140],"product_tag":[],"class_list":{"0":"post-2271","1":"product","2":"type-product","3":"status-publish","4":"has-post-thumbnail","6":"product_cat-abonos-foliares","8":"first","9":"instock","10":"shipping-taxable","11":"product-type-simple"},"_links":{"self":[{"href":"https:\/\/agria-zenithcropsciences.com\/es\/wp-json\/wp\/v2\/product\/2271","targetHints":{"allow":["GET"]}}],"collection":[{"href":"https:\/\/agria-zenithcropsciences.com\/es\/wp-json\/wp\/v2\/product"}],"about":[{"href":"https:\/\/agria-zenithcropsciences.com\/es\/wp-json\/wp\/v2\/types\/product"}],"replies":[{"embeddable":true,"href":"https:\/\/agria-zenithcropsciences.com\/es\/wp-json\/wp\/v2\/comments?post=2271"}],"wp:featuredmedia":[{"embeddable":true,"href":"https:\/\/agria-zenithcropsciences.com\/es\/wp-json\/wp\/v2\/media\/8108"}],"wp:attachment":[{"href":"https:\/\/agria-zenithcropsciences.com\/es\/wp-json\/wp\/v2\/media?parent=2271"}],"wp:term":[{"taxonomy":"product_brand","embeddable":true,"href":"https:\/\/agria-zenithcropsciences.com\/es\/wp-json\/wp\/v2\/product_brand?post=2271"},{"taxonomy":"product_cat","embeddable":true,"href":"https:\/\/agria-zenithcropsciences.com\/es\/wp-json\/wp\/v2\/product_cat?post=2271"},{"taxonomy":"product_tag","embeddable":true,"href":"https:\/\/agria-zenithcropsciences.com\/es\/wp-json\/wp\/v2\/product_tag?post=2271"}],"curies":[{"name":"wp","href":"https:\/\/api.w.org\/{rel}","templated":true}]}}