{"id":2277,"date":"2017-09-02T00:04:05","date_gmt":"2017-09-01T21:04:05","guid":{"rendered":"https:\/\/agria-zenithcropsciences.com\/product\/%d1%82%d0%b5%d0%ba%d0%bd%d0%be%d0%ba%d0%b5%d0%bb-%d0%b0%d0%bc%d0%b8%d0%bd%d0%be-%d1%81%d0%b0\/"},"modified":"2017-11-19T16:45:55","modified_gmt":"2017-11-19T14:45:55","slug":"tecnokel-amino-ca","status":"publish","type":"product","link":"https:\/\/agria-zenithcropsciences.com\/es\/product\/tecnokel-amino-ca\/","title":{"rendered":"TECNOKEL AMINO Ca"},"content":{"rendered":"","protected":false},"excerpt":{"rendered":"<p><strong>TECNOKEL AMINO Ca <\/strong>previene el agrietamiento de las frutas, aumenta la densidad y la durabilidad de las frutas, facilita su transportabilidad.<br \/>\n<strong>VENTAJAS:<\/strong> El calcio mejora la calidad de la fruta y reduce el riesgo de agrietamiento. Reduce la aparici\u00f3n de s\u00edntomas causados por deficiencia de calcio: \u201cgranos amargos\u201d en manzanas, divisi\u00f3n de la fruta de la ra\u00edz en remolacha azucarera, etc. El calcio juega un papel importante en los procesos metab\u00f3licos que afectan la maduraci\u00f3n y la conservaci\u00f3n de las frutas. Previene la podredumbre superior en tomates, pimienta y otros. La deficiencia de calcio causa una reducci\u00f3n del 10 a 20% en el tama\u00f1o de los g\u00e9rmenes, especialmente en condiciones de sequ\u00eda. Adecuado para ajustar la acidez, cuando aplicado por riego por goteo.<\/p>\n","protected":false},"featured_media":8142,"comment_status":"open","ping_status":"closed","template":"","meta":[],"product_brand":[],"product_cat":[140],"product_tag":[],"class_list":{"0":"post-2277","1":"product","2":"type-product","3":"status-publish","4":"has-post-thumbnail","6":"product_cat-abonos-foliares","8":"first","9":"instock","10":"shipping-taxable","11":"product-type-simple"},"_links":{"self":[{"href":"https:\/\/agria-zenithcropsciences.com\/es\/wp-json\/wp\/v2\/product\/2277","targetHints":{"allow":["GET"]}}],"collection":[{"href":"https:\/\/agria-zenithcropsciences.com\/es\/wp-json\/wp\/v2\/product"}],"about":[{"href":"https:\/\/agria-zenithcropsciences.com\/es\/wp-json\/wp\/v2\/types\/product"}],"replies":[{"embeddable":true,"href":"https:\/\/agria-zenithcropsciences.com\/es\/wp-json\/wp\/v2\/comments?post=2277"}],"wp:featuredmedia":[{"embeddable":true,"href":"https:\/\/agria-zenithcropsciences.com\/es\/wp-json\/wp\/v2\/media\/8142"}],"wp:attachment":[{"href":"https:\/\/agria-zenithcropsciences.com\/es\/wp-json\/wp\/v2\/media?parent=2277"}],"wp:term":[{"taxonomy":"product_brand","embeddable":true,"href":"https:\/\/agria-zenithcropsciences.com\/es\/wp-json\/wp\/v2\/product_brand?post=2277"},{"taxonomy":"product_cat","embeddable":true,"href":"https:\/\/agria-zenithcropsciences.com\/es\/wp-json\/wp\/v2\/product_cat?post=2277"},{"taxonomy":"product_tag","embeddable":true,"href":"https:\/\/agria-zenithcropsciences.com\/es\/wp-json\/wp\/v2\/product_tag?post=2277"}],"curies":[{"name":"wp","href":"https:\/\/api.w.org\/{rel}","templated":true}]}}