{"id":2281,"date":"2017-09-01T23:33:13","date_gmt":"2017-09-01T20:33:13","guid":{"rendered":"https:\/\/agria-zenithcropsciences.com\/product\/%d1%82%d0%b5%d0%ba%d0%bd%d0%be%d0%ba%d0%b5%d0%bb-%d0%b0%d0%bc%d0%b8%d0%bd%d0%be-fe\/"},"modified":"2017-11-19T16:57:04","modified_gmt":"2017-11-19T14:57:04","slug":"tecnokel-amino-fe","status":"publish","type":"product","link":"https:\/\/agria-zenithcropsciences.com\/es\/product\/tecnokel-amino-fe\/","title":{"rendered":"TECNOKEL AMINO Fe"},"content":{"rendered":"","protected":false},"excerpt":{"rendered":"<p>Es el fertilizante foliar \u201cde hierro\u201d. Previene y si necesario corrige la deficiencia en hierro. El hierro es irremplazable para el curso de la fotos\u00edntesis y la s\u00edntesis de clorofila.<br \/>\n<strong>VENTAJAS:<\/strong> TECNOKEL AMINO Fe contiene amino\u00e1cidos que facilitan la absorci\u00f3n del elemento y su translocaci\u00f3n dentro de la planta. Estimula el crecimiento y ayuda a la recuperaci\u00f3n de la planta despu\u00e9s de situaciones  estresantes. El EDTA contenido en el producto asegura la estabilidad de las mezclas del tanque. El hierro previene la clorosis no infecciosa.<br \/>\nEl hierro entra en la composici\u00f3n de las enzimas respiratorias. Es irremplazable para el curso de la fotos\u00edntesis y la s\u00edntesis de clorofila.<br \/>\n<strong>ARBOLES FRUTALES:<\/strong> Aplicar cada ano en primavera, antes o al inicio de la vegetaci\u00f3n y luego volver a aplicar durante el crecimiento estival.<\/p>\n","protected":false},"featured_media":8145,"comment_status":"open","ping_status":"closed","template":"","meta":[],"product_brand":[],"product_cat":[140],"product_tag":[],"class_list":{"0":"post-2281","1":"product","2":"type-product","3":"status-publish","4":"has-post-thumbnail","6":"product_cat-abonos-foliares","8":"first","9":"instock","10":"shipping-taxable","11":"product-type-simple"},"_links":{"self":[{"href":"https:\/\/agria-zenithcropsciences.com\/es\/wp-json\/wp\/v2\/product\/2281","targetHints":{"allow":["GET"]}}],"collection":[{"href":"https:\/\/agria-zenithcropsciences.com\/es\/wp-json\/wp\/v2\/product"}],"about":[{"href":"https:\/\/agria-zenithcropsciences.com\/es\/wp-json\/wp\/v2\/types\/product"}],"replies":[{"embeddable":true,"href":"https:\/\/agria-zenithcropsciences.com\/es\/wp-json\/wp\/v2\/comments?post=2281"}],"wp:featuredmedia":[{"embeddable":true,"href":"https:\/\/agria-zenithcropsciences.com\/es\/wp-json\/wp\/v2\/media\/8145"}],"wp:attachment":[{"href":"https:\/\/agria-zenithcropsciences.com\/es\/wp-json\/wp\/v2\/media?parent=2281"}],"wp:term":[{"taxonomy":"product_brand","embeddable":true,"href":"https:\/\/agria-zenithcropsciences.com\/es\/wp-json\/wp\/v2\/product_brand?post=2281"},{"taxonomy":"product_cat","embeddable":true,"href":"https:\/\/agria-zenithcropsciences.com\/es\/wp-json\/wp\/v2\/product_cat?post=2281"},{"taxonomy":"product_tag","embeddable":true,"href":"https:\/\/agria-zenithcropsciences.com\/es\/wp-json\/wp\/v2\/product_tag?post=2281"}],"curies":[{"name":"wp","href":"https:\/\/api.w.org\/{rel}","templated":true}]}}