{"id":2285,"date":"2018-08-31T16:13:44","date_gmt":"2018-08-31T13:13:44","guid":{"rendered":"https:\/\/agria-zenithcropsciences.com\/product\/%d1%82%d0%b5%d0%ba%d0%bd%d0%be%d0%ba%d0%b5%d0%bb-%d0%b0%d0%bc%d0%b8%d0%bd%d0%be-%d0%ba\/"},"modified":"2023-11-13T17:43:42","modified_gmt":"2023-11-13T15:43:42","slug":"tecnokel-amino-k","status":"publish","type":"product","link":"https:\/\/agria-zenithcropsciences.com\/es\/product\/tecnokel-amino-k\/","title":{"rendered":"TECNOKEL AMINO K"},"content":{"rendered":"","protected":false},"excerpt":{"rendered":"<p>Se recomienda aplicar durante la maduraci\u00f3n y fructificaci\u00f3n de la fruta. De la formaci\u00f3n de la fruta hasta la cosecha.<\/p>\n","protected":false},"featured_media":8084,"comment_status":"open","ping_status":"closed","template":"","meta":[],"product_brand":[],"product_cat":[140],"product_tag":[],"class_list":{"0":"post-2285","1":"product","2":"type-product","3":"status-publish","4":"has-post-thumbnail","6":"product_cat-abonos-foliares","8":"first","9":"instock","10":"shipping-taxable","11":"product-type-simple"},"_links":{"self":[{"href":"https:\/\/agria-zenithcropsciences.com\/es\/wp-json\/wp\/v2\/product\/2285","targetHints":{"allow":["GET"]}}],"collection":[{"href":"https:\/\/agria-zenithcropsciences.com\/es\/wp-json\/wp\/v2\/product"}],"about":[{"href":"https:\/\/agria-zenithcropsciences.com\/es\/wp-json\/wp\/v2\/types\/product"}],"replies":[{"embeddable":true,"href":"https:\/\/agria-zenithcropsciences.com\/es\/wp-json\/wp\/v2\/comments?post=2285"}],"wp:featuredmedia":[{"embeddable":true,"href":"https:\/\/agria-zenithcropsciences.com\/es\/wp-json\/wp\/v2\/media\/8084"}],"wp:attachment":[{"href":"https:\/\/agria-zenithcropsciences.com\/es\/wp-json\/wp\/v2\/media?parent=2285"}],"wp:term":[{"taxonomy":"product_brand","embeddable":true,"href":"https:\/\/agria-zenithcropsciences.com\/es\/wp-json\/wp\/v2\/product_brand?post=2285"},{"taxonomy":"product_cat","embeddable":true,"href":"https:\/\/agria-zenithcropsciences.com\/es\/wp-json\/wp\/v2\/product_cat?post=2285"},{"taxonomy":"product_tag","embeddable":true,"href":"https:\/\/agria-zenithcropsciences.com\/es\/wp-json\/wp\/v2\/product_tag?post=2285"}],"curies":[{"name":"wp","href":"https:\/\/api.w.org\/{rel}","templated":true}]}}