{"id":5878,"date":"2020-03-17T12:53:38","date_gmt":"2020-03-17T10:53:38","guid":{"rendered":"https:\/\/agria-zenithcropsciences.com\/product\/rival-duo-9\/"},"modified":"2020-03-17T12:53:38","modified_gmt":"2020-03-17T10:53:38","slug":"rival-duo-9","status":"publish","type":"product","link":"https:\/\/agria-zenithcropsciences.com\/es\/product\/rival-duo-9\/","title":{"rendered":"RIVAL\u00ae DUO"},"content":{"rendered":"","protected":false},"excerpt":{"rendered":"<p>A burgonyav\u00e9sz (<em>Phytophthora infestans<\/em>) megel\u0151z\u00e9s\u00e9re \u00e9s kezel\u00e9s\u00e9re szolg\u00e1l\u00f3 sziszt\u00e9m\u00e1s fungicid.<\/p>\n<p>A term\u00e9k egy koncentr\u00e1lt szuszpenzi\u00f3 (SC), amely 400 g\/l propamokarb-hidrokloridot \u00e9s 50 g\/l cimoxanilt tartalmaz..<\/p>\n<p><strong>Hat\u00f3anyag megnevez\u00e9se, koncentr\u00e1ci\u00f3ja<\/strong> propamokarb 334,6\u00a0 g\/l, (30.5\u00b1 1,5 % (m\/m))<\/p>\n<p>cimoxanil \u00a050,0\u00a0 g\/l\u00a0\u00a0 (4,56 \u00b1 0,5 % (m\/m))<\/p>\n<p><strong>Typ formulace:<\/strong> vizes szuszpenzi\u00f3 koncentr\u00e1tum (SC)<\/p>\n<p><strong>Egy\u00e9b el\u00e9rhet\u0151 kereskedelmi nevek: AMBORA<sup>\u00ae <\/sup>DUO<\/strong><\/p>\n","protected":false},"featured_media":3412,"comment_status":"closed","ping_status":"closed","template":"","meta":[],"product_brand":[],"product_cat":[358,359],"product_tag":[],"class_list":{"0":"post-5878","1":"product","2":"type-product","3":"status-publish","4":"has-post-thumbnail","6":"product_cat-gombaolo-es","7":"product_cat-termekek-es","9":"first","10":"instock","11":"shipping-taxable","12":"product-type-simple"},"_links":{"self":[{"href":"https:\/\/agria-zenithcropsciences.com\/es\/wp-json\/wp\/v2\/product\/5878","targetHints":{"allow":["GET"]}}],"collection":[{"href":"https:\/\/agria-zenithcropsciences.com\/es\/wp-json\/wp\/v2\/product"}],"about":[{"href":"https:\/\/agria-zenithcropsciences.com\/es\/wp-json\/wp\/v2\/types\/product"}],"replies":[{"embeddable":true,"href":"https:\/\/agria-zenithcropsciences.com\/es\/wp-json\/wp\/v2\/comments?post=5878"}],"wp:featuredmedia":[{"embeddable":true,"href":"https:\/\/agria-zenithcropsciences.com\/es\/wp-json\/wp\/v2\/media\/3412"}],"wp:attachment":[{"href":"https:\/\/agria-zenithcropsciences.com\/es\/wp-json\/wp\/v2\/media?parent=5878"}],"wp:term":[{"taxonomy":"product_brand","embeddable":true,"href":"https:\/\/agria-zenithcropsciences.com\/es\/wp-json\/wp\/v2\/product_brand?post=5878"},{"taxonomy":"product_cat","embeddable":true,"href":"https:\/\/agria-zenithcropsciences.com\/es\/wp-json\/wp\/v2\/product_cat?post=5878"},{"taxonomy":"product_tag","embeddable":true,"href":"https:\/\/agria-zenithcropsciences.com\/es\/wp-json\/wp\/v2\/product_tag?post=5878"}],"curies":[{"name":"wp","href":"https:\/\/api.w.org\/{rel}","templated":true}]}}