{"id":5880,"date":"2020-03-17T12:49:45","date_gmt":"2020-03-17T10:49:45","guid":{"rendered":"https:\/\/agria-zenithcropsciences.com\/product\/rival-17\/"},"modified":"2020-03-17T12:49:45","modified_gmt":"2020-03-17T10:49:45","slug":"rival-17","status":"publish","type":"product","link":"https:\/\/agria-zenithcropsciences.com\/es\/product\/rival-17\/","title":{"rendered":"RIVAL\u00ae"},"content":{"rendered":"","protected":false},"excerpt":{"rendered":"<p>Sziszt\u00e9m\u00e1s gombaellenes szer, amely v\u00e9delmet ny\u00fajt a talajban terjed\u0151 betegs\u00e9gek, p\u00e9ld\u00e1ul a <em>Phytophthora sp<\/em> \u00e9s <em>Pythium sp<\/em> \u00e1ltal a paradicsom \u00e9s d\u00edszn\u00f6v\u00e9nyek magjaiban, cs\u00edr\u00e1iban, kifejlett n\u00f6v\u00e9nyeiben \u00e9s pal\u00e1nt\u00e1iban okozott pal\u00e1ntad\u0151l\u00e9s ellen.<\/p>\n<p>A term\u00e9k 722 g\/l koncentr\u00e1ci\u00f3j\u00fa propamokarb-hidrokloridot (megfelel 607 g\/l propamokarbnak) tartalmaz\u00f3 v\u00edzoldhat\u00f3 koncentr\u00e1tum.<\/p>\n<p><strong>Hat\u00f3anyag megnevez\u00e9se, koncentr\u00e1ci\u00f3ja<\/strong> propamokarb\u00a0 607 g\/l (56,0 \u00b1 2,5 % (w\/w)<\/p>\n<p><strong>Typ formulace:<\/strong> foly\u00e9kony v\u00edzoldhat\u00f3 koncentr\u00e1tum (SL)<\/p>\n<p><strong>Egy\u00e9b el\u00e9rhet\u0151 kereskedelmi nevek: AMBORA<sup>\u00ae<\/sup><\/strong><\/p>\n","protected":false},"featured_media":5288,"comment_status":"closed","ping_status":"closed","template":"","meta":[],"product_brand":[],"product_cat":[358,359],"product_tag":[],"class_list":{"0":"post-5880","1":"product","2":"type-product","3":"status-publish","4":"has-post-thumbnail","6":"product_cat-gombaolo-es","7":"product_cat-termekek-es","9":"first","10":"instock","11":"shipping-taxable","12":"product-type-simple"},"_links":{"self":[{"href":"https:\/\/agria-zenithcropsciences.com\/es\/wp-json\/wp\/v2\/product\/5880","targetHints":{"allow":["GET"]}}],"collection":[{"href":"https:\/\/agria-zenithcropsciences.com\/es\/wp-json\/wp\/v2\/product"}],"about":[{"href":"https:\/\/agria-zenithcropsciences.com\/es\/wp-json\/wp\/v2\/types\/product"}],"replies":[{"embeddable":true,"href":"https:\/\/agria-zenithcropsciences.com\/es\/wp-json\/wp\/v2\/comments?post=5880"}],"wp:featuredmedia":[{"embeddable":true,"href":"https:\/\/agria-zenithcropsciences.com\/es\/wp-json\/wp\/v2\/media\/5288"}],"wp:attachment":[{"href":"https:\/\/agria-zenithcropsciences.com\/es\/wp-json\/wp\/v2\/media?parent=5880"}],"wp:term":[{"taxonomy":"product_brand","embeddable":true,"href":"https:\/\/agria-zenithcropsciences.com\/es\/wp-json\/wp\/v2\/product_brand?post=5880"},{"taxonomy":"product_cat","embeddable":true,"href":"https:\/\/agria-zenithcropsciences.com\/es\/wp-json\/wp\/v2\/product_cat?post=5880"},{"taxonomy":"product_tag","embeddable":true,"href":"https:\/\/agria-zenithcropsciences.com\/es\/wp-json\/wp\/v2\/product_tag?post=5880"}],"curies":[{"name":"wp","href":"https:\/\/api.w.org\/{rel}","templated":true}]}}