{"id":5891,"date":"2020-03-17T12:37:36","date_gmt":"2020-03-17T10:37:36","guid":{"rendered":"https:\/\/agria-zenithcropsciences.com\/product\/copforce-extra-6\/"},"modified":"2020-07-02T22:33:25","modified_gmt":"2020-07-02T19:33:25","slug":"copforce-extra-6","status":"publish","type":"product","link":"https:\/\/agria-zenithcropsciences.com\/es\/product\/copforce-extra-6\/","title":{"rendered":"COPFORCE\u00ae EXTRA"},"content":{"rendered":"","protected":false},"excerpt":{"rendered":"<p>Gomba\u00f6l\u0151 szer n\u00f6v\u00e9nyek lev\u00e9lbetegs\u00e9gei ellen prevent\u00edv \u00e9s gy\u00f3gy\u00edt\u00f3 hat\u00e1ssal a burgonya \u00e9s a paradicsom fitoft\u00f3r\u00e1s megbeteged\u00e9sei burgonya.<\/p>\n<p>A term\u00e9k v\u00edzben diszperg\u00e1l\u00f3d\u00f3 granul\u00e1tum form\u00e1j\u00e1ban van, \u00e9s 60 g\/kg Cimoxanil-t + 300 g\/kg R\u00e9z-t (461 g\/kg r\u00e9z-hidroxid form\u00e1j\u00e1ban) tartalmaz.<\/p>\n<p><strong>Hat\u00f3anyag megnevez\u00e9se, koncentr\u00e1ci\u00f3ja: <\/strong>60 g\/kg Cymoxanil + 461 g\/kg Copper hydroxide<\/p>\n<p><strong>Szerforma:<\/strong> v\u00edzben diszperg\u00e1l\u00f3d\u00f3 granul\u00e1tum (WDG)<\/p>\n<p><strong>Egy\u00e9b el\u00e9rhet\u0151 kereskedelmi nevek: CUPMAN<sup>\u00ae<\/sup><\/strong><\/p>\n","protected":false},"featured_media":5270,"comment_status":"closed","ping_status":"closed","template":"","meta":[],"product_brand":[],"product_cat":[358,359],"product_tag":[],"class_list":{"0":"post-5891","1":"product","2":"type-product","3":"status-publish","4":"has-post-thumbnail","6":"product_cat-gombaolo-es","7":"product_cat-termekek-es","9":"first","10":"instock","11":"shipping-taxable","12":"product-type-simple"},"_links":{"self":[{"href":"https:\/\/agria-zenithcropsciences.com\/es\/wp-json\/wp\/v2\/product\/5891","targetHints":{"allow":["GET"]}}],"collection":[{"href":"https:\/\/agria-zenithcropsciences.com\/es\/wp-json\/wp\/v2\/product"}],"about":[{"href":"https:\/\/agria-zenithcropsciences.com\/es\/wp-json\/wp\/v2\/types\/product"}],"replies":[{"embeddable":true,"href":"https:\/\/agria-zenithcropsciences.com\/es\/wp-json\/wp\/v2\/comments?post=5891"}],"wp:featuredmedia":[{"embeddable":true,"href":"https:\/\/agria-zenithcropsciences.com\/es\/wp-json\/wp\/v2\/media\/5270"}],"wp:attachment":[{"href":"https:\/\/agria-zenithcropsciences.com\/es\/wp-json\/wp\/v2\/media?parent=5891"}],"wp:term":[{"taxonomy":"product_brand","embeddable":true,"href":"https:\/\/agria-zenithcropsciences.com\/es\/wp-json\/wp\/v2\/product_brand?post=5891"},{"taxonomy":"product_cat","embeddable":true,"href":"https:\/\/agria-zenithcropsciences.com\/es\/wp-json\/wp\/v2\/product_cat?post=5891"},{"taxonomy":"product_tag","embeddable":true,"href":"https:\/\/agria-zenithcropsciences.com\/es\/wp-json\/wp\/v2\/product_tag?post=5891"}],"curies":[{"name":"wp","href":"https:\/\/api.w.org\/{rel}","templated":true}]}}