{"id":5895,"date":"2020-03-17T12:13:14","date_gmt":"2020-03-17T10:13:14","guid":{"rendered":"https:\/\/agria-zenithcropsciences.com\/product\/corida-13\/"},"modified":"2021-09-11T17:36:40","modified_gmt":"2021-09-11T14:36:40","slug":"corida-13","status":"publish","type":"product","link":"https:\/\/agria-zenithcropsciences.com\/es\/product\/corida-13\/","title":{"rendered":"CORIDA\u00ae"},"content":{"rendered":"","protected":false},"excerpt":{"rendered":"<p>Szelekt\u00edv, szisztemikus gyomirt\u00f3 szer a gazdas\u00e1gi szempontb\u00f3l jelent\u0151s sz\u00e9les level\u0171 gyomn\u00f6v\u00e9nyek visszaszor\u00edt\u00e1s\u00e1ra gabonaf\u00f6ldeken.<\/p>\n<p><strong>CORIDA<\/strong>\u00a0 (v\u00edzben diszperg\u00e1lhat\u00f3 granul\u00e1tum) form\u00e1j\u00e1ban, amely 750 g\/kg tribenuron-metilt tartalmaz.<\/p>\n<p><strong>Hat\u00f3anyag megnevez\u00e9se, koncentr\u00e1ci\u00f3ja<\/strong><strong>: <\/strong>750 g\/kg Tribenuron-methyl<\/p>\n<p><strong>Szerforma<\/strong><strong>:<\/strong> Vod\u011b dispergovateln\u00e9 granule (WG)<\/p>\n<p><b><span lang=\"EN-GB\">Egy<\/span><\/b><b><span lang=\"BG\">\u00e9<\/span><\/b><b><span lang=\"EN-GB\">b el<\/span><\/b><b><span lang=\"BG\">\u00e9<\/span><\/b><b><span lang=\"EN-GB\">rhet<\/span><\/b><b><span lang=\"BG\">\u0151\u00a0<\/span><\/b><b><span lang=\"EN-GB\">kereskedelmi nevek<\/span><\/b><b><span lang=\"BG\">:<\/span><\/b><span lang=\"BG\">\u00a0<\/span><b><span lang=\"EN-GB\">ADENTIS<\/span><\/b><b><span lang=\"BG\">\u00ae,\u00a0<\/span><\/b><b><span lang=\"EN-GB\">SHLEM<\/span><\/b><b><span lang=\"BG\">\u00ae<\/span><\/b><\/p>\n","protected":false},"featured_media":5305,"comment_status":"closed","ping_status":"closed","template":"","meta":[],"product_brand":[],"product_cat":[361,359],"product_tag":[],"class_list":{"0":"post-5895","1":"product","2":"type-product","3":"status-publish","4":"has-post-thumbnail","6":"product_cat-herbicidek-es","7":"product_cat-termekek-es","9":"first","10":"instock","11":"shipping-taxable","12":"product-type-simple"},"_links":{"self":[{"href":"https:\/\/agria-zenithcropsciences.com\/es\/wp-json\/wp\/v2\/product\/5895","targetHints":{"allow":["GET"]}}],"collection":[{"href":"https:\/\/agria-zenithcropsciences.com\/es\/wp-json\/wp\/v2\/product"}],"about":[{"href":"https:\/\/agria-zenithcropsciences.com\/es\/wp-json\/wp\/v2\/types\/product"}],"replies":[{"embeddable":true,"href":"https:\/\/agria-zenithcropsciences.com\/es\/wp-json\/wp\/v2\/comments?post=5895"}],"wp:featuredmedia":[{"embeddable":true,"href":"https:\/\/agria-zenithcropsciences.com\/es\/wp-json\/wp\/v2\/media\/5305"}],"wp:attachment":[{"href":"https:\/\/agria-zenithcropsciences.com\/es\/wp-json\/wp\/v2\/media?parent=5895"}],"wp:term":[{"taxonomy":"product_brand","embeddable":true,"href":"https:\/\/agria-zenithcropsciences.com\/es\/wp-json\/wp\/v2\/product_brand?post=5895"},{"taxonomy":"product_cat","embeddable":true,"href":"https:\/\/agria-zenithcropsciences.com\/es\/wp-json\/wp\/v2\/product_cat?post=5895"},{"taxonomy":"product_tag","embeddable":true,"href":"https:\/\/agria-zenithcropsciences.com\/es\/wp-json\/wp\/v2\/product_tag?post=5895"}],"curies":[{"name":"wp","href":"https:\/\/api.w.org\/{rel}","templated":true}]}}