{"id":5903,"date":"2020-03-12T15:03:29","date_gmt":"2020-03-12T13:03:29","guid":{"rendered":"https:\/\/agria-zenithcropsciences.com\/product\/rival-15\/"},"modified":"2020-03-12T15:03:29","modified_gmt":"2020-03-12T13:03:29","slug":"rival-15","status":"publish","type":"product","link":"https:\/\/agria-zenithcropsciences.com\/es\/product\/rival-15\/","title":{"rendered":"RIVAL\u00ae"},"content":{"rendered":"","protected":false},"excerpt":{"rendered":"<p><strong>RIVAL<sup>\u00ae<\/sup> <\/strong>jest fungicydem w formie koncentratu do sporz\u0105dzania roztworu wodnego, o dzia\u0142aniu uk\u0142adowym, do stosowania zapobiegawczego i interwencyjnego w uprawach szklarniowych.<\/p>\n<p><strong>Kompozycja <\/strong>722 g\/l Propamocarb hydrochloride<\/p>\n<p><strong>Rodzaj preparatu: <\/strong>Rozpuszczalna ciecz (SL)<\/p>\n<p><strong>Inne dost\u0119pne nazwy handlowe: OMIX<sup>\u00ae<\/sup><\/strong><\/p>\n","protected":false},"featured_media":4874,"comment_status":"closed","ping_status":"closed","template":"","meta":[],"product_brand":[],"product_cat":[368,369],"product_tag":[],"class_list":{"0":"post-5903","1":"product","2":"type-product","3":"status-publish","4":"has-post-thumbnail","6":"product_cat-fungicydy-es","7":"product_cat-products-poland-es","9":"first","10":"instock","11":"shipping-taxable","12":"product-type-simple"},"_links":{"self":[{"href":"https:\/\/agria-zenithcropsciences.com\/es\/wp-json\/wp\/v2\/product\/5903","targetHints":{"allow":["GET"]}}],"collection":[{"href":"https:\/\/agria-zenithcropsciences.com\/es\/wp-json\/wp\/v2\/product"}],"about":[{"href":"https:\/\/agria-zenithcropsciences.com\/es\/wp-json\/wp\/v2\/types\/product"}],"replies":[{"embeddable":true,"href":"https:\/\/agria-zenithcropsciences.com\/es\/wp-json\/wp\/v2\/comments?post=5903"}],"wp:featuredmedia":[{"embeddable":true,"href":"https:\/\/agria-zenithcropsciences.com\/es\/wp-json\/wp\/v2\/media\/4874"}],"wp:attachment":[{"href":"https:\/\/agria-zenithcropsciences.com\/es\/wp-json\/wp\/v2\/media?parent=5903"}],"wp:term":[{"taxonomy":"product_brand","embeddable":true,"href":"https:\/\/agria-zenithcropsciences.com\/es\/wp-json\/wp\/v2\/product_brand?post=5903"},{"taxonomy":"product_cat","embeddable":true,"href":"https:\/\/agria-zenithcropsciences.com\/es\/wp-json\/wp\/v2\/product_cat?post=5903"},{"taxonomy":"product_tag","embeddable":true,"href":"https:\/\/agria-zenithcropsciences.com\/es\/wp-json\/wp\/v2\/product_tag?post=5903"}],"curies":[{"name":"wp","href":"https:\/\/api.w.org\/{rel}","templated":true}]}}