{"id":5907,"date":"2020-03-12T15:01:41","date_gmt":"2020-03-12T13:01:41","guid":{"rendered":"https:\/\/agria-zenithcropsciences.com\/product\/trepach-8\/"},"modified":"2020-03-12T15:01:41","modified_gmt":"2020-03-12T13:01:41","slug":"trepach-8","status":"publish","type":"product","link":"https:\/\/agria-zenithcropsciences.com\/es\/product\/trepach-8\/","title":{"rendered":"TREPACH\u00ae"},"content":{"rendered":"","protected":false},"excerpt":{"rendered":"<p>HERBICYD\u00a0 selektywny o dzia\u0142aniu uk\u0142adowym, stosowany nalistnie, w formie koncentratu do sporz\u0105dzania emulsji wodnej (EC).<\/p>\n<p>Zgodnie z klasyfikacj\u0105 HRAC substancja czynna chizalofop-P-etylowy zosta\u0142a zaklasyfikowana do grupy A.<\/p>\n<p><strong>Kompozycja<\/strong>: 50 g\/l Quizalofop-P-ethyl<\/p>\n<p><strong>Rodzaj preparatu: <\/strong>Emulsji wodnej (EC)<\/p>\n<p><strong>Inne dost\u0119pne nazwy handlowe: DARIUM<sup>\u00ae<\/sup><\/strong><\/p>\n","protected":false},"featured_media":4880,"comment_status":"closed","ping_status":"closed","template":"","meta":[],"product_brand":[],"product_cat":[371,369],"product_tag":[],"class_list":{"0":"post-5907","1":"product","2":"type-product","3":"status-publish","4":"has-post-thumbnail","6":"product_cat-herbicydy-es","7":"product_cat-products-poland-es","9":"first","10":"instock","11":"shipping-taxable","12":"product-type-simple"},"_links":{"self":[{"href":"https:\/\/agria-zenithcropsciences.com\/es\/wp-json\/wp\/v2\/product\/5907","targetHints":{"allow":["GET"]}}],"collection":[{"href":"https:\/\/agria-zenithcropsciences.com\/es\/wp-json\/wp\/v2\/product"}],"about":[{"href":"https:\/\/agria-zenithcropsciences.com\/es\/wp-json\/wp\/v2\/types\/product"}],"replies":[{"embeddable":true,"href":"https:\/\/agria-zenithcropsciences.com\/es\/wp-json\/wp\/v2\/comments?post=5907"}],"wp:featuredmedia":[{"embeddable":true,"href":"https:\/\/agria-zenithcropsciences.com\/es\/wp-json\/wp\/v2\/media\/4880"}],"wp:attachment":[{"href":"https:\/\/agria-zenithcropsciences.com\/es\/wp-json\/wp\/v2\/media?parent=5907"}],"wp:term":[{"taxonomy":"product_brand","embeddable":true,"href":"https:\/\/agria-zenithcropsciences.com\/es\/wp-json\/wp\/v2\/product_brand?post=5907"},{"taxonomy":"product_cat","embeddable":true,"href":"https:\/\/agria-zenithcropsciences.com\/es\/wp-json\/wp\/v2\/product_cat?post=5907"},{"taxonomy":"product_tag","embeddable":true,"href":"https:\/\/agria-zenithcropsciences.com\/es\/wp-json\/wp\/v2\/product_tag?post=5907"}],"curies":[{"name":"wp","href":"https:\/\/api.w.org\/{rel}","templated":true}]}}