{"id":5909,"date":"2020-03-12T15:00:11","date_gmt":"2020-03-12T13:00:11","guid":{"rendered":"https:\/\/agria-zenithcropsciences.com\/product\/corida-12\/"},"modified":"2020-03-12T15:00:11","modified_gmt":"2020-03-12T13:00:11","slug":"corida-12","status":"publish","type":"product","link":"https:\/\/agria-zenithcropsciences.com\/es\/product\/corida-12\/","title":{"rendered":"CORIDA\u00ae"},"content":{"rendered":"","protected":false},"excerpt":{"rendered":"<p>HERBICYD selektywny o dzia\u0142aniu uk\u0142adowym, stosowany nalistnie, w formie rozpuszczalnych w wodzie granulek (WDG) zawieraj\u0105cych 750 g\/kg tribenuronu metylu.<\/p>\n<p>Zgodnie z klasyfikacj\u0105 HRAC substancja czynna tribenuron metylowy zaliczana jest do grupy B.<\/p>\n<p><strong>Kompozycja<\/strong>: 750 g\/kg Tribenuron-methyl<\/p>\n<p><strong>Rodzaj preparatu<\/strong>: Wodzie granulek (WDG)<\/p>\n<p><strong>Inne dost\u0119pne nazwy handlowe: ADENTIS<sup>\u00ae<\/sup>, ANIMUS<sup>\u00ae<\/sup>, SHLEM<sup>\u00ae<\/sup><\/strong><\/p>\n","protected":false},"featured_media":4864,"comment_status":"closed","ping_status":"closed","template":"","meta":[],"product_brand":[],"product_cat":[371,369],"product_tag":[],"class_list":{"0":"post-5909","1":"product","2":"type-product","3":"status-publish","4":"has-post-thumbnail","6":"product_cat-herbicydy-es","7":"product_cat-products-poland-es","9":"first","10":"instock","11":"shipping-taxable","12":"product-type-simple"},"_links":{"self":[{"href":"https:\/\/agria-zenithcropsciences.com\/es\/wp-json\/wp\/v2\/product\/5909","targetHints":{"allow":["GET"]}}],"collection":[{"href":"https:\/\/agria-zenithcropsciences.com\/es\/wp-json\/wp\/v2\/product"}],"about":[{"href":"https:\/\/agria-zenithcropsciences.com\/es\/wp-json\/wp\/v2\/types\/product"}],"replies":[{"embeddable":true,"href":"https:\/\/agria-zenithcropsciences.com\/es\/wp-json\/wp\/v2\/comments?post=5909"}],"wp:featuredmedia":[{"embeddable":true,"href":"https:\/\/agria-zenithcropsciences.com\/es\/wp-json\/wp\/v2\/media\/4864"}],"wp:attachment":[{"href":"https:\/\/agria-zenithcropsciences.com\/es\/wp-json\/wp\/v2\/media?parent=5909"}],"wp:term":[{"taxonomy":"product_brand","embeddable":true,"href":"https:\/\/agria-zenithcropsciences.com\/es\/wp-json\/wp\/v2\/product_brand?post=5909"},{"taxonomy":"product_cat","embeddable":true,"href":"https:\/\/agria-zenithcropsciences.com\/es\/wp-json\/wp\/v2\/product_cat?post=5909"},{"taxonomy":"product_tag","embeddable":true,"href":"https:\/\/agria-zenithcropsciences.com\/es\/wp-json\/wp\/v2\/product_tag?post=5909"}],"curies":[{"name":"wp","href":"https:\/\/api.w.org\/{rel}","templated":true}]}}