{"id":5917,"date":"2020-03-12T14:49:17","date_gmt":"2020-03-12T12:49:17","guid":{"rendered":"https:\/\/agria-zenithcropsciences.com\/product\/trepach-7\/"},"modified":"2020-03-12T14:49:17","modified_gmt":"2020-03-12T12:49:17","slug":"trepach-7","status":"publish","type":"product","link":"https:\/\/agria-zenithcropsciences.com\/es\/product\/trepach-7\/","title":{"rendered":"TREPACH\u00ae"},"content":{"rendered":"","protected":false},"excerpt":{"rendered":"<p><strong>TREPACH<\/strong><sup>\u00ae<\/sup> um herbicida sist\u00e9mico, de absor\u00e7\u00e3o foliar, translocado na planta atrav\u00e9s do xilema e do floema, com acumula\u00e7\u00e3o nos tecidos meristem\u00e1ticos. Pertence ao grupo qu\u00edmico ariloxifenoxipropionato e inibe a bioss\u00edntese dos \u00e1cidos gordos (inibindo a atividade da enzima acetil Coenzima-A carboxilase, ACCase).<\/p>\n<p><strong>Composi\u00e7\u00e3o: <\/strong>50 g\/l Quizalofop-P-ethyl<\/p>\n<p><strong>Tipo de formula\u00e7\u00e3o: <\/strong>Concentrado para emuls\u00e3o (EC)<\/p>\n","protected":false},"featured_media":4931,"comment_status":"closed","ping_status":"closed","template":"","meta":[],"product_brand":[],"product_cat":[377,375],"product_tag":[],"class_list":{"0":"post-5917","1":"product","2":"type-product","3":"status-publish","4":"has-post-thumbnail","6":"product_cat-herbicides-es","7":"product_cat-products-portugal-es","9":"first","10":"instock","11":"shipping-taxable","12":"product-type-simple"},"_links":{"self":[{"href":"https:\/\/agria-zenithcropsciences.com\/es\/wp-json\/wp\/v2\/product\/5917","targetHints":{"allow":["GET"]}}],"collection":[{"href":"https:\/\/agria-zenithcropsciences.com\/es\/wp-json\/wp\/v2\/product"}],"about":[{"href":"https:\/\/agria-zenithcropsciences.com\/es\/wp-json\/wp\/v2\/types\/product"}],"replies":[{"embeddable":true,"href":"https:\/\/agria-zenithcropsciences.com\/es\/wp-json\/wp\/v2\/comments?post=5917"}],"wp:featuredmedia":[{"embeddable":true,"href":"https:\/\/agria-zenithcropsciences.com\/es\/wp-json\/wp\/v2\/media\/4931"}],"wp:attachment":[{"href":"https:\/\/agria-zenithcropsciences.com\/es\/wp-json\/wp\/v2\/media?parent=5917"}],"wp:term":[{"taxonomy":"product_brand","embeddable":true,"href":"https:\/\/agria-zenithcropsciences.com\/es\/wp-json\/wp\/v2\/product_brand?post=5917"},{"taxonomy":"product_cat","embeddable":true,"href":"https:\/\/agria-zenithcropsciences.com\/es\/wp-json\/wp\/v2\/product_cat?post=5917"},{"taxonomy":"product_tag","embeddable":true,"href":"https:\/\/agria-zenithcropsciences.com\/es\/wp-json\/wp\/v2\/product_tag?post=5917"}],"curies":[{"name":"wp","href":"https:\/\/api.w.org\/{rel}","templated":true}]}}