{"id":5919,"date":"2020-03-12T14:48:19","date_gmt":"2020-03-12T12:48:19","guid":{"rendered":"https:\/\/agria-zenithcropsciences.com\/product\/smerch-5\/"},"modified":"2020-03-12T14:48:19","modified_gmt":"2020-03-12T12:48:19","slug":"smerch-5","status":"publish","type":"product","link":"https:\/\/agria-zenithcropsciences.com\/es\/product\/smerch-5\/","title":{"rendered":"SMERCH\u00ae"},"content":{"rendered":"","protected":false},"excerpt":{"rendered":"<p><strong>SMERCH<sup>\u00ae <\/sup><\/strong>\u00e9 um herbicida com a\u00e7\u00e3o de contacto, formulado com base em oxifluorfena que pertence \u00e0 fam\u00edlia qu\u00edmica de difenil\u00e9ter, tem absor\u00e7\u00e3o pelas ra\u00edzes, caul\u00edculos e cole\u00f3ptilos. Transloca\u00e7\u00e3o limitada. Inibe a bioss\u00edntese da clorofila (inibindo a enzima protoporfirinog\u00e9nio oxidase, protox).<\/p>\n<p><strong>Composi\u00e7\u00e3o: <\/strong>240 g\/l Oxyfluorfen<\/p>\n<p><strong>Tipo de formula\u00e7\u00e3o: <\/strong>Concentrado para emuls\u00e3o (EC)<\/p>\n","protected":false},"featured_media":5640,"comment_status":"closed","ping_status":"closed","template":"","meta":[],"product_brand":[],"product_cat":[377,375],"product_tag":[],"class_list":{"0":"post-5919","1":"product","2":"type-product","3":"status-publish","4":"has-post-thumbnail","6":"product_cat-herbicides-es","7":"product_cat-products-portugal-es","9":"first","10":"instock","11":"shipping-taxable","12":"product-type-simple"},"_links":{"self":[{"href":"https:\/\/agria-zenithcropsciences.com\/es\/wp-json\/wp\/v2\/product\/5919","targetHints":{"allow":["GET"]}}],"collection":[{"href":"https:\/\/agria-zenithcropsciences.com\/es\/wp-json\/wp\/v2\/product"}],"about":[{"href":"https:\/\/agria-zenithcropsciences.com\/es\/wp-json\/wp\/v2\/types\/product"}],"replies":[{"embeddable":true,"href":"https:\/\/agria-zenithcropsciences.com\/es\/wp-json\/wp\/v2\/comments?post=5919"}],"wp:featuredmedia":[{"embeddable":true,"href":"https:\/\/agria-zenithcropsciences.com\/es\/wp-json\/wp\/v2\/media\/5640"}],"wp:attachment":[{"href":"https:\/\/agria-zenithcropsciences.com\/es\/wp-json\/wp\/v2\/media?parent=5919"}],"wp:term":[{"taxonomy":"product_brand","embeddable":true,"href":"https:\/\/agria-zenithcropsciences.com\/es\/wp-json\/wp\/v2\/product_brand?post=5919"},{"taxonomy":"product_cat","embeddable":true,"href":"https:\/\/agria-zenithcropsciences.com\/es\/wp-json\/wp\/v2\/product_cat?post=5919"},{"taxonomy":"product_tag","embeddable":true,"href":"https:\/\/agria-zenithcropsciences.com\/es\/wp-json\/wp\/v2\/product_tag?post=5919"}],"curies":[{"name":"wp","href":"https:\/\/api.w.org\/{rel}","templated":true}]}}