{"id":5921,"date":"2020-03-12T14:45:38","date_gmt":"2020-03-12T12:45:38","guid":{"rendered":"https:\/\/agria-zenithcropsciences.com\/product\/corida-11\/"},"modified":"2020-03-12T14:45:38","modified_gmt":"2020-03-12T12:45:38","slug":"corida-11","status":"publish","type":"product","link":"https:\/\/agria-zenithcropsciences.com\/es\/product\/corida-11\/","title":{"rendered":"CORIDA\u00ae"},"content":{"rendered":"","protected":false},"excerpt":{"rendered":"<p><strong>CORIDA<sup>\u00ae <\/sup><\/strong>\u00e9 um herbicida residual, sist\u00e9mico, com absor\u00e7\u00e3o foliar e radicular, sendo mais eficaz nos primeiros estados de desenvolvimento, quando estas se encontram num per\u00edodo de vegeta\u00e7\u00e3o activa. \u00c9 indicado para o combate das infestantes dicotiled\u00f3neas em trigo e cevada.<\/p>\n<p>Cont\u00e9m a subst\u00e2ncia ativa tribenur\u00e3o-metilo, pertencente \u00e0 fam\u00edlia qu\u00edmica das sulfonilureias, atuando atrav\u00e9s da inibi\u00e7\u00e3o da bioss\u00edntese dos amino\u00e1cidos valina, leucina e isoleucina (inibindo a actividade da enzima acetolactato sintase, ALS).<\/p>\n<p><strong>Composi\u00e7\u00e3o<\/strong>: 750 g\/kg Tribenuron-methyl<\/p>\n<p><strong>Tipo de formula\u00e7\u00e3o:<\/strong> Gr\u00e2nulos dispers\u00edveis<\/p>\n","protected":false},"featured_media":4919,"comment_status":"closed","ping_status":"closed","template":"","meta":[],"product_brand":[],"product_cat":[377,375],"product_tag":[],"class_list":{"0":"post-5921","1":"product","2":"type-product","3":"status-publish","4":"has-post-thumbnail","6":"product_cat-herbicides-es","7":"product_cat-products-portugal-es","9":"first","10":"instock","11":"shipping-taxable","12":"product-type-simple"},"_links":{"self":[{"href":"https:\/\/agria-zenithcropsciences.com\/es\/wp-json\/wp\/v2\/product\/5921","targetHints":{"allow":["GET"]}}],"collection":[{"href":"https:\/\/agria-zenithcropsciences.com\/es\/wp-json\/wp\/v2\/product"}],"about":[{"href":"https:\/\/agria-zenithcropsciences.com\/es\/wp-json\/wp\/v2\/types\/product"}],"replies":[{"embeddable":true,"href":"https:\/\/agria-zenithcropsciences.com\/es\/wp-json\/wp\/v2\/comments?post=5921"}],"wp:featuredmedia":[{"embeddable":true,"href":"https:\/\/agria-zenithcropsciences.com\/es\/wp-json\/wp\/v2\/media\/4919"}],"wp:attachment":[{"href":"https:\/\/agria-zenithcropsciences.com\/es\/wp-json\/wp\/v2\/media?parent=5921"}],"wp:term":[{"taxonomy":"product_brand","embeddable":true,"href":"https:\/\/agria-zenithcropsciences.com\/es\/wp-json\/wp\/v2\/product_brand?post=5921"},{"taxonomy":"product_cat","embeddable":true,"href":"https:\/\/agria-zenithcropsciences.com\/es\/wp-json\/wp\/v2\/product_cat?post=5921"},{"taxonomy":"product_tag","embeddable":true,"href":"https:\/\/agria-zenithcropsciences.com\/es\/wp-json\/wp\/v2\/product_tag?post=5921"}],"curies":[{"name":"wp","href":"https:\/\/api.w.org\/{rel}","templated":true}]}}