{"id":5926,"date":"2020-03-12T14:30:46","date_gmt":"2020-03-12T12:30:46","guid":{"rendered":"https:\/\/agria-zenithcropsciences.com\/product\/rival-13\/"},"modified":"2020-03-12T14:30:46","modified_gmt":"2020-03-12T12:30:46","slug":"rival-13","status":"publish","type":"product","link":"https:\/\/agria-zenithcropsciences.com\/es\/product\/rival-13\/","title":{"rendered":"RIVAL\u00ae"},"content":{"rendered":"","protected":false},"excerpt":{"rendered":"<p>Pr\u00edpravok <strong>RIVAL<sup>\u00ae<\/sup><\/strong> je syst\u00e9mov\u00fd fungic\u00edd vo forme kvapaln\u00e9ho koncentr\u00e1tu pre riedenie vodou (SL) s \u00fa\u010dinkom proti hubov\u00fdm chorob\u00e1m zeleniny a okrasn\u00fdch rastl\u00edn pestovan\u00fdch v sklen\u00edkoch. Pou\u017e\u00edva sa na ochranu kl\u00ed\u010diacich semien, saden\u00edc, odrezkov, cib\u00fa\u013e a rastl\u00edn pred napadnut\u00edm prav\u00fdmi ples\u0148ami.<\/p>\n<p><strong>\u00da\u010dinn\u00e1 l\u00e1tka: <\/strong>722 g\/l Propamocarb hydrochloride<\/p>\n<p><strong>Typ zlo\u017eenia: <\/strong>Riedenie vodou (SL)<\/p>\n<p><strong>In\u00e9 dostupn\u00e9 obchodn\u00e9:<\/strong> <strong>OMIX<sup>\u00ae<\/sup><\/strong><\/p>\n","protected":false},"featured_media":4940,"comment_status":"closed","ping_status":"closed","template":"","meta":[],"product_brand":[],"product_cat":[380,381],"product_tag":[],"class_list":{"0":"post-5926","1":"product","2":"type-product","3":"status-publish","4":"has-post-thumbnail","6":"product_cat-fungicidy-es","7":"product_cat-products-slovakia-es","9":"first","10":"instock","11":"shipping-taxable","12":"product-type-simple"},"_links":{"self":[{"href":"https:\/\/agria-zenithcropsciences.com\/es\/wp-json\/wp\/v2\/product\/5926","targetHints":{"allow":["GET"]}}],"collection":[{"href":"https:\/\/agria-zenithcropsciences.com\/es\/wp-json\/wp\/v2\/product"}],"about":[{"href":"https:\/\/agria-zenithcropsciences.com\/es\/wp-json\/wp\/v2\/types\/product"}],"replies":[{"embeddable":true,"href":"https:\/\/agria-zenithcropsciences.com\/es\/wp-json\/wp\/v2\/comments?post=5926"}],"wp:featuredmedia":[{"embeddable":true,"href":"https:\/\/agria-zenithcropsciences.com\/es\/wp-json\/wp\/v2\/media\/4940"}],"wp:attachment":[{"href":"https:\/\/agria-zenithcropsciences.com\/es\/wp-json\/wp\/v2\/media?parent=5926"}],"wp:term":[{"taxonomy":"product_brand","embeddable":true,"href":"https:\/\/agria-zenithcropsciences.com\/es\/wp-json\/wp\/v2\/product_brand?post=5926"},{"taxonomy":"product_cat","embeddable":true,"href":"https:\/\/agria-zenithcropsciences.com\/es\/wp-json\/wp\/v2\/product_cat?post=5926"},{"taxonomy":"product_tag","embeddable":true,"href":"https:\/\/agria-zenithcropsciences.com\/es\/wp-json\/wp\/v2\/product_tag?post=5926"}],"curies":[{"name":"wp","href":"https:\/\/api.w.org\/{rel}","templated":true}]}}