{"id":5927,"date":"2020-03-12T14:33:12","date_gmt":"2020-03-12T12:33:12","guid":{"rendered":"https:\/\/agria-zenithcropsciences.com\/product\/copforce-extra-4\/"},"modified":"2020-06-07T11:36:17","modified_gmt":"2020-06-07T08:36:17","slug":"copforce-extra-4","status":"publish","type":"product","link":"https:\/\/agria-zenithcropsciences.com\/es\/product\/copforce-extra-4\/","title":{"rendered":"COPFORCE \u00ae EXTRA"},"content":{"rendered":"","protected":false},"excerpt":{"rendered":"<p><strong>COPFORCE<sup>\u00ae<\/sup> EXTRA<\/strong> je kombinovan\u00fd fungic\u00eddny pr\u00edpravok vo forme vodou dispergovate\u013en\u00fdch gran\u00fal (WG) ur\u010den\u00fd na ochranu proti plesni zemiakovej na zemiakoch a peronosp\u00f3re vini\u010da na vini\u010di.<\/p>\n<p><strong>\u00da\u010dinn\u00e1 l\u00e1tka<\/strong>: 60 g\/kg Cymoxanil and 461 g\/kg Copper hydrochloride<\/p>\n<p><strong>Typ zlo\u017eenia<\/strong>: Vodou dispergovate\u013en\u00fdch gran\u00fal (WG)<\/p>\n<p><strong>In\u00e9 dostupn\u00e9 obchodn\u00e9: CUPMAN<sup>\u00ae<\/sup><\/strong><\/p>\n","protected":false},"featured_media":6864,"comment_status":"closed","ping_status":"closed","template":"","meta":[],"product_brand":[],"product_cat":[380,381],"product_tag":[],"class_list":{"0":"post-5927","1":"product","2":"type-product","3":"status-publish","4":"has-post-thumbnail","6":"product_cat-fungicidy-es","7":"product_cat-products-slovakia-es","9":"first","10":"instock","11":"shipping-taxable","12":"product-type-simple"},"_links":{"self":[{"href":"https:\/\/agria-zenithcropsciences.com\/es\/wp-json\/wp\/v2\/product\/5927","targetHints":{"allow":["GET"]}}],"collection":[{"href":"https:\/\/agria-zenithcropsciences.com\/es\/wp-json\/wp\/v2\/product"}],"about":[{"href":"https:\/\/agria-zenithcropsciences.com\/es\/wp-json\/wp\/v2\/types\/product"}],"replies":[{"embeddable":true,"href":"https:\/\/agria-zenithcropsciences.com\/es\/wp-json\/wp\/v2\/comments?post=5927"}],"wp:featuredmedia":[{"embeddable":true,"href":"https:\/\/agria-zenithcropsciences.com\/es\/wp-json\/wp\/v2\/media\/6864"}],"wp:attachment":[{"href":"https:\/\/agria-zenithcropsciences.com\/es\/wp-json\/wp\/v2\/media?parent=5927"}],"wp:term":[{"taxonomy":"product_brand","embeddable":true,"href":"https:\/\/agria-zenithcropsciences.com\/es\/wp-json\/wp\/v2\/product_brand?post=5927"},{"taxonomy":"product_cat","embeddable":true,"href":"https:\/\/agria-zenithcropsciences.com\/es\/wp-json\/wp\/v2\/product_cat?post=5927"},{"taxonomy":"product_tag","embeddable":true,"href":"https:\/\/agria-zenithcropsciences.com\/es\/wp-json\/wp\/v2\/product_tag?post=5927"}],"curies":[{"name":"wp","href":"https:\/\/api.w.org\/{rel}","templated":true}]}}