{"id":5932,"date":"2020-03-12T14:24:59","date_gmt":"2020-03-12T12:24:59","guid":{"rendered":"https:\/\/agria-zenithcropsciences.com\/product\/corida-10\/"},"modified":"2020-09-18T13:09:57","modified_gmt":"2020-09-18T10:09:57","slug":"corida-10","status":"publish","type":"product","link":"https:\/\/agria-zenithcropsciences.com\/es\/product\/corida-10\/","title":{"rendered":"CORIDA\u00ae"},"content":{"rendered":"","protected":false},"excerpt":{"rendered":"<p><strong>CORIDA\u00ae<\/strong> je selekt\u00edvny herbic\u00eddny pr\u00edpravok vo forme vo vode dispergovate\u013en\u00e9ho granul\u00e1tu (WG) s kr\u00e1tkym rezidu\u00e1lnym \u00fa\u010dinkom ur\u010den\u00fd na postemergentn\u00fa aplik\u00e1ciu v p\u0161enici jarnej, p\u0161enici ozimnej, ja\u010dmeni jarnom a ja\u010dmeni ozimnom bez podsevu proti jednoro\u010dn\u00fdm dvojkl\u00ed\u010dnolistov\u00fdm burin\u00e1m.<\/p>\n<p><strong>\u00da\u010dinn\u00e1 l\u00e1tka:<\/strong> 750 g\/kg Tribenuron-methyl<\/p>\n<p><strong>Typ zlo\u017eenia:<\/strong> vode dispergovate\u013en\u00e9ho granul\u00e1tu (WDG)<\/p>\n<p><strong>In\u00e9 dostupn\u00e9 obchodn\u00e9 n\u00e1zvy:<\/strong> <strong>ADENTIS\u00ae<\/strong><\/p>\n","protected":false},"featured_media":7029,"comment_status":"closed","ping_status":"closed","template":"","meta":[],"product_brand":[],"product_cat":[383,381],"product_tag":[],"class_list":{"0":"post-5932","1":"product","2":"type-product","3":"status-publish","4":"has-post-thumbnail","6":"product_cat-herbicidy-es","7":"product_cat-products-slovakia-es","9":"first","10":"instock","11":"shipping-taxable","12":"product-type-simple"},"_links":{"self":[{"href":"https:\/\/agria-zenithcropsciences.com\/es\/wp-json\/wp\/v2\/product\/5932","targetHints":{"allow":["GET"]}}],"collection":[{"href":"https:\/\/agria-zenithcropsciences.com\/es\/wp-json\/wp\/v2\/product"}],"about":[{"href":"https:\/\/agria-zenithcropsciences.com\/es\/wp-json\/wp\/v2\/types\/product"}],"replies":[{"embeddable":true,"href":"https:\/\/agria-zenithcropsciences.com\/es\/wp-json\/wp\/v2\/comments?post=5932"}],"wp:featuredmedia":[{"embeddable":true,"href":"https:\/\/agria-zenithcropsciences.com\/es\/wp-json\/wp\/v2\/media\/7029"}],"wp:attachment":[{"href":"https:\/\/agria-zenithcropsciences.com\/es\/wp-json\/wp\/v2\/media?parent=5932"}],"wp:term":[{"taxonomy":"product_brand","embeddable":true,"href":"https:\/\/agria-zenithcropsciences.com\/es\/wp-json\/wp\/v2\/product_brand?post=5932"},{"taxonomy":"product_cat","embeddable":true,"href":"https:\/\/agria-zenithcropsciences.com\/es\/wp-json\/wp\/v2\/product_cat?post=5932"},{"taxonomy":"product_tag","embeddable":true,"href":"https:\/\/agria-zenithcropsciences.com\/es\/wp-json\/wp\/v2\/product_tag?post=5932"}],"curies":[{"name":"wp","href":"https:\/\/api.w.org\/{rel}","templated":true}]}}