{"id":5936,"date":"2020-03-12T13:51:21","date_gmt":"2020-03-12T11:51:21","guid":{"rendered":"https:\/\/agria-zenithcropsciences.com\/product\/copforce-extra-3\/"},"modified":"2020-03-12T13:51:21","modified_gmt":"2020-03-12T11:51:21","slug":"copforce-extra-3","status":"publish","type":"product","link":"https:\/\/agria-zenithcropsciences.com\/es\/product\/copforce-extra-3\/","title":{"rendered":"COPFORCE \u00ae EXTRA"},"content":{"rendered":"","protected":false},"excerpt":{"rendered":"<p>Sredstvo <strong>COPFORCE<sup>\u00ae<\/sup> EXTRA<\/strong> zdru\u017euje lastnosti aktivnih snovi cimoksanil in bakrov hidroksid. Cimoksanil je lokosistemik s translaminarnim delovanjem, hitro prodre v tkivo rastline in prepre\u010di nastanek oku\u017ebe. Na glivo povzro\u010diteljico bolezni deluje preventivno in kurativno. Baker deluje kontaktno in preventivno. Na povr\u0161ini rastline ustvari za\u0161\u010ditno plast in jo varuje pred novo oku\u017ebo.<\/p>\n<p><strong>Vsebuje<\/strong>: 60 g\/kg Cymoxanil and 461 g\/kg Copper hydrochloride<\/p>\n<p><strong>Vrsta formulacije<\/strong>: Mo\u010dljivih zrnc (WG)<\/p>\n","protected":false},"featured_media":4952,"comment_status":"closed","ping_status":"closed","template":"","meta":[],"product_brand":[],"product_cat":[386,387],"product_tag":[],"class_list":{"0":"post-5936","1":"product","2":"type-product","3":"status-publish","4":"has-post-thumbnail","6":"product_cat-fungicidi-products-slovenia-es","7":"product_cat-products-slovenia-es","9":"first","10":"instock","11":"shipping-taxable","12":"product-type-simple"},"_links":{"self":[{"href":"https:\/\/agria-zenithcropsciences.com\/es\/wp-json\/wp\/v2\/product\/5936","targetHints":{"allow":["GET"]}}],"collection":[{"href":"https:\/\/agria-zenithcropsciences.com\/es\/wp-json\/wp\/v2\/product"}],"about":[{"href":"https:\/\/agria-zenithcropsciences.com\/es\/wp-json\/wp\/v2\/types\/product"}],"replies":[{"embeddable":true,"href":"https:\/\/agria-zenithcropsciences.com\/es\/wp-json\/wp\/v2\/comments?post=5936"}],"wp:featuredmedia":[{"embeddable":true,"href":"https:\/\/agria-zenithcropsciences.com\/es\/wp-json\/wp\/v2\/media\/4952"}],"wp:attachment":[{"href":"https:\/\/agria-zenithcropsciences.com\/es\/wp-json\/wp\/v2\/media?parent=5936"}],"wp:term":[{"taxonomy":"product_brand","embeddable":true,"href":"https:\/\/agria-zenithcropsciences.com\/es\/wp-json\/wp\/v2\/product_brand?post=5936"},{"taxonomy":"product_cat","embeddable":true,"href":"https:\/\/agria-zenithcropsciences.com\/es\/wp-json\/wp\/v2\/product_cat?post=5936"},{"taxonomy":"product_tag","embeddable":true,"href":"https:\/\/agria-zenithcropsciences.com\/es\/wp-json\/wp\/v2\/product_tag?post=5936"}],"curies":[{"name":"wp","href":"https:\/\/api.w.org\/{rel}","templated":true}]}}