{"id":5938,"date":"2020-03-12T13:40:09","date_gmt":"2020-03-12T11:40:09","guid":{"rendered":"https:\/\/agria-zenithcropsciences.com\/product\/rival-duo-7\/"},"modified":"2020-03-12T13:40:09","modified_gmt":"2020-03-12T11:40:09","slug":"rival-duo-7","status":"publish","type":"product","link":"https:\/\/agria-zenithcropsciences.com\/es\/product\/rival-duo-7\/","title":{"rendered":"RIVAL\u00ae DUO"},"content":{"rendered":"","protected":false},"excerpt":{"rendered":"<p>Sredstvo <strong>RIVAL<sup>\u00ae <\/sup>DUO <\/strong>je sistemi\u010dni in kontaktni fungicid s preventivnim in kurativnim delovanjem. Vsebuje aktivno snov propamokarb hidroklorid iz skupine karbamatov in aktivno snov cimoksanil iz skupine cianoacetamid oksimov.\u00a0 Sredstvo RIVAL DUO\u00ae inhibira biosintezo fosfolipidov in ma\u0161\u010dobnih kislin in tako zmanj\u0161a rast micelija in razvoj zoospor in sporangija<\/p>\n<p><strong>Vsebuje: <\/strong>50 g\/l Cymoxanil and 400 g\/l Propamocarb hydrochloride<\/p>\n<p><strong>Vrsta formulacije: <\/strong>Suspenzn\u00e9ho koncentr\u00e1tu (SC)<\/p>\n","protected":false},"featured_media":5184,"comment_status":"closed","ping_status":"closed","template":"","meta":[],"product_brand":[],"product_cat":[386,387],"product_tag":[],"class_list":{"0":"post-5938","1":"product","2":"type-product","3":"status-publish","4":"has-post-thumbnail","6":"product_cat-fungicidi-products-slovenia-es","7":"product_cat-products-slovenia-es","9":"first","10":"instock","11":"shipping-taxable","12":"product-type-simple"},"_links":{"self":[{"href":"https:\/\/agria-zenithcropsciences.com\/es\/wp-json\/wp\/v2\/product\/5938","targetHints":{"allow":["GET"]}}],"collection":[{"href":"https:\/\/agria-zenithcropsciences.com\/es\/wp-json\/wp\/v2\/product"}],"about":[{"href":"https:\/\/agria-zenithcropsciences.com\/es\/wp-json\/wp\/v2\/types\/product"}],"replies":[{"embeddable":true,"href":"https:\/\/agria-zenithcropsciences.com\/es\/wp-json\/wp\/v2\/comments?post=5938"}],"wp:featuredmedia":[{"embeddable":true,"href":"https:\/\/agria-zenithcropsciences.com\/es\/wp-json\/wp\/v2\/media\/5184"}],"wp:attachment":[{"href":"https:\/\/agria-zenithcropsciences.com\/es\/wp-json\/wp\/v2\/media?parent=5938"}],"wp:term":[{"taxonomy":"product_brand","embeddable":true,"href":"https:\/\/agria-zenithcropsciences.com\/es\/wp-json\/wp\/v2\/product_brand?post=5938"},{"taxonomy":"product_cat","embeddable":true,"href":"https:\/\/agria-zenithcropsciences.com\/es\/wp-json\/wp\/v2\/product_cat?post=5938"},{"taxonomy":"product_tag","embeddable":true,"href":"https:\/\/agria-zenithcropsciences.com\/es\/wp-json\/wp\/v2\/product_tag?post=5938"}],"curies":[{"name":"wp","href":"https:\/\/api.w.org\/{rel}","templated":true}]}}