{"id":5944,"date":"2020-03-12T13:33:38","date_gmt":"2020-03-12T11:33:38","guid":{"rendered":"https:\/\/agria-zenithcropsciences.com\/product\/trepach-5\/"},"modified":"2020-03-12T13:33:38","modified_gmt":"2020-03-12T11:33:38","slug":"trepach-5","status":"publish","type":"product","link":"https:\/\/agria-zenithcropsciences.com\/es\/product\/trepach-5\/","title":{"rendered":"TREPACH\u00ae"},"content":{"rendered":"","protected":false},"excerpt":{"rendered":"<p>Sredstvo <strong>TREPACH<sup>\u00ae<\/sup><\/strong>je selektivni sistemi\u010dni herbicid. V rastlino vstopi preko listov in se od tam premesti do rastnega vr\u0161i\u010dka, kjer zavre njegovo rast. Enoletni ozkolistni plevel v enem do dveh tednih po tretiranju porumeni ter v treh do \u0161tirih tednih po tretiranju propade. Trajni pleveli propadejo v \u0161tirih do petih tednih po tretiranju.<\/p>\n<p><strong>Vsebuje: <\/strong>50 g\/l Quizalofop-P-ethyl<\/p>\n<p><strong>Vrsta formulacije: <\/strong>Koncentrata za emulzijo (EC)<\/p>\n","protected":false},"featured_media":4967,"comment_status":"closed","ping_status":"closed","template":"","meta":[],"product_brand":[],"product_cat":[389,387],"product_tag":[],"class_list":{"0":"post-5944","1":"product","2":"type-product","3":"status-publish","4":"has-post-thumbnail","6":"product_cat-herbicidi-products-slovenia-es","7":"product_cat-products-slovenia-es","9":"first","10":"instock","11":"shipping-taxable","12":"product-type-simple"},"_links":{"self":[{"href":"https:\/\/agria-zenithcropsciences.com\/es\/wp-json\/wp\/v2\/product\/5944","targetHints":{"allow":["GET"]}}],"collection":[{"href":"https:\/\/agria-zenithcropsciences.com\/es\/wp-json\/wp\/v2\/product"}],"about":[{"href":"https:\/\/agria-zenithcropsciences.com\/es\/wp-json\/wp\/v2\/types\/product"}],"replies":[{"embeddable":true,"href":"https:\/\/agria-zenithcropsciences.com\/es\/wp-json\/wp\/v2\/comments?post=5944"}],"wp:featuredmedia":[{"embeddable":true,"href":"https:\/\/agria-zenithcropsciences.com\/es\/wp-json\/wp\/v2\/media\/4967"}],"wp:attachment":[{"href":"https:\/\/agria-zenithcropsciences.com\/es\/wp-json\/wp\/v2\/media?parent=5944"}],"wp:term":[{"taxonomy":"product_brand","embeddable":true,"href":"https:\/\/agria-zenithcropsciences.com\/es\/wp-json\/wp\/v2\/product_brand?post=5944"},{"taxonomy":"product_cat","embeddable":true,"href":"https:\/\/agria-zenithcropsciences.com\/es\/wp-json\/wp\/v2\/product_cat?post=5944"},{"taxonomy":"product_tag","embeddable":true,"href":"https:\/\/agria-zenithcropsciences.com\/es\/wp-json\/wp\/v2\/product_tag?post=5944"}],"curies":[{"name":"wp","href":"https:\/\/api.w.org\/{rel}","templated":true}]}}