{"id":6349,"date":"2020-02-14T12:14:16","date_gmt":"2020-02-14T10:14:16","guid":{"rendered":"https:\/\/agria-zenithcropsciences.com\/product\/corida-6\/"},"modified":"2020-06-08T01:44:40","modified_gmt":"2020-06-07T22:44:40","slug":"corida-6","status":"publish","type":"product","link":"https:\/\/agria-zenithcropsciences.com\/es\/product\/corida-6\/","title":{"rendered":"CORIDA\u00ae"},"content":{"rendered":"","protected":false},"excerpt":{"rendered":"<p><strong>Corida\u00ae<\/strong>\u00a0est un herbicide utilis\u00e9 pour lutter contre les dicotyl\u00e9es annuelles en cultures de froment d\u2019hiver et de printemps et d\u2019orge d\u2019hiver et de printemps.<strong>CORIDA<sup>\u00ae<\/sup><\/strong> erwies sich bei Anwendung gem\u00e4\u00df Gebrauchsanleitung in allen gepr\u00fcften Getreidearten als wirksam.<\/p>\n<p><strong>Werkzame stof: <\/strong>750 g\/kg Tribenuron-methyl<\/p>\n<p><strong>Formuleringstype<\/strong><strong>:<\/strong> Water dispergeerbaar granulaat (WDG)<\/p>\n<p><strong>Andere beschikbare handelsnamen<\/strong>: <strong>ADENTIS<\/strong><strong><sup>\u00a9<\/sup><\/strong><\/p>\n","protected":false},"featured_media":5378,"comment_status":"closed","ping_status":"closed","template":"","meta":[],"product_brand":[],"product_cat":[583,581],"product_tag":[],"class_list":{"0":"post-6349","1":"product","2":"type-product","3":"status-publish","4":"has-post-thumbnail","6":"product_cat-herbicides-5-es","7":"product_cat-products-belgium-es","9":"first","10":"instock","11":"shipping-taxable","12":"product-type-simple"},"_links":{"self":[{"href":"https:\/\/agria-zenithcropsciences.com\/es\/wp-json\/wp\/v2\/product\/6349","targetHints":{"allow":["GET"]}}],"collection":[{"href":"https:\/\/agria-zenithcropsciences.com\/es\/wp-json\/wp\/v2\/product"}],"about":[{"href":"https:\/\/agria-zenithcropsciences.com\/es\/wp-json\/wp\/v2\/types\/product"}],"replies":[{"embeddable":true,"href":"https:\/\/agria-zenithcropsciences.com\/es\/wp-json\/wp\/v2\/comments?post=6349"}],"wp:featuredmedia":[{"embeddable":true,"href":"https:\/\/agria-zenithcropsciences.com\/es\/wp-json\/wp\/v2\/media\/5378"}],"wp:attachment":[{"href":"https:\/\/agria-zenithcropsciences.com\/es\/wp-json\/wp\/v2\/media?parent=6349"}],"wp:term":[{"taxonomy":"product_brand","embeddable":true,"href":"https:\/\/agria-zenithcropsciences.com\/es\/wp-json\/wp\/v2\/product_brand?post=6349"},{"taxonomy":"product_cat","embeddable":true,"href":"https:\/\/agria-zenithcropsciences.com\/es\/wp-json\/wp\/v2\/product_cat?post=6349"},{"taxonomy":"product_tag","embeddable":true,"href":"https:\/\/agria-zenithcropsciences.com\/es\/wp-json\/wp\/v2\/product_tag?post=6349"}],"curies":[{"name":"wp","href":"https:\/\/api.w.org\/{rel}","templated":true}]}}