{"id":6355,"date":"2020-02-14T11:57:24","date_gmt":"2020-02-14T09:57:24","guid":{"rendered":"https:\/\/agria-zenithcropsciences.com\/product\/smerch-2\/"},"modified":"2020-06-08T01:23:38","modified_gmt":"2020-06-07T22:23:38","slug":"smerch-2","status":"publish","type":"product","link":"https:\/\/agria-zenithcropsciences.com\/es\/product\/smerch-2\/","title":{"rendered":"SMERCH\u00ae"},"content":{"rendered":"","protected":false},"excerpt":{"rendered":"<p><strong>SMERCH<sup>\u00ae<\/sup><\/strong> je zemlji\u0161ni kontaktni herbicid namijenjen suzbijanju jednogodi\u0161njih \u0161irokolisnih korova i nekih jednogodi\u0161njih uskolisnih korova uklju\u010duju\u0107i ko\u0161tan (Echinochloa crus-galli) u: suncokretu, vinovoj lozi (vinske i stolne sorte), jabuki i kru\u0161ki, naran\u010di, mandarini i maslini<\/p>\n<p><strong>Sastav: <\/strong>240 g\/l Oxyfluorfen<\/p>\n<p><strong>Vrsta formulacije: <\/strong>Koncentrat za emulziju (EC)<\/p>\n","protected":false},"featured_media":5396,"comment_status":"closed","ping_status":"closed","template":"","meta":[],"product_brand":[],"product_cat":[589,588],"product_tag":[],"class_list":{"0":"post-6355","1":"product","2":"type-product","3":"status-publish","4":"has-post-thumbnail","6":"product_cat-herbicidi-es","7":"product_cat-products-croatia-es","9":"first","10":"instock","11":"shipping-taxable","12":"product-type-simple"},"_links":{"self":[{"href":"https:\/\/agria-zenithcropsciences.com\/es\/wp-json\/wp\/v2\/product\/6355","targetHints":{"allow":["GET"]}}],"collection":[{"href":"https:\/\/agria-zenithcropsciences.com\/es\/wp-json\/wp\/v2\/product"}],"about":[{"href":"https:\/\/agria-zenithcropsciences.com\/es\/wp-json\/wp\/v2\/types\/product"}],"replies":[{"embeddable":true,"href":"https:\/\/agria-zenithcropsciences.com\/es\/wp-json\/wp\/v2\/comments?post=6355"}],"wp:featuredmedia":[{"embeddable":true,"href":"https:\/\/agria-zenithcropsciences.com\/es\/wp-json\/wp\/v2\/media\/5396"}],"wp:attachment":[{"href":"https:\/\/agria-zenithcropsciences.com\/es\/wp-json\/wp\/v2\/media?parent=6355"}],"wp:term":[{"taxonomy":"product_brand","embeddable":true,"href":"https:\/\/agria-zenithcropsciences.com\/es\/wp-json\/wp\/v2\/product_brand?post=6355"},{"taxonomy":"product_cat","embeddable":true,"href":"https:\/\/agria-zenithcropsciences.com\/es\/wp-json\/wp\/v2\/product_cat?post=6355"},{"taxonomy":"product_tag","embeddable":true,"href":"https:\/\/agria-zenithcropsciences.com\/es\/wp-json\/wp\/v2\/product_tag?post=6355"}],"curies":[{"name":"wp","href":"https:\/\/api.w.org\/{rel}","templated":true}]}}