{"id":6360,"date":"2020-02-14T11:53:13","date_gmt":"2020-02-14T09:53:13","guid":{"rendered":"https:\/\/agria-zenithcropsciences.com\/product\/corida-5\/"},"modified":"2020-06-08T01:23:55","modified_gmt":"2020-06-07T22:23:55","slug":"corida-5","status":"publish","type":"product","link":"https:\/\/agria-zenithcropsciences.com\/es\/product\/corida-5\/","title":{"rendered":"CORIDA\u00ae"},"content":{"rendered":"","protected":false},"excerpt":{"rendered":"<p><strong>CORIDA<sup>\u00ae<\/sup><\/strong> je selektivni sistemi\u010dni herbicid namijenjen suzbijanju jednogodi\u0161njih \u0161irokolisnih korova u ozimoj p\u0161enici i ozimom je\u010dmu.<\/p>\n<p><strong>Sastav: <\/strong>750 g\/kg Tribenuron-methyl<\/p>\n<p><strong>Vrsta formulacije:<\/strong> Vododispergiraju\u0107e granule (WG)<\/p>\n","protected":false},"featured_media":6874,"comment_status":"closed","ping_status":"closed","template":"","meta":[],"product_brand":[],"product_cat":[589,588],"product_tag":[],"class_list":{"0":"post-6360","1":"product","2":"type-product","3":"status-publish","4":"has-post-thumbnail","6":"product_cat-herbicidi-es","7":"product_cat-products-croatia-es","9":"first","10":"instock","11":"shipping-taxable","12":"product-type-simple"},"_links":{"self":[{"href":"https:\/\/agria-zenithcropsciences.com\/es\/wp-json\/wp\/v2\/product\/6360","targetHints":{"allow":["GET"]}}],"collection":[{"href":"https:\/\/agria-zenithcropsciences.com\/es\/wp-json\/wp\/v2\/product"}],"about":[{"href":"https:\/\/agria-zenithcropsciences.com\/es\/wp-json\/wp\/v2\/types\/product"}],"replies":[{"embeddable":true,"href":"https:\/\/agria-zenithcropsciences.com\/es\/wp-json\/wp\/v2\/comments?post=6360"}],"wp:featuredmedia":[{"embeddable":true,"href":"https:\/\/agria-zenithcropsciences.com\/es\/wp-json\/wp\/v2\/media\/6874"}],"wp:attachment":[{"href":"https:\/\/agria-zenithcropsciences.com\/es\/wp-json\/wp\/v2\/media?parent=6360"}],"wp:term":[{"taxonomy":"product_brand","embeddable":true,"href":"https:\/\/agria-zenithcropsciences.com\/es\/wp-json\/wp\/v2\/product_brand?post=6360"},{"taxonomy":"product_cat","embeddable":true,"href":"https:\/\/agria-zenithcropsciences.com\/es\/wp-json\/wp\/v2\/product_cat?post=6360"},{"taxonomy":"product_tag","embeddable":true,"href":"https:\/\/agria-zenithcropsciences.com\/es\/wp-json\/wp\/v2\/product_tag?post=6360"}],"curies":[{"name":"wp","href":"https:\/\/api.w.org\/{rel}","templated":true}]}}