{"id":6368,"date":"2020-02-14T11:44:26","date_gmt":"2020-02-14T09:44:26","guid":{"rendered":"https:\/\/agria-zenithcropsciences.com\/product\/stretch-4\/"},"modified":"2021-09-11T17:45:53","modified_gmt":"2021-09-11T14:45:53","slug":"stretch-4","status":"publish","type":"product","link":"https:\/\/agria-zenithcropsciences.com\/es\/product\/stretch-4\/","title":{"rendered":"STRETCH\u00ae"},"content":{"rendered":"","protected":false},"excerpt":{"rendered":"<p>Selektiv systemisches Herbizid f\u00fcr die Kontrolle von einj\u00e4hrigen zweikeimbl\u00e4ttrigen Unkr\u00e4utern und H\u00fchnerhirse im Mais.<\/p>\n<p><strong>Wirkstoff<\/strong>: 40 g\/L Nicosulfuron (4% w\/w)<\/p>\n<p><strong>Formulierungstyp<\/strong>: \u00d6lhaltiges Suspensionskonzentrat (OD)<\/p>\n<p><span lang=\"BG\"><b>Andere verf\u00fcgbare Handelsnamen<\/b>:\u00a0<b>DUCEL\u00ae<\/b><\/span><b><span lang=\"EN-GB\">\u00a0und CRASHER<\/span><\/b><b><span lang=\"BG\">\u00ae<\/span><\/b><\/p>\n","protected":false},"featured_media":3522,"comment_status":"closed","ping_status":"closed","template":"","meta":[],"product_brand":[],"product_cat":[595,593],"product_tag":[],"class_list":{"0":"post-6368","1":"product","2":"type-product","3":"status-publish","4":"has-post-thumbnail","6":"product_cat-herbizide-2-es","7":"product_cat-products-germany-es","9":"first","10":"instock","11":"shipping-taxable","12":"product-type-simple"},"_links":{"self":[{"href":"https:\/\/agria-zenithcropsciences.com\/es\/wp-json\/wp\/v2\/product\/6368","targetHints":{"allow":["GET"]}}],"collection":[{"href":"https:\/\/agria-zenithcropsciences.com\/es\/wp-json\/wp\/v2\/product"}],"about":[{"href":"https:\/\/agria-zenithcropsciences.com\/es\/wp-json\/wp\/v2\/types\/product"}],"replies":[{"embeddable":true,"href":"https:\/\/agria-zenithcropsciences.com\/es\/wp-json\/wp\/v2\/comments?post=6368"}],"wp:featuredmedia":[{"embeddable":true,"href":"https:\/\/agria-zenithcropsciences.com\/es\/wp-json\/wp\/v2\/media\/3522"}],"wp:attachment":[{"href":"https:\/\/agria-zenithcropsciences.com\/es\/wp-json\/wp\/v2\/media?parent=6368"}],"wp:term":[{"taxonomy":"product_brand","embeddable":true,"href":"https:\/\/agria-zenithcropsciences.com\/es\/wp-json\/wp\/v2\/product_brand?post=6368"},{"taxonomy":"product_cat","embeddable":true,"href":"https:\/\/agria-zenithcropsciences.com\/es\/wp-json\/wp\/v2\/product_cat?post=6368"},{"taxonomy":"product_tag","embeddable":true,"href":"https:\/\/agria-zenithcropsciences.com\/es\/wp-json\/wp\/v2\/product_tag?post=6368"}],"curies":[{"name":"wp","href":"https:\/\/api.w.org\/{rel}","templated":true}]}}