{"id":6387,"date":"2020-02-13T22:55:02","date_gmt":"2020-02-13T20:55:02","guid":{"rendered":"https:\/\/agria-zenithcropsciences.com\/product\/copforce-extra-2\/"},"modified":"2020-06-08T01:35:31","modified_gmt":"2020-06-07T22:35:31","slug":"copforce-extra-2","status":"publish","type":"product","link":"https:\/\/agria-zenithcropsciences.com\/es\/product\/copforce-extra-2\/","title":{"rendered":"COPFORCE\u00ae EXTRA"},"content":{"rendered":"","protected":false},"excerpt":{"rendered":"<p>Blattfungizid mit sch\u00fctzender und kurativer Wirkung f\u00fcr die Bek\u00e4mpfung des sp\u00e4ten Mehltau der Kartoffel und Tomaten, und des falschen Mehltau der Weinrebe.<\/p>\n<p><strong>Wirkstoffe<\/strong><strong>: <\/strong>60 g\/kg Cymoxanil + 461 g\/kg Copper hydroxide<\/p>\n<p><strong>Art der Formulierung<\/strong><strong>: <\/strong>Wasserdispergierbares Granulat (WDG)<\/p>\n","protected":false},"featured_media":5181,"comment_status":"closed","ping_status":"closed","template":"","meta":[],"product_brand":[],"product_cat":[604,605],"product_tag":[],"class_list":{"0":"post-6387","1":"product","2":"type-product","3":"status-publish","4":"has-post-thumbnail","6":"product_cat-fungizide-2-es","7":"product_cat-products-austria-es","9":"first","10":"instock","11":"shipping-taxable","12":"product-type-simple"},"_links":{"self":[{"href":"https:\/\/agria-zenithcropsciences.com\/es\/wp-json\/wp\/v2\/product\/6387","targetHints":{"allow":["GET"]}}],"collection":[{"href":"https:\/\/agria-zenithcropsciences.com\/es\/wp-json\/wp\/v2\/product"}],"about":[{"href":"https:\/\/agria-zenithcropsciences.com\/es\/wp-json\/wp\/v2\/types\/product"}],"replies":[{"embeddable":true,"href":"https:\/\/agria-zenithcropsciences.com\/es\/wp-json\/wp\/v2\/comments?post=6387"}],"wp:featuredmedia":[{"embeddable":true,"href":"https:\/\/agria-zenithcropsciences.com\/es\/wp-json\/wp\/v2\/media\/5181"}],"wp:attachment":[{"href":"https:\/\/agria-zenithcropsciences.com\/es\/wp-json\/wp\/v2\/media?parent=6387"}],"wp:term":[{"taxonomy":"product_brand","embeddable":true,"href":"https:\/\/agria-zenithcropsciences.com\/es\/wp-json\/wp\/v2\/product_brand?post=6387"},{"taxonomy":"product_cat","embeddable":true,"href":"https:\/\/agria-zenithcropsciences.com\/es\/wp-json\/wp\/v2\/product_cat?post=6387"},{"taxonomy":"product_tag","embeddable":true,"href":"https:\/\/agria-zenithcropsciences.com\/es\/wp-json\/wp\/v2\/product_tag?post=6387"}],"curies":[{"name":"wp","href":"https:\/\/api.w.org\/{rel}","templated":true}]}}