{"id":6389,"date":"2020-02-13T22:33:02","date_gmt":"2020-02-13T20:33:02","guid":{"rendered":"https:\/\/agria-zenithcropsciences.com\/product\/rival-duo-2\/"},"modified":"2020-06-08T01:19:33","modified_gmt":"2020-06-07T22:19:33","slug":"rival-duo-2","status":"publish","type":"product","link":"https:\/\/agria-zenithcropsciences.com\/es\/product\/rival-duo-2\/","title":{"rendered":"RIVAL DUO\u00ae"},"content":{"rendered":"","protected":false},"excerpt":{"rendered":"<p>Syst\u00e9mov\u00fd fungicid s ochrann\u00fdm a kurativn\u00edm \u00fa\u010dinkem pro pot\u00edr\u00e1n\u00ed pl\u00edsn\u011b bramborov\u00e9 (<em>Phytophthora<\/em> <em>infestans<\/em>) na brambor\u00e1ch.<\/p>\n<p>Tento v\u00fdrobek je suspenzn\u00ed koncentr\u00e1t (SC), kter\u00fd obsahuje 400 g\/l propamocarb hydrochloridu a 50 g\/l cymoxanilu.<\/p>\n<p><strong>Slo\u017een\u00ed: <\/strong>400 g\/l propamocarb hydrochloride + 50 g\/l cymoxanil<\/p>\n<p><strong>Typ formulace<\/strong><strong>: <\/strong>Suspenzn\u00ed koncentr\u00e1t (SC)<\/p>\n<p><strong>Jin\u00e9 dostupn\u00e9 obchodn\u00ed n\u00e1zvy: OMIX DUO<sup>\u00a9<\/sup><\/strong><\/p>\n","protected":false},"featured_media":5387,"comment_status":"closed","ping_status":"closed","template":"","meta":[],"product_brand":[],"product_cat":[610,611],"product_tag":[],"class_list":{"0":"post-6389","1":"product","2":"type-product","3":"status-publish","4":"has-post-thumbnail","6":"product_cat-fungicid-es","7":"product_cat-products-czech-republic-es","9":"first","10":"instock","11":"shipping-taxable","12":"product-type-simple"},"_links":{"self":[{"href":"https:\/\/agria-zenithcropsciences.com\/es\/wp-json\/wp\/v2\/product\/6389","targetHints":{"allow":["GET"]}}],"collection":[{"href":"https:\/\/agria-zenithcropsciences.com\/es\/wp-json\/wp\/v2\/product"}],"about":[{"href":"https:\/\/agria-zenithcropsciences.com\/es\/wp-json\/wp\/v2\/types\/product"}],"replies":[{"embeddable":true,"href":"https:\/\/agria-zenithcropsciences.com\/es\/wp-json\/wp\/v2\/comments?post=6389"}],"wp:featuredmedia":[{"embeddable":true,"href":"https:\/\/agria-zenithcropsciences.com\/es\/wp-json\/wp\/v2\/media\/5387"}],"wp:attachment":[{"href":"https:\/\/agria-zenithcropsciences.com\/es\/wp-json\/wp\/v2\/media?parent=6389"}],"wp:term":[{"taxonomy":"product_brand","embeddable":true,"href":"https:\/\/agria-zenithcropsciences.com\/es\/wp-json\/wp\/v2\/product_brand?post=6389"},{"taxonomy":"product_cat","embeddable":true,"href":"https:\/\/agria-zenithcropsciences.com\/es\/wp-json\/wp\/v2\/product_cat?post=6389"},{"taxonomy":"product_tag","embeddable":true,"href":"https:\/\/agria-zenithcropsciences.com\/es\/wp-json\/wp\/v2\/product_tag?post=6389"}],"curies":[{"name":"wp","href":"https:\/\/api.w.org\/{rel}","templated":true}]}}