{"id":6398,"date":"2020-02-13T22:30:18","date_gmt":"2020-02-13T20:30:18","guid":{"rendered":"https:\/\/agria-zenithcropsciences.com\/product\/stretch-2\/"},"modified":"2021-09-11T17:53:53","modified_gmt":"2021-09-11T14:53:53","slug":"stretch-2","status":"publish","type":"product","link":"https:\/\/agria-zenithcropsciences.com\/es\/product\/stretch-2\/","title":{"rendered":"STRETCH\u00ae"},"content":{"rendered":"","protected":false},"excerpt":{"rendered":"<p>Selektivn\u00ed herbicid zam\u011b\u0159en na boj proti ekonomicky d\u016fle\u017eit\u00fdm obiln\u00fdm a listnat\u00fdm plevel\u016fm a taky proti n\u011bkter\u00fdm vytrval\u00fdm plevel\u016fm v kuku\u0159ici ur\u010den\u00fd k postemergentn\u00edmu huben\u00ed po jej\u00edm vzejit\u00ed.<\/p>\n<p><strong>Slo\u017een\u00ed: <\/strong>40 g\/l Nicosulfuron<\/p>\n<p><strong>Typ formulace<\/strong><strong>: <\/strong>olejov\u00e1 disperze (OD)<\/p>\n<p><span lang=\"BG\"><b>Jin\u00e9 dostupn\u00e9 obchodn\u00ed n\u00e1zvy<\/b>:\u00a0<b>DUCEL\u00ae ,\u00a0<\/b><\/span><b><span lang=\"EN-GB\">CRASHER<\/span><\/b><b><span lang=\"BG\">\u00ae<\/span><\/b><\/p>\n","protected":false},"featured_media":4958,"comment_status":"closed","ping_status":"closed","template":"","meta":[],"product_brand":[],"product_cat":[613,611],"product_tag":[],"class_list":{"0":"post-6398","1":"product","2":"type-product","3":"status-publish","4":"has-post-thumbnail","6":"product_cat-herbicid-es","7":"product_cat-products-czech-republic-es","9":"first","10":"instock","11":"shipping-taxable","12":"product-type-simple"},"_links":{"self":[{"href":"https:\/\/agria-zenithcropsciences.com\/es\/wp-json\/wp\/v2\/product\/6398","targetHints":{"allow":["GET"]}}],"collection":[{"href":"https:\/\/agria-zenithcropsciences.com\/es\/wp-json\/wp\/v2\/product"}],"about":[{"href":"https:\/\/agria-zenithcropsciences.com\/es\/wp-json\/wp\/v2\/types\/product"}],"replies":[{"embeddable":true,"href":"https:\/\/agria-zenithcropsciences.com\/es\/wp-json\/wp\/v2\/comments?post=6398"}],"wp:featuredmedia":[{"embeddable":true,"href":"https:\/\/agria-zenithcropsciences.com\/es\/wp-json\/wp\/v2\/media\/4958"}],"wp:attachment":[{"href":"https:\/\/agria-zenithcropsciences.com\/es\/wp-json\/wp\/v2\/media?parent=6398"}],"wp:term":[{"taxonomy":"product_brand","embeddable":true,"href":"https:\/\/agria-zenithcropsciences.com\/es\/wp-json\/wp\/v2\/product_brand?post=6398"},{"taxonomy":"product_cat","embeddable":true,"href":"https:\/\/agria-zenithcropsciences.com\/es\/wp-json\/wp\/v2\/product_cat?post=6398"},{"taxonomy":"product_tag","embeddable":true,"href":"https:\/\/agria-zenithcropsciences.com\/es\/wp-json\/wp\/v2\/product_tag?post=6398"}],"curies":[{"name":"wp","href":"https:\/\/api.w.org\/{rel}","templated":true}]}}