{"id":6402,"date":"2020-02-13T22:27:49","date_gmt":"2020-02-13T20:27:49","guid":{"rendered":"https:\/\/agria-zenithcropsciences.com\/product\/corida-2\/"},"modified":"2021-09-11T17:54:36","modified_gmt":"2021-09-11T14:54:36","slug":"corida-2","status":"publish","type":"product","link":"https:\/\/agria-zenithcropsciences.com\/es\/product\/corida-2\/","title":{"rendered":"CORIDA\u00ae"},"content":{"rendered":"","protected":false},"excerpt":{"rendered":"<p>Selektivn\u00ed herbicid ve forme mikrogranul\u00e1tu dispergovateln\u00e9ho ve vod\u011b s kr\u00e1tk\u00fdm rezidu\u00e1ln\u00edm \u00fa\u010dinkem k postemergentn\u00ed aplikaci v obilnin\u00e1ch bez podsevu proti jednolet\u00fdm dvoud\u011blo\u017en\u00fdm plevel\u016fm. <strong>CORIDA<sup>\u00ae<\/sup><\/strong> erwies sich bei Anwendung gem\u00e4\u00df Gebrauchsanleitung in allen gepr\u00fcften Getreidearten als wirksam.<\/p>\n<p><strong>Slo\u017een\u00ed: <\/strong>750 g\/kg Tribenuron-methyl<\/p>\n<p><strong>Typ formulace<\/strong><strong>:<\/strong> Vod\u011b dispergovateln\u00e9 granule (WG)<\/p>\n<p><span lang=\"BG\"><b>Jin\u00e9 dostupn\u00e9 obchodn\u00ed n\u00e1zvy<\/b>:\u00a0<b>ADENTIS\u00ae,\u00a0<\/b><\/span><b><span lang=\"EN-GB\">ANIMUS<\/span><\/b><b><span lang=\"BG\">\u00ae, RONI\u00ae \u00a075 WDG<\/span><\/b><\/p>\n","protected":false},"featured_media":6874,"comment_status":"closed","ping_status":"closed","template":"","meta":[],"product_brand":[],"product_cat":[613,611],"product_tag":[],"class_list":{"0":"post-6402","1":"product","2":"type-product","3":"status-publish","4":"has-post-thumbnail","6":"product_cat-herbicid-es","7":"product_cat-products-czech-republic-es","9":"first","10":"instock","11":"shipping-taxable","12":"product-type-simple"},"_links":{"self":[{"href":"https:\/\/agria-zenithcropsciences.com\/es\/wp-json\/wp\/v2\/product\/6402","targetHints":{"allow":["GET"]}}],"collection":[{"href":"https:\/\/agria-zenithcropsciences.com\/es\/wp-json\/wp\/v2\/product"}],"about":[{"href":"https:\/\/agria-zenithcropsciences.com\/es\/wp-json\/wp\/v2\/types\/product"}],"replies":[{"embeddable":true,"href":"https:\/\/agria-zenithcropsciences.com\/es\/wp-json\/wp\/v2\/comments?post=6402"}],"wp:featuredmedia":[{"embeddable":true,"href":"https:\/\/agria-zenithcropsciences.com\/es\/wp-json\/wp\/v2\/media\/6874"}],"wp:attachment":[{"href":"https:\/\/agria-zenithcropsciences.com\/es\/wp-json\/wp\/v2\/media?parent=6402"}],"wp:term":[{"taxonomy":"product_brand","embeddable":true,"href":"https:\/\/agria-zenithcropsciences.com\/es\/wp-json\/wp\/v2\/product_brand?post=6402"},{"taxonomy":"product_cat","embeddable":true,"href":"https:\/\/agria-zenithcropsciences.com\/es\/wp-json\/wp\/v2\/product_cat?post=6402"},{"taxonomy":"product_tag","embeddable":true,"href":"https:\/\/agria-zenithcropsciences.com\/es\/wp-json\/wp\/v2\/product_tag?post=6402"}],"curies":[{"name":"wp","href":"https:\/\/api.w.org\/{rel}","templated":true}]}}