{"id":6404,"date":"2020-02-13T22:24:28","date_gmt":"2020-02-13T20:24:28","guid":{"rendered":"https:\/\/agria-zenithcropsciences.com\/product\/nasa-2\/"},"modified":"2020-06-08T01:21:44","modified_gmt":"2020-06-07T22:21:44","slug":"nasa-2","status":"publish","type":"product","link":"https:\/\/agria-zenithcropsciences.com\/es\/product\/nasa-2\/","title":{"rendered":"NASA\u00ae"},"content":{"rendered":"","protected":false},"excerpt":{"rendered":"<p>Syst\u00e9mov\u00fd herbicid proti jednolet\u00fdm i vytrval\u00fdm jednod\u011blo\u017en\u00fdm i dvoud\u011blo\u017en\u00fdm plevel\u016fm ur\u010den\u00fd k pou\u017eit\u00ed na orn\u00e9 p\u016fd\u011b, v poln\u00edch plodin\u00e1ch mimo \u0159epky olejky, v cukrovce, v \u0159ep\u011b krmn\u00e9, v jehli\u010dnanech, v listnat\u00fdch d\u0159evin\u00e1ch, ve vinohradech, v j\u00e1drovin\u00e1ch, na cest\u00e1ch, v parc\u00edch a alej\u00edch, na nezem\u011bd\u011blsk\u00e9 p\u016fd\u011b, na \u017eeleznici, v obilnin\u00e1ch p\u0159ed sklizn\u00ed, k obnov\u011b TTP na louk\u00e1ch a pastvin\u00e1ch, a obnov\u011b tr\u00e1vn\u00edk\u016f v tr\u00e1vn\u00edc\u00edch.<\/p>\n<p><strong>Slo\u017een\u00ed <\/strong><strong>:<\/strong> 360 g\/l Glyphosate<\/p>\n<p><strong>Typ formulace :<\/strong> \u00a0\u00a0Rozpustn\u00fd koncentr\u00e1t (SL)<\/p>\n","protected":false},"featured_media":5411,"comment_status":"closed","ping_status":"closed","template":"","meta":[],"product_brand":[],"product_cat":[613,611],"product_tag":[],"class_list":{"0":"post-6404","1":"product","2":"type-product","3":"status-publish","4":"has-post-thumbnail","6":"product_cat-herbicid-es","7":"product_cat-products-czech-republic-es","9":"first","10":"instock","11":"shipping-taxable","12":"product-type-simple"},"_links":{"self":[{"href":"https:\/\/agria-zenithcropsciences.com\/es\/wp-json\/wp\/v2\/product\/6404","targetHints":{"allow":["GET"]}}],"collection":[{"href":"https:\/\/agria-zenithcropsciences.com\/es\/wp-json\/wp\/v2\/product"}],"about":[{"href":"https:\/\/agria-zenithcropsciences.com\/es\/wp-json\/wp\/v2\/types\/product"}],"replies":[{"embeddable":true,"href":"https:\/\/agria-zenithcropsciences.com\/es\/wp-json\/wp\/v2\/comments?post=6404"}],"wp:featuredmedia":[{"embeddable":true,"href":"https:\/\/agria-zenithcropsciences.com\/es\/wp-json\/wp\/v2\/media\/5411"}],"wp:attachment":[{"href":"https:\/\/agria-zenithcropsciences.com\/es\/wp-json\/wp\/v2\/media?parent=6404"}],"wp:term":[{"taxonomy":"product_brand","embeddable":true,"href":"https:\/\/agria-zenithcropsciences.com\/es\/wp-json\/wp\/v2\/product_brand?post=6404"},{"taxonomy":"product_cat","embeddable":true,"href":"https:\/\/agria-zenithcropsciences.com\/es\/wp-json\/wp\/v2\/product_cat?post=6404"},{"taxonomy":"product_tag","embeddable":true,"href":"https:\/\/agria-zenithcropsciences.com\/es\/wp-json\/wp\/v2\/product_tag?post=6404"}],"curies":[{"name":"wp","href":"https:\/\/api.w.org\/{rel}","templated":true}]}}