{"id":6422,"date":"2020-01-22T16:15:16","date_gmt":"2020-01-22T14:15:16","guid":{"rendered":"https:\/\/agria-zenithcropsciences.com\/product\/nasa-zenest\/"},"modified":"2020-01-22T16:15:16","modified_gmt":"2020-01-22T14:15:16","slug":"nasa-zenest","status":"publish","type":"product","link":"https:\/\/agria-zenithcropsciences.com\/es\/product\/nasa-zenest\/","title":{"rendered":"NASA\u00ae\/ ZENEST\u00ae"},"content":{"rendered":"","protected":false},"excerpt":{"rendered":"<p><strong>Erbicid total, sistemic, postemergent \u015fi neselectiv pentru combaterea buruienilor monocotiledonate \u015fi dicotiledonate anuale \u015fi perene<\/strong><\/p>\n<p><strong>Con\u0163ine<\/strong>:\u00a0 360 g\/l glifosat<\/p>\n<p><strong>Formulare<\/strong>: Concentrat solubil (SL)<\/p>\n<p><strong>a doua denumire comerciala:<\/strong><strong> ZENEST<sup>\u00ae<\/sup><\/strong><\/p>\n","protected":false},"featured_media":3589,"comment_status":"closed","ping_status":"closed","template":"","meta":[],"product_brand":[],"product_cat":[624,625],"product_tag":[],"class_list":{"0":"post-6422","1":"product","2":"type-product","3":"status-publish","4":"has-post-thumbnail","6":"product_cat-erbicide-es","7":"product_cat-productos-romania-es","9":"first","10":"instock","11":"shipping-taxable","12":"product-type-simple"},"_links":{"self":[{"href":"https:\/\/agria-zenithcropsciences.com\/es\/wp-json\/wp\/v2\/product\/6422","targetHints":{"allow":["GET"]}}],"collection":[{"href":"https:\/\/agria-zenithcropsciences.com\/es\/wp-json\/wp\/v2\/product"}],"about":[{"href":"https:\/\/agria-zenithcropsciences.com\/es\/wp-json\/wp\/v2\/types\/product"}],"replies":[{"embeddable":true,"href":"https:\/\/agria-zenithcropsciences.com\/es\/wp-json\/wp\/v2\/comments?post=6422"}],"wp:featuredmedia":[{"embeddable":true,"href":"https:\/\/agria-zenithcropsciences.com\/es\/wp-json\/wp\/v2\/media\/3589"}],"wp:attachment":[{"href":"https:\/\/agria-zenithcropsciences.com\/es\/wp-json\/wp\/v2\/media?parent=6422"}],"wp:term":[{"taxonomy":"product_brand","embeddable":true,"href":"https:\/\/agria-zenithcropsciences.com\/es\/wp-json\/wp\/v2\/product_brand?post=6422"},{"taxonomy":"product_cat","embeddable":true,"href":"https:\/\/agria-zenithcropsciences.com\/es\/wp-json\/wp\/v2\/product_cat?post=6422"},{"taxonomy":"product_tag","embeddable":true,"href":"https:\/\/agria-zenithcropsciences.com\/es\/wp-json\/wp\/v2\/product_tag?post=6422"}],"curies":[{"name":"wp","href":"https:\/\/api.w.org\/{rel}","templated":true}]}}